{"id":39264,"date":"2021-08-27T08:00:25","date_gmt":"2021-08-27T07:00:25","guid":{"rendered":"https:\/\/grappa.no\/?post_type=product&#038;p=39264"},"modified":"2021-08-27T09:47:37","modified_gmt":"2021-08-27T08:47:37","slug":"catch-the-flu-urverk-7","status":"publish","type":"product","link":"https:\/\/grappa.no\/no\/albums\/grappa\/catch-the-flu-urverk-7\/","title":{"rendered":"Catch the Flu (URverk 8)"},"content":{"rendered":"<p><\/p>\n<p class=\"Body\">URverk er en serie p\u00e5 12 utgivelser med l\u00e5ter skrevet og spilt inn i perioden 1977 til og med 1988. Dette er en samling av dr\u00f8mmer, dr\u00f8mmen om \u00e5 bli rockestjerner. N\u00e5 er vi kommet fram til URverk 8 og albumet &#8220;Catch the Flu&#8221;.<\/p>\n<p>&nbsp;<\/p>\n<p><!--more--><\/p>\n<p>Catch the Flu er kanskje det s\u00e6reste albumet i URverkserien.<\/p>\n<p>L\u00e5tene er p\u00e5 engelsk og skrevet og innspilt i perioden 1981 til 1984. Dette var viktige \u00e5r i Ulf Risnes sitt liv. Det faktum at han nesten utelukkende holdt p\u00e5 med musikk ble godt kamuflert ved at han ogs\u00e5 studerte ved universitetet, en aktivitet som roet ned hans mor og hennes venninner, og ga han arbeidsro.<\/p>\n<p>&#8220;Jeg spilte i det Gurgles mk II til v\u00e5ren 1982, da vi ga oss etter \u00e5 ha debutert med singelen &#8220;Trude c\/w N\u00e5la Mi. Etter oppl\u00f8sninga av bandet ble det ikke s\u00e5 mange livespillinger, og noe nytt band ble ikke startet, selv om Luna Luna og Gurus of the New Head-on-ism var till\u00f8p som ikke ble noe mer enn en konsert p\u00e5 rockeklubben i Trondheim. Men innspillingene fortsatte. H\u00f8sten 82 kj\u00f8pte jeg en leilighet i Storflata 1 sammen med kompis Morten Bygstad, og det frigjorde b\u00e5de plass og tid til mer br\u00e5k. Det var ikke mer popul\u00e6rt at jeg spilte trommer i blokka der vi flytta inn, enn det hadde v\u00e6rt i blokka jeg flytta fra, men dersom det ikke p\u00e5gikk for lenge gikk det an. Jeg hadde oppgradert &#8220;studio&#8221; med en b\u00e5ndspiller til, l\u00e5nt fra kompis Dag. Dette gjorde det mulig for meg \u00e5 legge lyd p\u00e5 lyd i stereo, noe jeg var veldig forn\u00f8yd med. Sangene p\u00e5 denne plata er i mange forskjellige sjangere, fra kryptisk visepop til hard rock. Jeg s\u00e5 ikke p\u00e5 musikken som en mulig levevei, men kunne ikke leve uten, og eksperimenterte fritt&#8221; &#8211; Ulf Risnes, august 2021<\/p>\n<p>URverk best\u00e5r totalt av hele 12 album, ett og ett vil slippes hver m\u00e5ned i 2021. Albumene slippes p\u00e5 vinyl og alle sammen kommer med tekster og bilder fra perioden sangene ble spilt inn og med \u00e8n garanti: hjemmelaget!<\/p>\n<p><\/p>","protected":false},"excerpt":{"rendered":"<p class=\"Body\">URverk er en serie p\u00e5 12 utgivelser med l\u00e5ter skrevet og spilt inn i perioden 1977 til og med 1988. Dette er en samling av dr\u00f8mmer, dr\u00f8mmen om \u00e5 bli rockestjerner. N\u00e5 er vi kommet fram til URverk 8 og albumet &#8220;Catch the Flu&#8221;.<\/p>\n","protected":false},"featured_media":39265,"comment_status":"closed","ping_status":"closed","template":"","meta":[],"product_brand":[],"product_cat":[6],"product_tag":[],"class_list":{"0":"post-39264","1":"product","2":"type-product","3":"status-publish","4":"has-post-thumbnail","6":"product_cat-grappa","7":"product_shipping_class-cddvd-shipping","8":"uni_main_artist_tag-ulf-risnes","10":"first","11":"instock","12":"taxable","13":"shipping-taxable","14":"purchasable","15":"product-type-simple"},"_links":{"self":[{"href":"https:\/\/grappa.no\/no\/wp-json\/wp\/v2\/product\/39264","targetHints":{"allow":["GET"]}}],"collection":[{"href":"https:\/\/grappa.no\/no\/wp-json\/wp\/v2\/product"}],"about":[{"href":"https:\/\/grappa.no\/no\/wp-json\/wp\/v2\/types\/product"}],"replies":[{"embeddable":true,"href":"https:\/\/grappa.no\/no\/wp-json\/wp\/v2\/comments?post=39264"}],"wp:featuredmedia":[{"embeddable":true,"href":"https:\/\/grappa.no\/no\/wp-json\/wp\/v2\/media\/39265"}],"wp:attachment":[{"href":"https:\/\/grappa.no\/no\/wp-json\/wp\/v2\/media?parent=39264"}],"wp:term":[{"taxonomy":"product_brand","embeddable":true,"href":"https:\/\/grappa.no\/no\/wp-json\/wp\/v2\/product_brand?post=39264"},{"taxonomy":"product_cat","embeddable":true,"href":"https:\/\/grappa.no\/no\/wp-json\/wp\/v2\/product_cat?post=39264"},{"taxonomy":"product_tag","embeddable":true,"href":"https:\/\/grappa.no\/no\/wp-json\/wp\/v2\/product_tag?post=39264"}],"curies":[{"name":"wp","href":"https:\/\/api.w.org\/{rel}","templated":true}]}}