{"id":39245,"date":"2021-08-21T13:56:12","date_gmt":"2021-08-21T12:56:12","guid":{"rendered":"https:\/\/grappa.no\/?post_type=product&#038;p=39245"},"modified":"2021-09-20T10:28:51","modified_gmt":"2021-09-20T09:28:51","slug":"pre-order-mr-temptation","status":"publish","type":"product","link":"https:\/\/grappa.no\/no\/albums\/grappa\/pre-order-mr-temptation\/","title":{"rendered":"Mr. Temptation"},"content":{"rendered":"<p>\u00a0 Historien til Oslobandet Three Souls er \u00e5tte mann lang, og startet delvis p\u00e5 ungdomsskolen. Mest av alt er det en historie om kj\u00e6rlighet til musikk, helst spilt live. Om jazz, klassisk og RnB, men ikke overraskende for alle som har h\u00f8rt dem, aller mest om lidenskapen for Soul og Funk. N\u00e5 slipper oktetten sitt debutalbum, som har f\u00e5tt tittelen Mr. Temptation, navngitt etter den st\u00f8rste fristelsen av dem alle &#8211; musikken.<\/p>\n<p><!--more--><\/p>\n<p>Three Souls er noe s\u00e5 sjeldent som et ungt \u00e5ttemanns funkband fra Oslo som leverer energiske, og groovy konserter og l\u00e5ter. Med tekster fra sin egen samtid og musikalske r\u00f8tter som stikker langt ned i den gamle skattkista med tidl\u00f8s Soul og Jazz, pluss en eminent bl\u00e5serekke og karismatisk frontmann, er det lett \u00e5 forst\u00e5 hvordan denne gjengen solgt ut konserter og sjarmert livepublikum i lengre tid.<\/p>\n<p>Anderson .Paak, Hiatus Kaiyote og D&#8217;Angelo blir av bandet selv trukket frem som inspirasjonskilder, i tillegg til \u00e5penbare nikk til storheter som James Brown og Parliment\/Funkadelic.<\/p>\n<p><\/p>","protected":false},"excerpt":{"rendered":"<p>\u00a0 Three Souls sitt debutalbum har f\u00e5tt tittelen Mr. Temptation, navngitt etter den st\u00f8rste fristelsen av dem alle &#8211; musikken.<\/p>\n","protected":false},"featured_media":39242,"comment_status":"open","ping_status":"closed","template":"","meta":[],"product_brand":[],"product_cat":[6],"product_tag":[],"class_list":{"0":"post-39245","1":"product","2":"type-product","3":"status-publish","4":"has-post-thumbnail","6":"product_cat-grappa","7":"product_shipping_class-cddvd-shipping","8":"uni_artist_tag-three-souls","9":"uni_main_artist_tag-three-souls","10":"uni_artist_genre-funk","11":"uni_artist_genre-soul","13":"first","14":"instock","15":"taxable","16":"shipping-taxable","17":"purchasable","18":"product-type-simple"},"_links":{"self":[{"href":"https:\/\/grappa.no\/no\/wp-json\/wp\/v2\/product\/39245","targetHints":{"allow":["GET"]}}],"collection":[{"href":"https:\/\/grappa.no\/no\/wp-json\/wp\/v2\/product"}],"about":[{"href":"https:\/\/grappa.no\/no\/wp-json\/wp\/v2\/types\/product"}],"replies":[{"embeddable":true,"href":"https:\/\/grappa.no\/no\/wp-json\/wp\/v2\/comments?post=39245"}],"wp:featuredmedia":[{"embeddable":true,"href":"https:\/\/grappa.no\/no\/wp-json\/wp\/v2\/media\/39242"}],"wp:attachment":[{"href":"https:\/\/grappa.no\/no\/wp-json\/wp\/v2\/media?parent=39245"}],"wp:term":[{"taxonomy":"product_brand","embeddable":true,"href":"https:\/\/grappa.no\/no\/wp-json\/wp\/v2\/product_brand?post=39245"},{"taxonomy":"product_cat","embeddable":true,"href":"https:\/\/grappa.no\/no\/wp-json\/wp\/v2\/product_cat?post=39245"},{"taxonomy":"product_tag","embeddable":true,"href":"https:\/\/grappa.no\/no\/wp-json\/wp\/v2\/product_tag?post=39245"}],"curies":[{"name":"wp","href":"https:\/\/api.w.org\/{rel}","templated":true}]}}