{"id":392,"date":"2008-11-24T00:00:00","date_gmt":"2008-11-23T23:00:00","guid":{"rendered":"http:\/\/www.grappa.no\/albums\/uncategorized\/det-lyser-i-stille-grender\/"},"modified":"2016-11-18T16:34:32","modified_gmt":"2016-11-18T15:34:32","slug":"det-lyser-i-stille-grender","status":"publish","type":"product","link":"https:\/\/grappa.no\/no\/albums\/simax-classics\/det-lyser-i-stille-grender\/","title":{"rendered":"Det Lyser i Stille Grender"},"content":{"rendered":"<p><\/p>\n<p>Julen synges inn av Oslo Domkirkes Guttekor<\/p>\n<p>Oslo Domkirkes Guttekor er klar med sin f\u00f8rste juleplate. V\u00e5re kj\u00e6reste julesanger i nydelige arrangementer \u2013 s\u00e5 vakkert og uskyldsrent som det bare kan bli med guttekor. Blant solistene p\u00e5 platen finner vi ogs\u00e5 en ung internasjonal st\u00f8rrelse med fortid i koret; barytonen Johannes Weisser.<\/p>\n<p>Oslo Domkirkes Guttekor har sine \u00f8velser og konserter midt i hjertet av Oslo. Deres sentrale medvirkning i Domkirkes popul\u00e6re julekonserter er blitt et viktig varemerke for koret. Guttenes entusiasme og glede smitter over p\u00e5 tilh\u00f8rerne, og den helt spesielle klangen av Oslo Domkirkes Guttekor har for mange blitt en viktig del av juletradisjonen. <\/p>\n<p>Flere av v\u00e5re profesjonelle sangere har hatt tilknytning til Oslo Domkirkes Guttekor. . Til denne utgivelsen har koret invitert tilbake tidligere medlem Johannes Weisser som solist. Siden debuten i 2004 har Weisser v\u00e6rt en aktiv og etterspurt solist, og han gj\u00f8r for tiden store roller p\u00e5 operascener over hele Europa. Marianne Beate Kielland var tidligere sangpedagog for guttekoret, og er i dag en av de fremste mezzo-sopraner i Skandinavia, med jevnlige engasjementer blant andre Oslo Filharmoniske Orkester, Akademie f\u00fcr alte Musik Berlin og Bach Collegium Japan. Fra korets egne rekker kommer sopransolisten Benjamin T. Isachsen, som begynte i guttekoret allerede som 5-\u00e5ring. Han benyttes som solist i en rekke sammenhenger, blant annet med Grex Vocalis og Kringkastingsorkestrets innspilling av Arne Nordheims Draumkvedet, som vant Spellemannprisen i 2006.<\/p>\n<p><!--more--><\/p>\n<p>Oslo Domkirkes Guttekor er klar med sin f\u00f8rste juleplate. V\u00e5re kj\u00e6reste julesanger i nydelige arrangementer \u2013 s\u00e5 vakkert og uskyldsrent som det bare kan bli med guttekor. Blant solistene p\u00e5 platen finner vi ogs\u00e5 en ung internasjonal st\u00f8rrelse med fortid i koret; barytonen Johannes Weisser.<\/p>\n<h4>Engelsk tradisjon<\/h4>\n<p>Oslo Domkirkes Guttekor er bygget opp i tradisjonen fra engelske katedralkor. Guttene synger sopranstemmen, mens de \u00f8vrige stemmene synges av herrer. Samtlige kormedlemmer f\u00e5r individuell sangundervisning, og koret samarbeider jevnlig med profesjonelle musikere og sangere. Oslo Domkirkes Guttekor ble startet i 1985 med Terje Kvam og Carl H\u00f8gset som initiativtakere. Korets virksomhet omfatter konserter, deltagelse i Domkirkens rike gudstjenesteliv, turn\u00e9er i inn- og utland samt samarbeid med andre guttekor og ulike orkestre. Magne H. Draagen har v\u00e6rt korets dirigent og kunstneriske leder siden 2002, og han har ogs\u00e5 skrevet en rekke av arrangementene p\u00e5 denne platen.<\/p>\n<h4>Solister i s\u00e6rklasse \u2013 fra egne rekker<\/h4>\n<p>Flere av v\u00e5re profesjonelle sangere har hatt tilknytning til Oslo Domkirkes Guttekor. Til denne utgivelsen har koret invitert tilbake tidligere medlem Johannes Weisser som solist. Siden debuten i 2004 har Weisser v\u00e6rt en aktiv og etterspurt solist, og han gj\u00f8r for tiden store roller p\u00e5 operascener over hele Europa. Marianne Beate Kielland var tidligere sangpedagog for guttekoret, og er i dag en av de fremste mezzo-sopraner i Skandinavia, med jevnlige engasjementer blant andre Oslo Filharmoniske Orkester, Akademie f\u00fcr alte Musik Berlin og Bach Collegium Japan. Fra korets egne rekker kommer sopransolisten Benjamin T. Isachsen, som begynte i guttekoret allerede som 5-\u00e5ring. Han benyttes som solist i en rekke sammenhenger, blant annet med Grex Vocalis og Kringkastingsorkestrets innspilling av Arne Nordheims Draumkvedet, som vant Spellemannprisen i 2006.<\/p>\n<h4><\/h4>\n<\/p>\n<p><\/p>","protected":false},"excerpt":{"rendered":"<p>&#8211; et usl\u00e5elig niv\u00e5. [Adresseavisa]<\/p>\n","protected":false},"featured_media":27521,"comment_status":"closed","ping_status":"open","template":"","meta":[],"product_brand":[],"product_cat":[180],"product_tag":[],"class_list":{"0":"post-392","1":"product","2":"type-product","3":"status-publish","4":"has-post-thumbnail","6":"product_cat-simax-classics","7":"product_shipping_class-cddvd-shipping","8":"uni_artist_tag-adolphe-c-adam","9":"uni_artist_tag-benjamin-thorsen-isachsen","10":"uni_artist_tag-camille-saint-saens","11":"uni_artist_tag-cesar-franck","12":"uni_artist_tag-franz-gruber","13":"uni_artist_tag-johannes-brahms","14":"uni_artist_tag-johannes-weisser","15":"uni_artist_tag-magne-h-draagen","16":"uni_artist_tag-marianne-beate-kielland","17":"uni_artist_tag-michael-praetorius","18":"uni_artist_tag-oslo-domkirkes-guttekor","19":"uni_artist_tag-trad","20":"uni_artist_tag-vegard-landaas","21":"uni_main_artist_tag-oslo-domkirkes-guttekor","22":"uni_artist_genre-a-cappella","23":"uni_artist_genre-choir","24":"uni_artist_genre-christmas-music","26":"first","27":"instock","28":"taxable","29":"shipping-taxable","30":"purchasable","31":"product-type-simple"},"_links":{"self":[{"href":"https:\/\/grappa.no\/no\/wp-json\/wp\/v2\/product\/392","targetHints":{"allow":["GET"]}}],"collection":[{"href":"https:\/\/grappa.no\/no\/wp-json\/wp\/v2\/product"}],"about":[{"href":"https:\/\/grappa.no\/no\/wp-json\/wp\/v2\/types\/product"}],"replies":[{"embeddable":true,"href":"https:\/\/grappa.no\/no\/wp-json\/wp\/v2\/comments?post=392"}],"wp:featuredmedia":[{"embeddable":true,"href":"https:\/\/grappa.no\/no\/wp-json\/wp\/v2\/media\/27521"}],"wp:attachment":[{"href":"https:\/\/grappa.no\/no\/wp-json\/wp\/v2\/media?parent=392"}],"wp:term":[{"taxonomy":"product_brand","embeddable":true,"href":"https:\/\/grappa.no\/no\/wp-json\/wp\/v2\/product_brand?post=392"},{"taxonomy":"product_cat","embeddable":true,"href":"https:\/\/grappa.no\/no\/wp-json\/wp\/v2\/product_cat?post=392"},{"taxonomy":"product_tag","embeddable":true,"href":"https:\/\/grappa.no\/no\/wp-json\/wp\/v2\/product_tag?post=392"}],"curies":[{"name":"wp","href":"https:\/\/api.w.org\/{rel}","templated":true}]}}