{"id":39177,"date":"2021-07-30T13:00:21","date_gmt":"2021-07-30T12:00:21","guid":{"rendered":"https:\/\/grappa.no\/?post_type=product&#038;p=39177"},"modified":"2021-07-30T13:25:18","modified_gmt":"2021-07-30T12:25:18","slug":"urverk7","status":"publish","type":"product","link":"https:\/\/grappa.no\/no\/albums\/grappa\/urverk7\/","title":{"rendered":"F\u00f8r \u00c6 D\u00f8r (URverk 7)"},"content":{"rendered":"<p><\/p>\n<p class=\"Body\">URverk er en serie p\u00e5 12 utgivelser med l\u00e5ter skrevet og spilt inn i perioden 1977 til og med 1988. Dette er en samling av dr\u00f8mmer, dr\u00f8mmen om \u00e5 bli rockestjerner. N\u00e5 er vi kommet fram til URverk 7 og albumet &#8220;F\u00f8r \u00c6 D\u00f8r&#8221;.<\/p>\n<p>&nbsp;<\/p>\n<p><!--more--><\/p>\n<p>&#8220;I 1981 ble jeg med i mitt f\u00f8rste ekte band, med trommer, bass og sologitarist. Bandet fikk samme navn som kompisgjengen p\u00e5 Munkvoll. Vi ga ut de beste av l\u00e5tene v\u00e5re i 2013 p\u00e5 albumet det Gurgles!. Men da jeg begynte \u00e5 jobbe med URVERK fant jeg sv\u00e6rt lite fra 81, bandet tok all energien jeg hadde til musikk, og fokuset skiftet fra opptak til \u00e5 spille live. Men de gamle b\u00e5ndene er ikke den eneste kilden til materiale til URverk. I tillegg til opptak har jeg flere permer fylt med tekster, og der fant jeg ganske mange som ikke var innspilt. Det rare er at jeg fortsatt husker sangene, selv om de bare er notert med tekst og besifring og ingen noter. Dette er sterkt nok bevis for meg p\u00e5 at sangene har t\u00e5lt tidens tann.<\/p>\n<p>Sangene p\u00e5 F\u00f8r \u00c6 D\u00f8r er nesten alle slike glemte l\u00e5ter, funnet i permer. De er spilt inn i to omganger, den f\u00f8rste rundt 2000, da valgte jeg de l\u00e5tene jeg trodde Sola og Jonna ville like best, dvs de mest utadvendte og morsomme l\u00e5tene: Onenaneni, Klar te Dyst Etc.<\/p>\n<p>De andre l\u00e5tene har jeg spilt inn i 2018, og er et direkte resultat av at jeg begynte med URverkprosjektet. Disse l\u00e5tene er mer innadvendte og filosofiske, veldig opptatt av d\u00f8den.<\/p>\n<p>Knut Juel fra det Gurgles har stilt opp som trommis, p\u00e5 l\u00e5ter som gjerne kunne blitt spilt av Gurgles Mk II. Dermed er F\u00f8r \u00c6 D\u00f8r et overgangsalbum, mellom Gurgles MK I og II. De er ogs\u00e5 de siste sangene som ble skrevet i Stabells veg,&#8221; &#8211; Ulf Risnes, juli 2021<\/p>\n<p>Ett og ett album av URverk-serien slippes hver m\u00e5ned p\u00e5 vinyl, hvor alle sammen kommer med tekster og bilder fra perioden sangene ble spilt inn, og med \u00e8n garanti: hjemmelaget!<\/p>\n<p><\/p>","protected":false},"excerpt":{"rendered":"<p class=\"Body\">URverk er en serie p\u00e5 12 utgivelser med l\u00e5ter skrevet og spilt inn i perioden 1977 til og med 1988. Dette er en samling av dr\u00f8mmer, dr\u00f8mmen om \u00e5 bli rockestjerner. N\u00e5 er vi kommet fram til URverk 7 og albumet &#8220;F\u00f8r \u00c6 D\u00f8r&#8221;.<\/p>\n","protected":false},"featured_media":39178,"comment_status":"closed","ping_status":"closed","template":"","meta":[],"product_brand":[],"product_cat":[6],"product_tag":[],"class_list":{"0":"post-39177","1":"product","2":"type-product","3":"status-publish","4":"has-post-thumbnail","6":"product_cat-grappa","7":"product_shipping_class-cddvd-shipping","8":"uni_artist_tag-ulf-risnes","9":"uni_main_artist_tag-ulf-risnes","10":"uni_artist_genre-pop","11":"uni_artist_genre-rock","13":"first","14":"instock","15":"taxable","16":"shipping-taxable","17":"purchasable","18":"product-type-simple"},"_links":{"self":[{"href":"https:\/\/grappa.no\/no\/wp-json\/wp\/v2\/product\/39177","targetHints":{"allow":["GET"]}}],"collection":[{"href":"https:\/\/grappa.no\/no\/wp-json\/wp\/v2\/product"}],"about":[{"href":"https:\/\/grappa.no\/no\/wp-json\/wp\/v2\/types\/product"}],"replies":[{"embeddable":true,"href":"https:\/\/grappa.no\/no\/wp-json\/wp\/v2\/comments?post=39177"}],"wp:featuredmedia":[{"embeddable":true,"href":"https:\/\/grappa.no\/no\/wp-json\/wp\/v2\/media\/39178"}],"wp:attachment":[{"href":"https:\/\/grappa.no\/no\/wp-json\/wp\/v2\/media?parent=39177"}],"wp:term":[{"taxonomy":"product_brand","embeddable":true,"href":"https:\/\/grappa.no\/no\/wp-json\/wp\/v2\/product_brand?post=39177"},{"taxonomy":"product_cat","embeddable":true,"href":"https:\/\/grappa.no\/no\/wp-json\/wp\/v2\/product_cat?post=39177"},{"taxonomy":"product_tag","embeddable":true,"href":"https:\/\/grappa.no\/no\/wp-json\/wp\/v2\/product_tag?post=39177"}],"curies":[{"name":"wp","href":"https:\/\/api.w.org\/{rel}","templated":true}]}}