{"id":39159,"date":"2021-06-25T00:10:14","date_gmt":"2021-06-24T23:10:14","guid":{"rendered":"https:\/\/grappa.no\/?post_type=product&#038;p=39159"},"modified":"2021-06-24T22:04:42","modified_gmt":"2021-06-24T21:04:42","slug":"dreamland-urverk-6","status":"publish","type":"product","link":"https:\/\/grappa.no\/no\/albums\/grappa\/dreamland-urverk-6\/","title":{"rendered":"Dreamland (URverk 6)"},"content":{"rendered":"<p><\/p>\n<p class=\"Body\">URverk er en serie p\u00e5 12 utgivelser med l\u00e5ter skrevet og spilt inn i perioden 1977 til og med 1988. Dette er en samling av dr\u00f8mmer, dr\u00f8mmen om \u00e5 bli rockestjerner. N\u00e5 er vi kommet fram til URverk 6 og albumet &#8220;Dreamland&#8221;.<\/p>\n<p>&nbsp;<\/p>\n<p><!--more--><\/p>\n<p>&#8220;\u00c5 jobbe med URverk har v\u00e6rt en lang prosess. F\u00f8rst m\u00e5tte jeg digitalisere femti timer fra spoleb\u00e5nd, f\u00f8r jeg overf\u00f8rte \u00e5tte timer til fra kassetter. Etter \u00e5 endelig ha funnet en b\u00e5ndspiller. Da jeg endelig ble ferdig med det kunne jeg begynne \u00e5 lytte til hva jeg hadde overf\u00f8rt, og den f\u00f8rste sangen jeg falt for selv var &#8220;Have You Ever Had A Nightmare&#8221;. Den var spilt inn med bare sang og akustisk gitar, og jeg falt for b\u00e5de sangen og fremf\u00f8ringa. Det var da jeg skj\u00f8nte at jeg lyttet til en person som ikke lenger var meg, men som allikevel var meg. Og som var veldig god!, forteller Ulf.<\/p>\n<p>Jeg bestemte meg sporenstreks for \u00e5 bli den erfarne produsenten denne unge spretten trengte. URverk 6, &#8220;Dreamland&#8221; , inneholder denne sangen, og flere i samme sjanger. Myke, redde, s\u00f8te, akustiske sanger innspilt p\u00e5 gutterommet i Stabellsveg 7. Gjerne p\u00e5 nattestid. Dette er nattmusikken jeg trodde var for fin i sangen Bjarne Beinhard p\u00e5 URverk nummer 5. Dette er den unge Ulf ingen visste om&#8230;&#8221; &#8211; Ulf Risnes, juni 2021<\/p>\n<p>Ett og ett album av URverk-serien slippes hver m\u00e5ned p\u00e5 vinyl, hvor alle sammen kommer med tekster og bilder fra perioden sangene ble spilt inn, og med \u00e8n garanti: hjemmelaget!<\/p>\n<p><\/p>","protected":false},"excerpt":{"rendered":"<p class=\"Body\">URverk er en serie p\u00e5 12 utgivelser med l\u00e5ter skrevet og spilt inn i perioden 1977 til og med 1988. Dette er en samling av dr\u00f8mmer, dr\u00f8mmen om \u00e5 bli rockestjerner. N\u00e5 er vi kommet fram til URverk 6 og albumet &#8220;Dreamland&#8221;.<\/p>\n","protected":false},"featured_media":39160,"comment_status":"closed","ping_status":"closed","template":"","meta":[],"product_brand":[],"product_cat":[6],"product_tag":[],"class_list":{"0":"post-39159","1":"product","2":"type-product","3":"status-publish","4":"has-post-thumbnail","6":"product_cat-grappa","7":"product_shipping_class-cddvd-shipping","8":"uni_artist_tag-ulf-risnes","9":"uni_main_artist_tag-ulf-risnes","10":"uni_artist_genre-norsk","11":"uni_artist_genre-pop","12":"uni_artist_genre-rock","14":"first","15":"instock","16":"taxable","17":"shipping-taxable","18":"purchasable","19":"product-type-simple"},"_links":{"self":[{"href":"https:\/\/grappa.no\/no\/wp-json\/wp\/v2\/product\/39159","targetHints":{"allow":["GET"]}}],"collection":[{"href":"https:\/\/grappa.no\/no\/wp-json\/wp\/v2\/product"}],"about":[{"href":"https:\/\/grappa.no\/no\/wp-json\/wp\/v2\/types\/product"}],"replies":[{"embeddable":true,"href":"https:\/\/grappa.no\/no\/wp-json\/wp\/v2\/comments?post=39159"}],"wp:featuredmedia":[{"embeddable":true,"href":"https:\/\/grappa.no\/no\/wp-json\/wp\/v2\/media\/39160"}],"wp:attachment":[{"href":"https:\/\/grappa.no\/no\/wp-json\/wp\/v2\/media?parent=39159"}],"wp:term":[{"taxonomy":"product_brand","embeddable":true,"href":"https:\/\/grappa.no\/no\/wp-json\/wp\/v2\/product_brand?post=39159"},{"taxonomy":"product_cat","embeddable":true,"href":"https:\/\/grappa.no\/no\/wp-json\/wp\/v2\/product_cat?post=39159"},{"taxonomy":"product_tag","embeddable":true,"href":"https:\/\/grappa.no\/no\/wp-json\/wp\/v2\/product_tag?post=39159"}],"curies":[{"name":"wp","href":"https:\/\/api.w.org\/{rel}","templated":true}]}}