{"id":39150,"date":"2021-06-18T14:47:30","date_gmt":"2021-06-18T13:47:30","guid":{"rendered":"https:\/\/grappa.no\/?post_type=product&#038;p=39150"},"modified":"2021-12-17T11:18:41","modified_gmt":"2021-12-17T10:18:41","slug":"liveintelemark","status":"publish","type":"product","link":"https:\/\/grappa.no\/no\/albums\/heilo\/liveintelemark\/","title":{"rendered":"Live in Telemark"},"content":{"rendered":"<p><\/p>\n<div class=\"\">\n<p>Lillebj\u00f8rn Nilsen og irske Andy Irvine hadde allerede kjent hverandre i 17 \u00e5r. Da de i 1994 ble\u00a0 invitert til \u00e5 holde en\u00a0 konsert p\u00e5 Telemarkfestivalen ble det de begge hadde dr\u00f8mt om, en realitet. De som var der fikk oppleve en sjelden konsert og n\u00e5 er liveopptaket endelig ute som album.<\/p>\n<\/div>\n<p><!--more--><\/p>\n<p>&nbsp;<\/p>\n<div class=\"\">\n<p>Lillebj\u00f8rn Nilsen og irske Andy Irvine hadde allerede kjent hverandre i 17 \u00e5r. Da de i 1994 ble\u00a0 invitert til \u00e5 holde en\u00a0 konsert p\u00e5 Telemarkfestivalen ble det de begge hadde dr\u00f8mt om, en realitet. De som var der fikk oppleve en sjelden konsert og n\u00e5 skal liveopptaket endelig utgis som album.<\/p>\n<p>Hvis det ikke hadde v\u00e6rt for invitasjonen fra Telemarkfestivalen, hadde det kanskje g\u00e5tt 17 \u00e5r til.<\/p>\n<p>&#8211; &#8220;Vi m\u00f8ttes i sommer da jeg var p\u00e5 bes\u00f8k i Dublin. Men, vi hadde s\u00e5 mye \u00e5 snakke om at det rett og slett ikke var tid til \u00e5 \u00f8ve. I dag var alts\u00e5 f\u00f8rste gang vi virkelig satte oss ned og gikk gjennom materialet v\u00e5rt.\u00bb<\/p>\n<p>Albumet er fylt av et fantastisk utvalg l\u00e5ter, b\u00e5de seri\u00f8se og humoristiske, men felles er det at alle er preget av to artister i toppform. Norsk og irsk folkemusikk g\u00e5r h\u00e5nd i h\u00e5nd p\u00e5 en beundringsverdig m\u00e5te.<\/p>\n<p>&#8211; &#8220;Vi var p\u00e5 samme b\u00f8lgelengde fra det \u00f8yeblikket vi m\u00f8ttes,&#8221; sa Andy Irvine. Og den l\u00f8rdagen ga dette publikum en uforglemmelig opplevelse.<\/p>\n<p>De to gitar-trubadurene utfyller hverandre perfekt, musikalsk s\u00e5 vel som tematisk. N\u00e5r Lillebj\u00f8rn Nilsen synger om den norske emigranten som ble Jenta fra Chicago, kontrer Andy Irvine med den irske emigranten i Indiana.<\/p>\n<p>En stor takk m\u00e5 rettes til Kjell Bitust\u00f8yl som var folkemusikkarkivar p\u00e5 denne tiden og tok initiativet til \u00e5 ta opp konserten i 1994, og Folkemusikkarkivet i Telemark ved Kari L\u00f8nnestad som har levert opptaket fra konserten.<\/p>\n<p><strong>Andy Irvine<\/strong> er kjent som en av de st\u00f8rste irske visesangerne og blir referert til som \u201den tradisjon selv\u201d, med en stemme som blir sett p\u00e5 som en av de virkelige store og som representerer \u00abIrlands sjel\u00bb. Gjennom sin 50 \u00e5r lange karriere som omreisende trubadur, har han fulgt i sporene til sin st\u00f8rste inspirasjon, Woody Guthrie.<\/p>\n<p>Han er kjent som roret i en rekke legendariske band som den musikkpioneren han er (blant annet Sweeney\u2019s Men, Planxty, Patrick Street).<\/p>\n<\/div>\n<p><strong>Lillebj\u00f8rn Nilsen<\/strong> er en norsk sanger, l\u00e5tskriver og folkemusiker som f\u00e5 i Norge ikke kjenner til. Totalt har han fem Spellemannspriser b\u00e5de som soloartist og som en del av st\u00f8rre grupper. Han blir ofte omtalt som Norges \u201dFolkekonge\u201d.<\/p>\n<p>","protected":false},"excerpt":{"rendered":"<p>Lillebj\u00f8rn Nilsen og irske Andy Irvine hadde allerede kjent hverandre i 17 \u00e5r. Da de i 1994 ble\u00a0 invitert til \u00e5 holde en\u00a0 konsert p\u00e5 Telemarkfestivalen ble det de begge hadde dr\u00f8mt om, en realitet. De som var der fikk oppleve en sjelden konsert og n\u00e5 er liveopptaket endelig ute som album.<\/p>\n","protected":false},"featured_media":39151,"comment_status":"closed","ping_status":"closed","template":"","meta":[],"product_brand":[],"product_cat":[35],"product_tag":[],"class_list":{"0":"post-39150","1":"product","2":"type-product","3":"status-publish","4":"has-post-thumbnail","6":"product_cat-heilo","7":"product_shipping_class-cddvd-shipping","8":"uni_main_artist_tag-lillebjorn-nilsen-andy-irvine","10":"first","11":"instock","12":"taxable","13":"shipping-taxable","14":"purchasable","15":"product-type-simple"},"_links":{"self":[{"href":"https:\/\/grappa.no\/no\/wp-json\/wp\/v2\/product\/39150","targetHints":{"allow":["GET"]}}],"collection":[{"href":"https:\/\/grappa.no\/no\/wp-json\/wp\/v2\/product"}],"about":[{"href":"https:\/\/grappa.no\/no\/wp-json\/wp\/v2\/types\/product"}],"replies":[{"embeddable":true,"href":"https:\/\/grappa.no\/no\/wp-json\/wp\/v2\/comments?post=39150"}],"wp:featuredmedia":[{"embeddable":true,"href":"https:\/\/grappa.no\/no\/wp-json\/wp\/v2\/media\/39151"}],"wp:attachment":[{"href":"https:\/\/grappa.no\/no\/wp-json\/wp\/v2\/media?parent=39150"}],"wp:term":[{"taxonomy":"product_brand","embeddable":true,"href":"https:\/\/grappa.no\/no\/wp-json\/wp\/v2\/product_brand?post=39150"},{"taxonomy":"product_cat","embeddable":true,"href":"https:\/\/grappa.no\/no\/wp-json\/wp\/v2\/product_cat?post=39150"},{"taxonomy":"product_tag","embeddable":true,"href":"https:\/\/grappa.no\/no\/wp-json\/wp\/v2\/product_tag?post=39150"}],"curies":[{"name":"wp","href":"https:\/\/api.w.org\/{rel}","templated":true}]}}