{"id":39142,"date":"2021-06-11T12:00:32","date_gmt":"2021-06-11T11:00:32","guid":{"rendered":"https:\/\/grappa.no\/?post_type=product&#038;p=39142"},"modified":"2021-06-11T12:58:45","modified_gmt":"2021-06-11T11:58:45","slug":"flagstad-the-opera","status":"publish","type":"product","link":"https:\/\/grappa.no\/no\/albums\/simax-classics\/flagstad-the-opera\/","title":{"rendered":"Flagstad &#8211; The Opera"},"content":{"rendered":"<p><\/p>\n<p>Endelig en opera om den verdensber\u00f8mte sopranen Kirsten Flagstad!<br \/>\nI denne operaen m\u00f8ter vi Kirsten Flagstad p\u00e5 Rikshospitalet i de siste timene av hennes liv. Her ser hun tilbake p\u00e5 sitt liv, sine triumfer og sine mest smertefulle nederlag. En ung sykepleier blir en fortrolig samtalepartner og venn. N\u00e5 kan hun snakke fritt.<\/p>\n<p><!--more--><\/p>\n<p>Sjangermessig kan operaen beskrives\u00a0som melodisk med lyriske og dramatiske trekk.<\/p>\n<p>Librettoen er basert p\u00e5 det kritikerroste teaterstykket\u00a0<em>Flagstad \u2013 Triumph and Tragedy av Einar Bj\u00f8rge s<\/em>om ble sv\u00e6rt godt mottatt i New York i 2014. B\u00e5de operaen og teaterstykket, er basert p\u00e5 unikt kildemateriale om Flagstads liv og karriere blant annet fra arkivene ved Kirsten Flagstad Museet p\u00e5 Hamar.<\/p>\n<p>Kirsten Flagstad (1895 \u2013 1962) blir ofte rett og slett omtalt som \u00abstemmen\u00bb \u2013 og regnes fortsatt som verdens fremste Wagner-sopran. Stemmen hennes har blant annet blitt beskrevet som \u00absmeltende gull p\u00e5 sort fl\u00f8yel\u00bb. Flagstad hadde allerede en etablert karriere i Norge og Skandinavia med et variert repertoar, men da hun debuterte som Sieglinde i Wagners\u00a0<em>Valkyrien\u00a0<\/em>i 1935 ble hun fort utropt til stjerne. Publikum i salen og radio-lyttere fra hele New York flokket seg rundt sceneinngangen for \u00e5 f\u00e5 et glimt av denne nye fenomenale sangerinnen fra Norge. Flagstads internasjonale karriere var med ett i gang, og hun turnerte over hele verden med et omfattende konsertrepertoar i tillegg til hovedroller ved de fleste ledende operahus.<\/p>\n<p>Privat var Kirsten Flagstad en sv\u00e6rt sjenert og sky person. Da den andre verdenskrig br\u00f8t ut, ville hun bare hjem til ektemannen og familien i Norge. Men som den pliktoppfyllende og profesjonelle kunster hun var, ville hun f\u00f8rst gj\u00f8re ferdig sesongen hun hadde inng\u00e5tt kontrakt for ved Metropolitan i New York. I mellomtiden gikk USA med i krigen og det \u00e5 reise hjem ble n\u00e6rmest umulig.<\/p>\n<p>Da krigen var over, d\u00f8de ektemannen i fangenskap. Livet ble aldri det samme for Kirsten Flagstad, og hun trakk seg tilbake til landstedet Amalienborg ved Kristiansand selv om hun fortsatte \u00e5 synge. \u00c5 bli utnevnt til den f\u00f8rste sjef for Den Norske Opera i 1958 var en stor oppreisning for henne, men da var hun allerede alvorlig syk av kreft.<\/p>\n<p>I hovedrollen som Kirsten Flagstad m\u00f8ter vi den internasjonalt anerkjente norske sopranen Birgitte Christensen.\u00a0Musikken er komponert av Ketil Bj\u00f8rnstad med libretto av Einar Bj\u00f8rge som ogs\u00e5 har regien. Denne nye operaen er bestilt og produsert av Oslo Operafestival ved Gj\u00f8ril Songvoll og musikalsk arrangement og\u00a0orkestrering\u00a0er gjort av\u00a0pianist\u00a0Stefan Ibsen Zlatanos.<\/p>\n<p><strong><em>FLAGSTAD \u2013 THE OPERA\u00a0<\/em><\/strong>h sin urpremiere p\u00e5 Hamar, Kirsten Flagstads f\u00f8dested, <em>11. juni 2021<\/em>, og samme dag slippes utgivelsen p\u00e5 CD (ink.DVD). Opptaket\u00a0er fra generalpr\u00f8ven p\u00e5 scene 2 i Den Norske Opera i november 2020. (Dagen f\u00f8r operahuset og resten av kulturlivet i Oslo igjen m\u00e5tte stenges ned p\u00e5 grunn av koronapandemien).<\/p>\n<p><\/p>","protected":false},"excerpt":{"rendered":"<p>Endelig en opera om den verdensber\u00f8mte sopranen Kirsten Flagstad!<br \/>\nI denne operaen m\u00f8ter vi Kirsten Flagstad p\u00e5 Rikshospitalet i de siste timene av hennes liv. Her ser hun tilbake p\u00e5 sitt liv, sine triumfer og sine mest smertefulle nederlag. En ung sykepleier blir en fortrolig samtalepartner og venn. N\u00e5 kan hun snakke fritt.<\/p>\n","protected":false},"featured_media":39144,"comment_status":"closed","ping_status":"closed","template":"","meta":[],"product_brand":[],"product_cat":[180],"product_tag":[],"class_list":{"0":"post-39142","1":"product","2":"type-product","3":"status-publish","4":"has-post-thumbnail","6":"product_cat-simax-classics","7":"product_shipping_class-cddvd-shipping","8":"uni_main_artist_tag-birgitte-christensen","9":"uni_artist_genre-opera","11":"first","12":"instock","13":"taxable","14":"shipping-taxable","15":"purchasable","16":"product-type-simple"},"_links":{"self":[{"href":"https:\/\/grappa.no\/no\/wp-json\/wp\/v2\/product\/39142","targetHints":{"allow":["GET"]}}],"collection":[{"href":"https:\/\/grappa.no\/no\/wp-json\/wp\/v2\/product"}],"about":[{"href":"https:\/\/grappa.no\/no\/wp-json\/wp\/v2\/types\/product"}],"replies":[{"embeddable":true,"href":"https:\/\/grappa.no\/no\/wp-json\/wp\/v2\/comments?post=39142"}],"wp:featuredmedia":[{"embeddable":true,"href":"https:\/\/grappa.no\/no\/wp-json\/wp\/v2\/media\/39144"}],"wp:attachment":[{"href":"https:\/\/grappa.no\/no\/wp-json\/wp\/v2\/media?parent=39142"}],"wp:term":[{"taxonomy":"product_brand","embeddable":true,"href":"https:\/\/grappa.no\/no\/wp-json\/wp\/v2\/product_brand?post=39142"},{"taxonomy":"product_cat","embeddable":true,"href":"https:\/\/grappa.no\/no\/wp-json\/wp\/v2\/product_cat?post=39142"},{"taxonomy":"product_tag","embeddable":true,"href":"https:\/\/grappa.no\/no\/wp-json\/wp\/v2\/product_tag?post=39142"}],"curies":[{"name":"wp","href":"https:\/\/api.w.org\/{rel}","templated":true}]}}