{"id":39133,"date":"2021-05-28T08:00:36","date_gmt":"2021-05-28T07:00:36","guid":{"rendered":"https:\/\/grappa.no\/?post_type=product&#038;p=39133"},"modified":"2021-05-27T10:18:47","modified_gmt":"2021-05-27T09:18:47","slug":"7045-urverk-5","status":"publish","type":"product","link":"https:\/\/grappa.no\/no\/albums\/grappa\/7045-urverk-5\/","title":{"rendered":"7045 (URverk 5)"},"content":{"rendered":"<p><\/p>\n<p class=\"Body\">URverk er en serie p\u00e5 12 utgivelser med l\u00e5ter skrevet og spilt inn i perioden 1977 til og med 1988. Dette er en samling av dr\u00f8mmer, dr\u00f8mmen om \u00e5 bli rockestjerner. N\u00e5 er vi kommet fram til URverk 5, og alle l\u00e5tene p\u00e5 dette albumet er skrevet i 1980.<\/p>\n<p>&nbsp;<\/p>\n<p><!--more--><\/p>\n<p class=\"p1\">&#8221; Jeg hadde blitt med kompis Morten Bygstad p\u00e5<span class=\"Apple-converted-space\">\u00a0 <\/span>kibbutz i Israel fra september 79 til mars 80, og f\u00f8lte at jeg hadde opplevd mye mens jeg var borte. Men tiden hadde ikke st\u00e5tt stille i Trondheim heller. Sola hadde l\u00e5nt gitaren min, og var blitt ganske god. I tillegg hadde han blitt med i et band, Tjoms and the Hamburgers, med Tjoms p\u00e5 vokal, og Peder p\u00e5 bass. De spilte t\u00f8ff rock, l\u00e5ter skrevet av bandets maestro, Lars Abelseth. Jeg kunne ikke v\u00e6re d\u00e5rligere selv og ble med i et band den 5 september, med Knut Juel, Anders Haagensli og Bj\u00f8rn Erik Munkvold.<span class=\"Apple-converted-space\">\u00a0 <\/span>Dette bandet fikk ogs\u00e5 navnet det Gurgles, jeg kaller det Gurgles MK II. P\u00e5 Urverk 5 finner du l\u00e5ter som Trude og N\u00e5la Mi, som kom p\u00e5 single i mai 82, og ogs\u00e5 finnes p\u00e5 albumet &#8220;det Gurgles!&#8221; som kom i 2013, med besetningen fra MK II. Denne plata har mer samfunnsengasjerte tekster, med l\u00e5ter som &#8220;(Itjn\u00e5 Ska F\u00e5 \u00d8dlegg) Lykka Mi&#8221;, og &#8220;En Vei Ut&#8221;. I &#8220;Hjernevask&#8221; f\u00e5r milit\u00e6ret passet sitt p\u00e5skrevet. Jeg hadde v\u00e6rt ivrig p\u00e5 sesjon tidlig i 79, men \u00e5ret i mellom hadde dempet iveren betraktelig, og jeg dimma etter en uke p\u00e5 Trandum. &#8220;7045 Munkvoll&#8221; viser ogs\u00e5 at flere enn meg hadde talent for \u00e5 skrive l\u00e5ter, her finner du &#8220;Skittr\u00f8nderv\u00e6r&#8221; av Torkel Mohn, og &#8220;Kj\u00e6kk \u00c6&#8221; av Sola. I tillegg hadde Peder med seg to l\u00e5ter, &#8220;Svineri&#8221; og &#8220;Bart P\u00e5 Tissen&#8221;. Sistnevnte er en artig sak som ble framf\u00f8rt flere ganger som ekstranummer p\u00e5 konserter med Tre Sm\u00e5 Kinesere rundt 89-90. URverk nr 5 \u00e5pner med punkete &#8220;Bjarne Beinhard&#8221;, en l\u00e5t jeg skrev etter \u00e5 ha sett Wannskr\u00e6kk for f\u00f8rste gang. De hadde bl.a en l\u00e5t som het noe s\u00e5nt som &#8220;Vann Ut Pilsen&#8221; som vi syntes var utrolig latterlig. Det skulle vise seg ved bedre bekjentskap at disse gutta var langt fra latterlige, og p\u00e5 h\u00f8sten 81 ble Sola med i Wannskr\u00e6kk. Det h\u00f8rer med til historien at Sola har fremf\u00f8rt denne p\u00e5 mangt et nachspiel med bandet, og de har tatt det med godt hum\u00f8r. 7045 Munkvoll var min postadresse p\u00e5 denne tiden, da jeg fortsatt bodde i Stabells Veg 7B.&#8221; &#8211; Ulf Risnes , mai 2021<\/p>\n<p>Ett og ett album av URverk-serien slippes hver m\u00e5ned p\u00e5 vinyl, hvor alle sammen kommer med tekster og bilder fra perioden sangene ble spilt inn, og med \u00e8n garanti: hjemmelaget!<\/p>\n<p><\/p>","protected":false},"excerpt":{"rendered":"<p class=\"Body\">URverk er en serie p\u00e5 12 utgivelser med l\u00e5ter skrevet og spilt inn i perioden 1977 til og med 1988. Dette er en samling av dr\u00f8mmer, dr\u00f8mmen om \u00e5 bli rockestjerner. N\u00e5 er vi kommet fram til URverk 5, og alle l\u00e5tene p\u00e5 dette albumet er skrevet i 1980.<\/p>\n","protected":false},"featured_media":39134,"comment_status":"closed","ping_status":"closed","template":"","meta":[],"product_brand":[],"product_cat":[6],"product_tag":[],"class_list":{"0":"post-39133","1":"product","2":"type-product","3":"status-publish","4":"has-post-thumbnail","6":"product_cat-grappa","7":"product_shipping_class-cddvd-shipping","8":"uni_artist_tag-ulf-risnes","9":"uni_main_artist_tag-ulf-risnes","10":"uni_artist_genre-norsk-pop","11":"uni_artist_genre-rock","13":"first","14":"instock","15":"taxable","16":"shipping-taxable","17":"purchasable","18":"product-type-simple"},"_links":{"self":[{"href":"https:\/\/grappa.no\/no\/wp-json\/wp\/v2\/product\/39133","targetHints":{"allow":["GET"]}}],"collection":[{"href":"https:\/\/grappa.no\/no\/wp-json\/wp\/v2\/product"}],"about":[{"href":"https:\/\/grappa.no\/no\/wp-json\/wp\/v2\/types\/product"}],"replies":[{"embeddable":true,"href":"https:\/\/grappa.no\/no\/wp-json\/wp\/v2\/comments?post=39133"}],"wp:featuredmedia":[{"embeddable":true,"href":"https:\/\/grappa.no\/no\/wp-json\/wp\/v2\/media\/39134"}],"wp:attachment":[{"href":"https:\/\/grappa.no\/no\/wp-json\/wp\/v2\/media?parent=39133"}],"wp:term":[{"taxonomy":"product_brand","embeddable":true,"href":"https:\/\/grappa.no\/no\/wp-json\/wp\/v2\/product_brand?post=39133"},{"taxonomy":"product_cat","embeddable":true,"href":"https:\/\/grappa.no\/no\/wp-json\/wp\/v2\/product_cat?post=39133"},{"taxonomy":"product_tag","embeddable":true,"href":"https:\/\/grappa.no\/no\/wp-json\/wp\/v2\/product_tag?post=39133"}],"curies":[{"name":"wp","href":"https:\/\/api.w.org\/{rel}","templated":true}]}}