{"id":39101,"date":"2021-04-30T08:49:42","date_gmt":"2021-04-30T07:49:42","guid":{"rendered":"https:\/\/grappa.no\/?post_type=product&#038;p=39101"},"modified":"2021-04-30T09:08:31","modified_gmt":"2021-04-30T08:08:31","slug":"wrong-side-of-the-river-urverk-4","status":"publish","type":"product","link":"https:\/\/grappa.no\/no\/albums\/grappa\/wrong-side-of-the-river-urverk-4\/","title":{"rendered":"Wrong Side of The River (URverk 4)"},"content":{"rendered":"<p><\/p>\n<p class=\"Body\">URverk er en serie p\u00e5 12 utgivelser med l\u00e5ter skrevet og spilt inn i perioden 1977 til og med 1988. Dette er en samling av dr\u00f8mmer, dr\u00f8mmen om \u00e5 bli rockestjerner. N\u00e5 er vi kommet fram til URverk 4, \u00e5ret er 1979, og her m\u00f8ter vi THE Gurgles, for her synges det p\u00e5 engelsk!<\/p>\n<p>&nbsp;<\/p>\n<p><!--more--><\/p>\n<p>&#8220;Det var egentlig bare jeg som kunne spille noe som helst instrument blant de jeg kjente i 1979. Da jeg begynte \u00e5 spille inn gjorde jeg derfor alt selv. Men det gnagde at innspillingene dermed ble i mono. \u00c5 h\u00f8re musikk i stereo i det hele tatt var vanskelig \u00e5 f\u00e5 til tidlig p\u00e5 s\u00f8ttitallet, men etter hvert begynte stereoanleggene \u00e5 bli tilgjengelig for den mindre bemidlede dele av befolkningen. Jeg glemmer aldri da jeg h\u00f8rte &#8220;Immigrant Song&#8221; med Zeppelin p\u00e5 naboguttens stereoanlegg for f\u00f8rste gang. Dermed ble min aller f\u00f8rste store investering et slikt anlegg. Det var derfor jeg konfirmerte meg. Men musikken var viktig for oss alle, og det var ikke vanskelig \u00e5 f\u00e5 med seg kompiser p\u00e5 \u00e5 spille inn sanger. Men det var desto vanskeligere \u00e5 spille dem. Jeg m\u00e5tte l\u00e6re opp folk underveis, og noen talenter sto etterhvert frem, selv om virtuositet ikke er noe du vil finne her&#8221; &#8211; Ulf Risnes<\/p>\n<p>URverk 4 er nok et gl\u00f8tt inn i galskapen som r\u00e5det i guttegjengen til Ulf Risnes p\u00e5 Munkvoll i Trondheim tilbake p\u00e5 s\u00f8ttitallet. Samtidig sniker det seg ogs\u00e5 noen mer s\u00e5rbare ting innimellom, og Ulf Risnes sin mor f\u00e5r \u00e6ren av b\u00e5de \u00e5 \u00e5pne og ikke minst avslutte URverk 4, The Wrong Side of The River.<\/p>\n<p>Ett og ett album av URverk-serien slippes hver m\u00e5ned p\u00e5 vinyl, hvor alle sammen kommer med tekster og bilder fra perioden sangene ble spilt inn, og med \u00e8n garanti: hjemmelaget!<\/p>\n<p>&nbsp;<\/p>\n<p><\/p>","protected":false},"excerpt":{"rendered":"<p class=\"Body\">URverk er en serie p\u00e5 12 utgivelser med l\u00e5ter skrevet og spilt inn i perioden 1977 til og med 1988. Dette er en samling av dr\u00f8mmer, dr\u00f8mmen om \u00e5 bli rockestjerner. N\u00e5 er vi kommet fram til URverk 4, \u00e5ret er 1979, og her m\u00f8ter vi THE Gurgles, for her synges det p\u00e5 engelsk!<\/p>\n","protected":false},"featured_media":39102,"comment_status":"closed","ping_status":"closed","template":"","meta":[],"product_brand":[],"product_cat":[6],"product_tag":[],"class_list":{"0":"post-39101","1":"product","2":"type-product","3":"status-publish","4":"has-post-thumbnail","6":"product_cat-grappa","7":"product_shipping_class-cddvd-shipping","8":"uni_artist_genre-norsk","9":"uni_artist_genre-pop","10":"uni_artist_genre-rock","12":"first","13":"instock","14":"taxable","15":"shipping-taxable","16":"purchasable","17":"product-type-simple"},"_links":{"self":[{"href":"https:\/\/grappa.no\/no\/wp-json\/wp\/v2\/product\/39101","targetHints":{"allow":["GET"]}}],"collection":[{"href":"https:\/\/grappa.no\/no\/wp-json\/wp\/v2\/product"}],"about":[{"href":"https:\/\/grappa.no\/no\/wp-json\/wp\/v2\/types\/product"}],"replies":[{"embeddable":true,"href":"https:\/\/grappa.no\/no\/wp-json\/wp\/v2\/comments?post=39101"}],"wp:featuredmedia":[{"embeddable":true,"href":"https:\/\/grappa.no\/no\/wp-json\/wp\/v2\/media\/39102"}],"wp:attachment":[{"href":"https:\/\/grappa.no\/no\/wp-json\/wp\/v2\/media?parent=39101"}],"wp:term":[{"taxonomy":"product_brand","embeddable":true,"href":"https:\/\/grappa.no\/no\/wp-json\/wp\/v2\/product_brand?post=39101"},{"taxonomy":"product_cat","embeddable":true,"href":"https:\/\/grappa.no\/no\/wp-json\/wp\/v2\/product_cat?post=39101"},{"taxonomy":"product_tag","embeddable":true,"href":"https:\/\/grappa.no\/no\/wp-json\/wp\/v2\/product_tag?post=39101"}],"curies":[{"name":"wp","href":"https:\/\/api.w.org\/{rel}","templated":true}]}}