{"id":391,"date":"2002-08-29T00:00:00","date_gmt":"2002-08-28T23:00:00","guid":{"rendered":"http:\/\/www.grappa.no\/albums\/uncategorized\/goldberg-variations\/"},"modified":"2019-02-22T15:47:38","modified_gmt":"2019-02-22T14:47:38","slug":"goldberg-variations","status":"publish","type":"product","link":"https:\/\/grappa.no\/no\/albums\/simax-classics\/goldberg-variations\/","title":{"rendered":"Goldberg Variations"},"content":{"rendered":"<p><\/p>\n<p>Goldbergvariasjonene<\/p>\n<p>Med denne utgivelsen av Goldberg fullf\u00f8rer Ketil Haugsand innspillingen av samtlige Bachs \u00abClavier\u00fcbung\u00bb for cembalo p\u00e5 Simax Classics. De to tidligere utgivelsene gikk umiddelbart inn som referanseinnspillinger verden over, og Goldberg er virkelig juvelen i kronen. Haugsands interpretasjon skraper ikke p\u00e5 overflaten, men drar deg ned i musikkens dypere lag, hele tiden med pustende, levende fraser og \u00e5rv\u00e5kenhet for linjespillet.<\/p>\n<p><!--more--><\/p>\n<p>Bare tittelen f\u00e5r hjertet til \u00e5 sl\u00e5 litt raskere hos de fleste av oss. Mange har nettopp dette verket som et sentrum i sitt private musikalske univers, et verk vi stadig vender tilbake til og alltid oppdager nye ting ved. Et variasjonsverk som t\u00f8yer alle grenser; den gamle mester Bach turnerer variasjonsformen med slik suverenitet at den rene musikken st\u00e5r tilbake.<\/p>\n<h4><\/h4>\n<p>Haugsand er professor i cembalo ved Musikkh\u00f8gskolen i K\u00f6ln, og en sentral figur i det internasjonale milj\u00f8et for tidligmusikk. Men i en samtid som nesten oversv\u00f8mmes av teoretikere og musikkforskere med stadig nye funn og teorier, minner Haugsand oss om at Bach skrev disse verkene til \u00abmusikkelskerens \u00e5ndelige fullendelse\u00bb.<br \/>\n\u00abDa kan jeg, musikkelskeren, nyte den fullkomne skj\u00f8nnheten i disse verkene, glede meg over de rike og uttrykksfulle harmonigangene, knives med de h\u00e5rreisende tekniske vanskelighetene, og rett og slett kose meg!\u00bb<\/p>\n<h4><\/h4>\n<p><h4><\/h4>\n<\/p>\n<p><\/p>","protected":false},"excerpt":{"rendered":"<p>Et variasjonsverk som t\u00f8yer alle grenser; den gamle mester Bach turnerer variasjonsformen med slik suverenitet at den rene musikken st\u00e5r tilbake.<\/p>\n","protected":false},"featured_media":27585,"comment_status":"closed","ping_status":"open","template":"","meta":[],"product_brand":[],"product_cat":[180],"product_tag":[],"class_list":{"0":"post-391","1":"product","2":"type-product","3":"status-publish","4":"has-post-thumbnail","6":"product_cat-simax-classics","7":"product_shipping_class-cddvd-shipping","8":"uni_artist_tag-arne-akselberg","9":"uni_artist_tag-johann-sebastian-bach","10":"uni_artist_tag-ketil-haugsand","11":"uni_main_artist_tag-ketil-haugsand","12":"uni_artist_genre-early-music","13":"uni_artist_genre-solo","15":"first","16":"instock","17":"taxable","18":"shipping-taxable","19":"purchasable","20":"product-type-simple"},"_links":{"self":[{"href":"https:\/\/grappa.no\/no\/wp-json\/wp\/v2\/product\/391","targetHints":{"allow":["GET"]}}],"collection":[{"href":"https:\/\/grappa.no\/no\/wp-json\/wp\/v2\/product"}],"about":[{"href":"https:\/\/grappa.no\/no\/wp-json\/wp\/v2\/types\/product"}],"replies":[{"embeddable":true,"href":"https:\/\/grappa.no\/no\/wp-json\/wp\/v2\/comments?post=391"}],"wp:featuredmedia":[{"embeddable":true,"href":"https:\/\/grappa.no\/no\/wp-json\/wp\/v2\/media\/27585"}],"wp:attachment":[{"href":"https:\/\/grappa.no\/no\/wp-json\/wp\/v2\/media?parent=391"}],"wp:term":[{"taxonomy":"product_brand","embeddable":true,"href":"https:\/\/grappa.no\/no\/wp-json\/wp\/v2\/product_brand?post=391"},{"taxonomy":"product_cat","embeddable":true,"href":"https:\/\/grappa.no\/no\/wp-json\/wp\/v2\/product_cat?post=391"},{"taxonomy":"product_tag","embeddable":true,"href":"https:\/\/grappa.no\/no\/wp-json\/wp\/v2\/product_tag?post=391"}],"curies":[{"name":"wp","href":"https:\/\/api.w.org\/{rel}","templated":true}]}}