{"id":39066,"date":"2021-04-16T13:23:52","date_gmt":"2021-04-16T12:23:52","guid":{"rendered":"https:\/\/grappa.no\/?post_type=product&#038;p=39066"},"modified":"2025-06-13T12:02:11","modified_gmt":"2025-06-13T11:02:11","slug":"freundstucke-mozart-lieder","status":"publish","type":"product","link":"https:\/\/grappa.no\/no\/albums\/simax-classics\/freundstucke-mozart-lieder\/","title":{"rendered":"Freundst\u00fccke &#8211; Mozart Lieder"},"content":{"rendered":"<p><\/p>\n<p>Herlige Mozart-sanger med Ann-Helen Moen og Liv Glaser! Skrevet f\u00f8rst og fremst for fremf\u00f8ring i private sammenkomster med musikkglade venner \u2013 Freundst\u00fccke! Klangen av det tidstypiske hammerklaveret danner rammen for en nydelig musikkopplevelse med to av v\u00e5r fremste Mozart-fortolkere.<\/p>\n<p><!--more--><\/p>\n<p>Mozart la tilsynelatende ikke selv s\u00e5 stor vekt p\u00e5 disse sangene, som ble samlet under tittelen \u00abTyske sanger til \u00e5 synge ved klaveret\u00bb i hans levetid. Men vi h\u00f8rer raskt at operaen ligge p\u00e5 lur rundt hver sving i denne musikken, og det er ingen tvil om at den ene sjangeren har inspirert den andre. Mange av de mest kjente sangene ble da ogs\u00e5 til i 1787, samme \u00e5r som operaen \u2018Don Giovanni\u2019 hadde premiere.<\/p>\n<p>&nbsp;<\/p>\n<p><strong>\u2018Kom Mai, du skj\u00f8nne milde\u2019 \u2013 selvsagt er det Mozart som har laget den!<\/strong><\/p>\n<p>I tekstheftet skriver Liv Glaser om sitt forhold til denne sangen: \u00abP\u00e5 barneskolen (folkeskolen som det den gang het ) n\u00e5r sn\u00f8 og vinter slapp taket, sang vi freidig i vei i sangtimen (som det ogs\u00e5 het den gang)\u00a0 \u2013 Kom Mai, du skj\u00f8nne milde \u2013 en sang for lys, h\u00e5p og glede! F\u00f8rst senere, da jeg for f\u00f8rste gang h\u00f8rte Rondo-satsen fra Mozarts klaverkonsert K 595 bygget over samme tema, forstod jeg at min favoritt-skolesang var fra Mozarts h\u00e5nd, den var ikke en norsk folkesang!\u2019<\/p>\n<p>&nbsp;<\/p>\n<p><strong>Ann-Helen Moen<\/strong><\/p>\n<p>Ann-Helen Moen har etablert seg som en av landets fremste sopraner, og hennes tolkninger av Mozarts operaheltinner har h\u00f8stet lovord b\u00e5de i Norge og Europa. Mozart-roller inkluderer Donna Anna, Donna Elvira og Zerlina i Don Giovanni, Pamina, Papagena og 1. Dame i Tryllefl\u00f8yten, Grevinnen i Figaros Bryllup, og Sandrina i La Finta Giardiniera. Hennes karriere spenner vidt, med repertoar fra H\u00e4ndel til Strauss og Puccini, og hun har hatt n\u00e6rt samarbeid med noen av v\u00e5re fremste dirigenter, som Ed Gardner, William Christie og Masaaki Suzuki. Hun har sin utdannelse fra Griegakademiet i Bergen og Operaakademiet i K\u00f8benhavn, hvor hun fikk kontakt med Susanna Eken som fortsatt er hennes mentor.<\/p>\n<p>&nbsp;<\/p>\n<p><strong>Liv Glaser<\/strong><\/p>\n<p>Liv Glaser er et begrep for norske musikkelskere. Helt fra debuten i 1960 er hun blitt regnet blant den norske klaverelite, med utallige konserter og opptredener i radio og TV. Hun har turnert Norge p\u00e5 kryss og tvers og gitt konserter i Europa, Midt\u00f8sten og Asia. Glaser har undervist ved Norges musikkh\u00f8gskole fra starten i 1973, ble Professor i 1994 og er fremdeles knyttet til institusjonen som timel\u00e6rer. Hun studerte med Robert Riefling i Oslo, p\u00e5 Conservatoire Sup\u00e9rieur de Musique i Paris med legendariske Vlado Perlemuter, senere hos Lev Oborin ved Moskvakonservatoriet og med Ilona Kabos og Wilhelm Kempff. I sitt virke som ut\u00f8ver og med sin undervisning har Liv Glaser bidratt sterkt til en \u00f8kt interesse for hammerklaver og for klassisk-tidlig-romantisk oppf\u00f8ringspraksis. Hun har spilt inn tallrike CDer p\u00e5 hammerklaver som har f\u00e5tt str\u00e5lende mottagelse nasjonalt og internasjonalt.<\/p>\n<p><\/p>","protected":false},"excerpt":{"rendered":"<p>Herlige Mozart-sanger med Ann-Helen Moen og Liv Glaser! Skrevet f\u00f8rst og fremst for fremf\u00f8ring i private sammenkomster med musikkglade venner \u2013 Freundst\u00fccke!<\/p>\n","protected":false},"featured_media":39060,"comment_status":"closed","ping_status":"closed","template":"","meta":[],"product_brand":[],"product_cat":[180],"product_tag":[],"class_list":{"0":"post-39066","1":"product","2":"type-product","3":"status-publish","4":"has-post-thumbnail","6":"product_cat-simax-classics","7":"product_shipping_class-cddvd-shipping","9":"first","10":"instock","11":"taxable","12":"shipping-taxable","13":"purchasable","14":"product-type-simple"},"_links":{"self":[{"href":"https:\/\/grappa.no\/no\/wp-json\/wp\/v2\/product\/39066","targetHints":{"allow":["GET"]}}],"collection":[{"href":"https:\/\/grappa.no\/no\/wp-json\/wp\/v2\/product"}],"about":[{"href":"https:\/\/grappa.no\/no\/wp-json\/wp\/v2\/types\/product"}],"replies":[{"embeddable":true,"href":"https:\/\/grappa.no\/no\/wp-json\/wp\/v2\/comments?post=39066"}],"wp:featuredmedia":[{"embeddable":true,"href":"https:\/\/grappa.no\/no\/wp-json\/wp\/v2\/media\/39060"}],"wp:attachment":[{"href":"https:\/\/grappa.no\/no\/wp-json\/wp\/v2\/media?parent=39066"}],"wp:term":[{"taxonomy":"product_brand","embeddable":true,"href":"https:\/\/grappa.no\/no\/wp-json\/wp\/v2\/product_brand?post=39066"},{"taxonomy":"product_cat","embeddable":true,"href":"https:\/\/grappa.no\/no\/wp-json\/wp\/v2\/product_cat?post=39066"},{"taxonomy":"product_tag","embeddable":true,"href":"https:\/\/grappa.no\/no\/wp-json\/wp\/v2\/product_tag?post=39066"}],"curies":[{"name":"wp","href":"https:\/\/api.w.org\/{rel}","templated":true}]}}