{"id":39062,"date":"2021-04-16T10:42:27","date_gmt":"2021-04-16T09:42:27","guid":{"rendered":"https:\/\/grappa.no\/?post_type=product&#038;p=39062"},"modified":"2021-04-16T11:17:06","modified_gmt":"2021-04-16T10:17:06","slug":"eg-kan","status":"publish","type":"product","link":"https:\/\/grappa.no\/no\/albums\/grappa\/eg-kan\/","title":{"rendered":"Eg kan"},"content":{"rendered":"<p><\/p>\n<div class=\"\">\n<p>Tone Hulb\u00e6kmo er en artist som liker \u00e5 krysse musikalske grenser, er opptatt av ord og lar seg inspirere til \u00e5 skrive musikk til dikt av norske poeter. Hun er ogs\u00e5 opptatt av \u00e5 formidle dette til flere generasjoner, b\u00e5de sm\u00e5 og store. Denne gang presenterer hun egenkomponerte melodier til et personlig utvalg tekster av kjente norske lyrikere, blant annet Inger Hagerup, Alf Pr\u00f8ysen, Andr\u00e9 Bjerke og Erlend Loe.<\/p>\n<\/div>\n<p><!--more--><\/p>\n<div class=\"\">\n<p>P\u00e5 platen er det tekster med b\u00e5de humor og alvor, fantasi og underfundighet. Her er det mye livsvisdom. De kan ta opp mellommenneskelige forhold, v\u00e6re filosofiske eller bare leke med ord. Ikke minst ligger det ogs\u00e5 an til en nostalgisk klump i halsen for mange fra foreldre- og besteforeldregenerasjonen.<\/p>\n<p>Musikken i Tones landskap er inspirert av folkemusikk, verdensmusikk, viser og kabaret. Den er som tekstene, b\u00e5de poetisk, umiddelbar og catchy. Her er b\u00e5de fengende melodier og groove, men samtidig \u00abmat\u00bb for sm\u00e5 og store \u00f8rer. I tillegg til vokalen spiller Tone b\u00e5de tr\u00f8orgel, norsk harpe og lyre. Sammen med blant annet etniske fl\u00f8yter, perk, oud, torader og munnspill skaper det et spennende lydbilde.<\/p>\n<p>Den fantastiske tegneren og illustrat\u00f8ren Katrin Berge har laget vakre og fabulerende illustrasjoner spesielt for coveret, inspirert av musikken og tekstene.<\/p>\n<\/div>\n<p><\/p>","protected":false},"excerpt":{"rendered":"<p>Tone Hulb\u00e6kmo med nytt album for hele familien! Tone Hulb\u00e6kmo er en artist som liker \u00e5 krysse musikalske grenser, er opptatt av ord og lar seg inspirere til \u00e5 skrive musikk til dikt av norske poeter. Hun er ogs\u00e5 opptatt av \u00e5 formidle dette til flere generasjoner, b\u00e5de sm\u00e5 og store. Denne gang presenterer hun egenkomponerte melodier til et personlig utvalg tekster av kjente norske lyrikere, blant annet Inger Hagerup, Alf Pr\u00f8ysen, Andr\u00e9 Bjerke og Erlend Loe.<\/p>\n","protected":false},"featured_media":39063,"comment_status":"closed","ping_status":"closed","template":"","meta":[],"product_brand":[],"product_cat":[6],"product_tag":[],"class_list":{"0":"post-39062","1":"product","2":"type-product","3":"status-publish","4":"has-post-thumbnail","6":"product_cat-grappa","7":"product_shipping_class-cddvd-shipping","8":"uni_main_artist_tag-tone-hulbaekmo","10":"first","11":"instock","12":"taxable","13":"shipping-taxable","14":"purchasable","15":"product-type-simple"},"_links":{"self":[{"href":"https:\/\/grappa.no\/no\/wp-json\/wp\/v2\/product\/39062","targetHints":{"allow":["GET"]}}],"collection":[{"href":"https:\/\/grappa.no\/no\/wp-json\/wp\/v2\/product"}],"about":[{"href":"https:\/\/grappa.no\/no\/wp-json\/wp\/v2\/types\/product"}],"replies":[{"embeddable":true,"href":"https:\/\/grappa.no\/no\/wp-json\/wp\/v2\/comments?post=39062"}],"wp:featuredmedia":[{"embeddable":true,"href":"https:\/\/grappa.no\/no\/wp-json\/wp\/v2\/media\/39063"}],"wp:attachment":[{"href":"https:\/\/grappa.no\/no\/wp-json\/wp\/v2\/media?parent=39062"}],"wp:term":[{"taxonomy":"product_brand","embeddable":true,"href":"https:\/\/grappa.no\/no\/wp-json\/wp\/v2\/product_brand?post=39062"},{"taxonomy":"product_cat","embeddable":true,"href":"https:\/\/grappa.no\/no\/wp-json\/wp\/v2\/product_cat?post=39062"},{"taxonomy":"product_tag","embeddable":true,"href":"https:\/\/grappa.no\/no\/wp-json\/wp\/v2\/product_tag?post=39062"}],"curies":[{"name":"wp","href":"https:\/\/api.w.org\/{rel}","templated":true}]}}