{"id":39017,"date":"2021-04-09T01:00:28","date_gmt":"2021-04-09T00:00:28","guid":{"rendered":"https:\/\/grappa.no\/?post_type=product&#038;p=39017"},"modified":"2021-04-08T23:47:04","modified_gmt":"2021-04-08T22:47:04","slug":"almanakk","status":"publish","type":"product","link":"https:\/\/grappa.no\/no\/albums\/grappa\/almanakk\/","title":{"rendered":"Almanakk"},"content":{"rendered":"<p><\/p>\n<div class=\"\">\n<p>Rem &amp; Rem med nytt album &#8211; familieprosjektet! Forfatter og musiker, far og s\u00f8nn, har i hele ti \u00e5r turnert landet med konserter best\u00e5ende av sterk lyrikk og musikk. H\u00e5vard og Simen Rem utgir albumet \u201cAlmanakk\u201d &#8211; oppf\u00f8lgeren til debutalbumet \u201cHustavler\u201d. Denne gangen har de ogs\u00e5 f\u00e5tt med seg datter og s\u00f8ster Dina p\u00e5 kor og albumet har dermed blitt litt av et familieprosjekt!<\/p>\n<\/div>\n<p><!--more--><\/p>\n<div class=\"\">\n<p><span style=\"font-weight: 400;\">Simen har tatt utgangspunkt i H\u00e5vards tidligere utgitte diktbok med samme navn, utgitt i fjor og alt trykket i tre opplag. Faren skriver tekstene, s\u00f8nnen tonesetter dem og datteren synger dem. Og barnebarnet (f\u00f8dt fem dager f\u00f8r den nasjonale nedstengingen i fjor) inspirerer. I sitt eget studio i Langhus i Nordre Follo har Simen funnet vokallyden til H\u00e5vards karakteristiske resitasjon, og flettet den sammen med sine melodier.\u00a0<\/span><\/p>\n<p><i><span style=\"font-weight: 400;\">&#8211; \u201cN\u00e5r vi g\u00e5r i studio, g\u00e5r ikke taksameteret. Vi er bare glade for \u00e5 f\u00e5 v\u00e6re sammen. Sangene er fisketurene v\u00e5re.\u201d<\/span><\/i><span style=\"font-weight: 400;\"> &#8211; Simen Rem<\/span><\/p>\n<p><i><span style=\"font-weight: 400;\">&#8211; \u201cSimen skrur perfekt lyd til stemmen min. Han har kjent den helt siden jeg sang ham i s\u00f8vn da han var liten.\u201d<\/span><\/i><span style=\"font-weight: 400;\"> &#8211; H\u00e5vard Rem\u00a0<\/span><\/p>\n<p><span style=\"font-weight: 400;\">Duoen har opptr\u00e5dt p\u00e5 de fleste av landets mange litteraturfestivaler og p\u00e5 alt fra Rockefeller til kulturhus. Albumet ble p\u00e5begynt i 2017 like etter Leonard Cohens d\u00f8d og det var naturlig \u00e5 bruke hans album \u201cTen New Songs\u201d som referanse for deres neste album. Det har resultert i \u201cAlmanakk\u201d &#8211; et \u201cnede-album\u201d et sted mellom dikt og musikk.\u00a0<\/span><\/p>\n<\/div>\n<p><\/p>","protected":false},"excerpt":{"rendered":"<p>Rem &amp; Rem med nytt album &#8211; familieprosjektet! Forfatter og musiker, far og s\u00f8nn, har i hele ti \u00e5r turnert landet med konserter best\u00e5ende av sterk lyrikk og musikk. H\u00e5vard og Simen Rem utgir albumet \u201cAlmanakk\u201d &#8211; oppf\u00f8lgeren til debutalbumet \u201cHustavler\u201d. Denne gangen har de ogs\u00e5 f\u00e5tt med seg datter og s\u00f8ster Dina p\u00e5 kor og albumet har dermed blitt litt av et familieprosjekt!<\/p>\n","protected":false},"featured_media":39018,"comment_status":"closed","ping_status":"closed","template":"","meta":[],"product_brand":[],"product_cat":[6],"product_tag":[],"class_list":{"0":"post-39017","1":"product","2":"type-product","3":"status-publish","4":"has-post-thumbnail","6":"product_cat-grappa","7":"product_shipping_class-cddvd-shipping","8":"uni_main_artist_tag-rem-rem","9":"uni_artist_genre-lyrikk","10":"uni_artist_genre-singer-songwriter","11":"uni_artist_genre-viser","13":"first","14":"instock","15":"taxable","16":"shipping-taxable","17":"purchasable","18":"product-type-simple"},"_links":{"self":[{"href":"https:\/\/grappa.no\/no\/wp-json\/wp\/v2\/product\/39017","targetHints":{"allow":["GET"]}}],"collection":[{"href":"https:\/\/grappa.no\/no\/wp-json\/wp\/v2\/product"}],"about":[{"href":"https:\/\/grappa.no\/no\/wp-json\/wp\/v2\/types\/product"}],"replies":[{"embeddable":true,"href":"https:\/\/grappa.no\/no\/wp-json\/wp\/v2\/comments?post=39017"}],"wp:featuredmedia":[{"embeddable":true,"href":"https:\/\/grappa.no\/no\/wp-json\/wp\/v2\/media\/39018"}],"wp:attachment":[{"href":"https:\/\/grappa.no\/no\/wp-json\/wp\/v2\/media?parent=39017"}],"wp:term":[{"taxonomy":"product_brand","embeddable":true,"href":"https:\/\/grappa.no\/no\/wp-json\/wp\/v2\/product_brand?post=39017"},{"taxonomy":"product_cat","embeddable":true,"href":"https:\/\/grappa.no\/no\/wp-json\/wp\/v2\/product_cat?post=39017"},{"taxonomy":"product_tag","embeddable":true,"href":"https:\/\/grappa.no\/no\/wp-json\/wp\/v2\/product_tag?post=39017"}],"curies":[{"name":"wp","href":"https:\/\/api.w.org\/{rel}","templated":true}]}}