{"id":390,"date":"2004-05-17T00:00:00","date_gmt":"2004-05-16T23:00:00","guid":{"rendered":"http:\/\/www.grappa.no\/albums\/uncategorized\/the-complete-orchestral-works-of-beethoven-vol-6\/"},"modified":"2025-06-03T12:45:37","modified_gmt":"2025-06-03T11:45:37","slug":"beethoven-symphony-no-6-leonore-overtures-1-3","status":"publish","type":"product","link":"https:\/\/grappa.no\/no\/albums\/simax-classics\/beethoven-symphony-no-6-leonore-overtures-1-3\/","title":{"rendered":"Beethoven: Symphony no. 6, Leonore Overtures 1-3"},"content":{"rendered":"<p><\/p>\n<p>Beethovens Pastorale-symfoni<\/p>\n<p>Pastoralesymfonien er et resultat av Beethovens intense forhold til naturen. Verket f\u00f8yer seg inn i en tradisjon som strekker seg tilbake til renessansen, id\u00e9t komponisten s\u00f8ker \u00e5 re-presentere naturen og naturopplevelsen i sin musikk. Beethoven skrev som kjent 4 forskjellige overtyrer til sin opera, alle skrevet i l\u00f8pet av kort tid ettersom libretto og operaen som helhet forandret seg og tok form. De tre f\u00f8rste er med p\u00e5 denne utgivlelsen.<\/p>\n<p>Halvveis i sitt store prosjekt med \u00e5 spille inn all mester Beethovens orkestermusikk, har Thomas Dausgaard og det Svenske Kammerorkester h\u00f8stet en mengde flotte omtaler i internasjonale tidsskrifter.<\/p>\n<p><!--more--><\/p>\n<p>Thomas Dausgaard med sitt Svenske Kammerorkester vekker oppsikt internasjonalt n\u00e5r de presenterer sin serie med Beethovens komplette verk for orkester p\u00e5 CD. N\u00e5r Pastoralesymfonien og alle tre Leonore-overtyrene n\u00e5 er klare er serien halvveis \u2014 og i august har Dausgaard og Det Svenske Kammerorkester egen konsert under BBC Proms i London!<\/p>\n<h4>Symfoni nr. 6 og tre overtyrer<\/h4>\n<p>Pastoralesymfonien er et resultat av Beethovens intense forhold til naturen. Verket f\u00f8yer seg inn i en tradisjon som strekker seg tilbake til renessansen, id\u00e9t komponisten s\u00f8ker \u00e5 re-presentere naturen og naturopplevelsen i sin musikk. Beethoven skrev som kjent 4 forskjellige overtyrer til sin opera, alle skrevet i l\u00f8pet av kort tid ettersom libretto og operaen som helhet forandret seg og tok form. De tre f\u00f8rste er med p\u00e5 denne utgivlelsen. Da Robert Schumann h\u00f8rte alle overturene p\u00e5 en konsert i 1840, bemerket han at man i disse verkene kan f\u00f8lge Beethoven i sitt arbeidsv\u00e6relse, hvordan han bearbeider og forkaster enkelte ideer, og hvordan andre ideer igjen synes ham s\u00e5 interessante og kj\u00e6re at han utvider bruken av dem i neste overtyre.<\/p>\n<h4>Eksklusiv turn\u00e9 med Beethoven i kofferten<\/h4>\n<p>Halvveis i sitt store prosjekt med \u00e5 spille inn all mester Beethovens orkestermusikk, har Thomas Dausgaard og det Svenske Kammerorkester h\u00f8stet en mengde flotte omtaler i internasjonale tidsskrifter. Prosjektet har ogs\u00e5 blitt lagt merke til i stor grad av internasjonale konsertarrang\u00f8rer, og denne h\u00f8sten legger orkesteret ut p\u00e5 en helt eksklusiv liten turne som starter i Ravina-festivalen, Chicago, s\u00e5 til Mostly Mozart i New York, for til slutt \u00e5 toppe det hele med en egen konsert under BBC Proms i London. Alt med Beethoven p\u00e5 programmet.<\/p>\n<h4><\/h4>\n<p><\/p>","protected":false},"excerpt":{"rendered":"<p>\u2013 you may not be content until you have heard the previous five volumes as well. [Audiophile Audition]<\/p>\n","protected":false},"featured_media":27584,"comment_status":"closed","ping_status":"closed","template":"","meta":[],"product_brand":[],"product_cat":[180],"product_tag":[],"class_list":{"0":"post-390","1":"product","2":"type-product","3":"status-publish","4":"has-post-thumbnail","6":"product_cat-simax-classics","7":"product_shipping_class-cddvd-shipping","8":"uni_artist_tag-andrew-keener","9":"uni_artist_tag-ludwig-van-beethoven","10":"uni_artist_tag-swedish-chamber-orchestra-orebro","11":"uni_artist_tag-thomas-dausgaard","12":"uni_main_artist_tag-swedish-chamber-orchestra-orebro","13":"uni_artist_genre-beethoven-complete-orchestral-works","14":"uni_artist_genre-complete","15":"uni_artist_genre-orchestral","17":"first","18":"outofstock","19":"taxable","20":"shipping-taxable","21":"purchasable","22":"product-type-simple"},"_links":{"self":[{"href":"https:\/\/grappa.no\/no\/wp-json\/wp\/v2\/product\/390","targetHints":{"allow":["GET"]}}],"collection":[{"href":"https:\/\/grappa.no\/no\/wp-json\/wp\/v2\/product"}],"about":[{"href":"https:\/\/grappa.no\/no\/wp-json\/wp\/v2\/types\/product"}],"replies":[{"embeddable":true,"href":"https:\/\/grappa.no\/no\/wp-json\/wp\/v2\/comments?post=390"}],"wp:featuredmedia":[{"embeddable":true,"href":"https:\/\/grappa.no\/no\/wp-json\/wp\/v2\/media\/27584"}],"wp:attachment":[{"href":"https:\/\/grappa.no\/no\/wp-json\/wp\/v2\/media?parent=390"}],"wp:term":[{"taxonomy":"product_brand","embeddable":true,"href":"https:\/\/grappa.no\/no\/wp-json\/wp\/v2\/product_brand?post=390"},{"taxonomy":"product_cat","embeddable":true,"href":"https:\/\/grappa.no\/no\/wp-json\/wp\/v2\/product_cat?post=390"},{"taxonomy":"product_tag","embeddable":true,"href":"https:\/\/grappa.no\/no\/wp-json\/wp\/v2\/product_tag?post=390"}],"curies":[{"name":"wp","href":"https:\/\/api.w.org\/{rel}","templated":true}]}}