{"id":389,"date":"2002-05-16T00:00:00","date_gmt":"2002-05-15T23:00:00","guid":{"rendered":"http:\/\/www.grappa.no\/albums\/uncategorized\/the-complete-orchestral-works-of-beethoven-vol-5\/"},"modified":"2019-02-22T15:47:08","modified_gmt":"2019-02-22T14:47:08","slug":"beethoven-piano-concerto-no-3-triple-concerto","status":"publish","type":"product","link":"https:\/\/grappa.no\/no\/albums\/simax-classics\/beethoven-piano-concerto-no-3-triple-concerto\/","title":{"rendered":"Beethoven: Piano Concerto no. 3, Triple Concerto"},"content":{"rendered":"<p><\/p>\n<p>Trippelkonserten!<\/p>\n<p>Solistene trer igjen i forgrunnen p\u00e5 den femte utgivelsen i Simax-serien med Beethovens komplette orkestermusikk. Etter den flotte mottagelsen av klaverkonsertene 1 og 2 (PSC 1181) f\u00f8lger her konsert nr.3, med Berezovsky i sedvanlig storartet spilleform. Videre kommer trippelkonserten i en helt usedvanlig velklingende utgave!<\/p>\n<p>Dausgaard leder det hele med \u00f8re for den vare poesi og det litt melankolske uttrykket som man finner i begge disse konsertene, og orkesteret gir solistene oppf\u00f8lging i kammermusikalsk \u00e5nd. Men utbruddene finnes ogs\u00e5, i gnistrende utf\u00f8relse!<\/p>\n<p><!--more--><\/p>\n<p>Solistene trer igjen i forgrunnen p\u00e5 den femte utgivelsen i Simax-serien med Beethovens komplette orkestermusikk. Etter den flotte mottagelsen av klaverkonsertene 1 og 2 (PSC 1181) f\u00f8lger her konsert nr.3, med Berezovsky i sedvanlig storartet spilleform. Videre kommer trippelkonserten i en helt usedvanlig velklingende utgave!<\/p>\n<h4>Klaverkonsert nr. 3<\/h4>\n<p>Skalaen p\u00e5 den tredje klaverkonserten er st\u00f8rre enn de to foreg\u00e5ende. Spenningen og dramatikken i den f\u00f8rste satsen var ny innen sjangeren.<\/p>\n<h4>Trippelkonserten<\/h4>\n<p>Den neste konserten Beethoven skrev fikk et ganske annet format. Boris Berezovsky har f\u00e5tt med seg cellisten Mats Rondin, internasjonalt ettertraktet kammermusiker, og orkesterets egen konsertmester Urban Svensson i Trippelkonserten. Dette er den eneste konserten Beethoven skrev for mer enn ett soloinstrument, og man finner vel ikke en s\u00e5 lykket sammenstilling av en solistgruppe med et orkester f\u00f8r Brahms\u2019 dobbelkonsert nesten 80 \u00e5r senere. Den klassiske klavertrio (l\u00e6rer Haydn etablerte formatet, og Beethovens f\u00f8rste verker var skrevet for denne besetning) i solistisk og kammermusikalsk samspill med orkesteret gir et vell av muligheter.<\/p>\n<h4><\/h4>\n<\/p>\n<p><\/p>","protected":false},"excerpt":{"rendered":"<p>The recommended recording of Building a Library, Hilary Finch \/ CD Review BBC3<\/p>\n","protected":false},"featured_media":27583,"comment_status":"closed","ping_status":"open","template":"","meta":[],"product_brand":[],"product_cat":[180],"product_tag":[],"class_list":{"0":"post-389","1":"product","2":"type-product","3":"status-publish","4":"has-post-thumbnail","6":"product_cat-simax-classics","7":"product_shipping_class-cddvd-shipping","8":"uni_artist_tag-andrew-keener","9":"uni_artist_tag-boris-berezovsky","10":"uni_artist_tag-ludwig-van-beethoven","11":"uni_artist_tag-mats-rondin","12":"uni_artist_tag-swedish-chamber-orchestra-orebro","13":"uni_artist_tag-thomas-dausgaard","14":"uni_artist_tag-urban-svensson","15":"uni_main_artist_tag-swedish-chamber-orchestra-orebro","16":"uni_artist_genre-beethoven-complete-orchestral-works","17":"uni_artist_genre-complete","18":"uni_artist_genre-concerto","19":"uni_artist_genre-orchestral","21":"first","22":"outofstock","23":"taxable","24":"shipping-taxable","25":"product-type-simple"},"_links":{"self":[{"href":"https:\/\/grappa.no\/no\/wp-json\/wp\/v2\/product\/389","targetHints":{"allow":["GET"]}}],"collection":[{"href":"https:\/\/grappa.no\/no\/wp-json\/wp\/v2\/product"}],"about":[{"href":"https:\/\/grappa.no\/no\/wp-json\/wp\/v2\/types\/product"}],"replies":[{"embeddable":true,"href":"https:\/\/grappa.no\/no\/wp-json\/wp\/v2\/comments?post=389"}],"wp:featuredmedia":[{"embeddable":true,"href":"https:\/\/grappa.no\/no\/wp-json\/wp\/v2\/media\/27583"}],"wp:attachment":[{"href":"https:\/\/grappa.no\/no\/wp-json\/wp\/v2\/media?parent=389"}],"wp:term":[{"taxonomy":"product_brand","embeddable":true,"href":"https:\/\/grappa.no\/no\/wp-json\/wp\/v2\/product_brand?post=389"},{"taxonomy":"product_cat","embeddable":true,"href":"https:\/\/grappa.no\/no\/wp-json\/wp\/v2\/product_cat?post=389"},{"taxonomy":"product_tag","embeddable":true,"href":"https:\/\/grappa.no\/no\/wp-json\/wp\/v2\/product_tag?post=389"}],"curies":[{"name":"wp","href":"https:\/\/api.w.org\/{rel}","templated":true}]}}