{"id":38805,"date":"2021-03-25T08:45:38","date_gmt":"2021-03-25T07:45:38","guid":{"rendered":"https:\/\/grappa.no\/?post_type=product&#038;p=38805"},"modified":"2025-11-24T06:43:25","modified_gmt":"2025-11-24T05:43:25","slug":"steamdome-the-hypogean","status":"publish","type":"product","link":"https:\/\/grappa.no\/no\/albums\/grappa\/steamdome-the-hypogean\/","title":{"rendered":"Steamdome II: The Hypogean"},"content":{"rendered":"<p><\/p>\n<p>Steamdome fyrer opp! P\u00e5 \u00abSteamdome II: The Hypogean\u00bb stiller Ola Kvernberg med et enda mer blodtrimmet mannskap enn sist, samme skaml\u00f8se forhold til sjangermiks og et nyvunnet \u00f8nske om \u00e5 r\u00f8ske deg ut av hjemmekontoret og gi deg en time musikkterapeutisk fri fra pandemi og globale katastrofer generelt.<\/p>\n<p><!--more--><\/p>\n<p>Med <em>The Hypogean<\/em> unng\u00e5r Kvernberg reiserestriksjonene ved \u00e5 bore seg ned i jordoverflata.\u00a0Noen ganger som et l\u00f8psk gravitasjonstog,\u00a0andre ganger som en sterk stilleg\u00e5ende maskin gjennom klangfulle bergrom. Destinasjon? Jordas gl\u00f8dende jernhjerte, og i de siste to \u00e5ra ogs\u00e5 \u00e5sted for Kvernbergs private escape-room, blotta for spilleregler og med en ekstensiv tiln\u00e6rming til hva rytme og harmonier kan gj\u00f8re med et klubbgulv.<\/p>\n<p>Da Steamdome dundret gjennom lydmuren for tre \u00e5r siden haglet lovordene fra presse og publikum. Utsolgte konserter, flere h\u00f8ythengende priser og en topp 10 plassering p\u00e5 lista over Norges mestselgende vinylplater senere, er alts\u00e5 oppf\u00f8lgeren her.\u00a0Der\u00a0debutalbumets dogme var rendyrket, organisk, perkussiv musikk, stiller <em>The Hypogean<\/em> med synther, trommemaskiner, preparert piano, arper, pumpeorgel og vokal.\u00a0Med en jazzmusikers ut\u00e5lmodige DNA og en filmkomponists teft for konsept og drama, er det nemlig aldri et alternativ for Ola Kvernberg \u00e5 resirkulere seg selv. P\u00e5\u00a0<em>The <\/em><em>Hypogean<\/em> g\u00e5r musikerne ut av sine vante roller. Ola\u00a0bytter gjerne bort fela med trommemaskin og synthbass, bassist Nikolai H\u00e6ngsle plukker opp gitaren og Daniel Formo setter fyr p\u00e5 lydbildet med hjemmelagde st\u00f8ymaskiner.<\/p>\n<p>Som en av Norges mest allsidige musikere og komponister var det m\u00f8tet med klubbmusikken som skulle tenne gnisten Ola trengte for \u00e5 starte toget Steamdome i 2017. Med flere av Norges mest toneangivende musikere ombord begynte ballen \u00e5 rulle for alvor. Albumet utviklet seg raskt til bandet Steamdome, og et av de mest oppsiktsvekkende kommersielle gjennombruddene for en norsk jazzmusiker var et faktum.\u00a0Steamdome best\u00e5r i dag av Ola Kvernberg, medprodusent og trommis\/perkusjonist Erik Nylander (Monoswezi, Liarbird, Mechanical Fair), trommis Olaf Olsen (Bigbang, Fra Det Onde), perkusjonist Martin Windstad (Kurt Nilsen, Todd Terje) , bassist og gitarist Nikolai H\u00e6ngsle (Band of Gold, Bigbang, M\u00f8ster), \u00d8yvind Blomstr\u00f8m (Orions Belte, Odd Nordstoga) og Daniel Buner Formo (Trondheim Jazzorkester, Kobert.) <em>\u00abSteamdome II: The Hypogean\u00bb<\/em> er spilt inn av Dag Erik Johansen og Kai Andersen i legendariske Athletic Studio og mikset i Duper Studio av J\u00f8rgen Tr\u00e6en.<\/p>\n<p><em>The Hypogean<\/em> er en\u00a0undergrunnsreise med\u00a0musikalske nikk til b\u00e5de Gustav Mahler, Fela Kuti, John Williams, Luke Vibert, Kraftwerk, Caetano Veloso, yMusic, Billie Eilish og Squarepusher.<\/p>\n<p><\/p>","protected":false},"excerpt":{"rendered":"<p>P\u00e5 \u00abSteamdome II: The Hypogean\u00bb stiller Ola Kvernberg med et enda mer blodtrimmet mannskap enn sist, samme skaml\u00f8se forhold til sjangermiks og et nyvunnet \u00f8nske om \u00e5 r\u00f8ske deg ut av hjemmekontoret og gi deg en time musikkterapeutisk fri fra pandemi og globale katastrofer generelt.<\/p>\n","protected":false},"featured_media":38808,"comment_status":"closed","ping_status":"closed","template":"","meta":[],"product_brand":[],"product_cat":[6],"product_tag":[],"class_list":{"0":"post-38805","1":"product","2":"type-product","3":"status-publish","4":"has-post-thumbnail","6":"product_cat-grappa","7":"product_shipping_class-cddvd-shipping","8":"uni_artist_tag-ola-kvernberg","9":"uni_main_artist_tag-ola-kvernberg","10":"uni_artist_genre-electronic","11":"uni_artist_genre-jazz","13":"first","14":"instock","15":"taxable","16":"shipping-taxable","17":"purchasable","18":"product-type-variable","19":"has-default-attributes"},"_links":{"self":[{"href":"https:\/\/grappa.no\/no\/wp-json\/wp\/v2\/product\/38805","targetHints":{"allow":["GET"]}}],"collection":[{"href":"https:\/\/grappa.no\/no\/wp-json\/wp\/v2\/product"}],"about":[{"href":"https:\/\/grappa.no\/no\/wp-json\/wp\/v2\/types\/product"}],"replies":[{"embeddable":true,"href":"https:\/\/grappa.no\/no\/wp-json\/wp\/v2\/comments?post=38805"}],"wp:featuredmedia":[{"embeddable":true,"href":"https:\/\/grappa.no\/no\/wp-json\/wp\/v2\/media\/38808"}],"wp:attachment":[{"href":"https:\/\/grappa.no\/no\/wp-json\/wp\/v2\/media?parent=38805"}],"wp:term":[{"taxonomy":"product_brand","embeddable":true,"href":"https:\/\/grappa.no\/no\/wp-json\/wp\/v2\/product_brand?post=38805"},{"taxonomy":"product_cat","embeddable":true,"href":"https:\/\/grappa.no\/no\/wp-json\/wp\/v2\/product_cat?post=38805"},{"taxonomy":"product_tag","embeddable":true,"href":"https:\/\/grappa.no\/no\/wp-json\/wp\/v2\/product_tag?post=38805"}],"curies":[{"name":"wp","href":"https:\/\/api.w.org\/{rel}","templated":true}]}}