{"id":388,"date":"2001-06-26T00:00:00","date_gmt":"2001-06-25T23:00:00","guid":{"rendered":"http:\/\/www.grappa.no\/albums\/uncategorized\/the-complete-orchestral-works-of-beethoven-vol-4symphony-number-7egmont-music-to-goethes-drama\/"},"modified":"2019-02-22T15:47:04","modified_gmt":"2019-02-22T14:47:04","slug":"beethoven-symphony-no-7-egmont-the-complete-music","status":"publish","type":"product","link":"https:\/\/grappa.no\/no\/albums\/simax-classics\/beethoven-symphony-no-7-egmont-the-complete-music\/","title":{"rendered":"Beethoven: Symphony no. 7, Egmont (the complete music)"},"content":{"rendered":"<p><\/p>\n<p>Symfoni nr. 7 og Egmont<\/p>\n<p>Symfoni nr.7 regnes som en av de mest gledesfylte og ubesv\u00e6rede av mesterens symfonier, en p\u00e5minnelse om at hans vesen ikke var bare m\u00f8rkt og dystert. Det hevdes ogs\u00e5 at Beethoven med denne musikken feiret fredens gjenkomst i Europa etter at Napoleon endelig var overvunnet.<\/p>\n<p>Fra Beethovens musikk til Goethes drama \u00abEgmont\u00bb er det overtyren som er mest kjent. Men komponisten skrev scenemusikk til hele dette teaterstykket; musikk mellom aktene, et melodrama der Egmont sitter i fengsel og venter p\u00e5 \u00e5 bli henrettet, en Seiers Symfoni,  samt to sanger sunget av Egmonts  elskerinne Clara. P\u00e5 denne innspillingen tolkes Clara nydelig av den danske sopranen Henriette Bonde-Hansen.<\/p>\n<p><!--more--><\/p>\n<p>Volum 4 i denne kritikerroste serien med Beethovens orkestermusikk er klar, og det er to verker fra perioden 1809\u201312 som st\u00e5r p\u00e5 programmet.<\/p>\n<h4><\/h4>\n<p>Symfoni nr.7 regnes som en av de mest gledesfylte og ubesv\u00e6rede av mesterens symfonier, en p\u00e5minnelse om at hans vesen ikke var bare m\u00f8rkt og dystert. Det hevdes ogs\u00e5 at Beethoven med denne musikken feiret fredens gjenkomst i Europa etter at Napoleon endelig var overvunnet.<\/p>\n<h4><\/h4>\n<p>Fra Beethovens musikk til Goethes drama \u00abEgmont\u00bb er det overtyren som er mest kjent. Men komponisten skrev scenemusikk til hele dette teaterstykket; musikk mellom aktene, et melodrama der Egmont sitter i fengsel og venter p\u00e5 \u00e5 bli henrettet, en Seiers Symfoni,  samt to sanger sunget av Egmonts  elskerinne Clara. P\u00e5 denne innspillingen tolkes Clara nydelig av den danske sopranen Henriette Bonde-Hansen.<\/p>\n<p>Thomas Dausgaard, med sine stramme og n\u00e5del\u00f8se interpretasjoner, er en stigende stjerne i de internasjonale milj\u00f8er. N\u00e5 i august er han invitert til BBC Proms i London, og engelskmennene trykker b\u00e5de ham og Svenska Kammarorkestern til sine hjerter.<\/p>\n<h4><\/h4>\n<\/p>\n<p><\/p>","protected":false},"excerpt":{"rendered":"<p>Thomas Dausgaard, med sine stramme og n\u00e5del\u00f8se interpretasjoner, er en stigende stjerne i de internasjonale milj\u00f8er.<\/p>\n","protected":false},"featured_media":27582,"comment_status":"closed","ping_status":"open","template":"","meta":[],"product_brand":[],"product_cat":[180],"product_tag":[],"class_list":{"0":"post-388","1":"product","2":"type-product","3":"status-publish","4":"has-post-thumbnail","6":"product_cat-simax-classics","7":"product_shipping_class-cddvd-shipping","8":"uni_artist_tag-andrew-keener","9":"uni_artist_tag-ludwig-van-beethoven","10":"uni_artist_tag-swedish-chamber-orchestra-orebro","11":"uni_artist_tag-thomas-dausgaard","12":"uni_main_artist_tag-swedish-chamber-orchestra-orebro","13":"uni_artist_genre-beethoven-complete-orchestral-works","14":"uni_artist_genre-complete","15":"uni_artist_genre-orchestral","17":"first","18":"instock","19":"taxable","20":"shipping-taxable","21":"purchasable","22":"product-type-simple"},"_links":{"self":[{"href":"https:\/\/grappa.no\/no\/wp-json\/wp\/v2\/product\/388","targetHints":{"allow":["GET"]}}],"collection":[{"href":"https:\/\/grappa.no\/no\/wp-json\/wp\/v2\/product"}],"about":[{"href":"https:\/\/grappa.no\/no\/wp-json\/wp\/v2\/types\/product"}],"replies":[{"embeddable":true,"href":"https:\/\/grappa.no\/no\/wp-json\/wp\/v2\/comments?post=388"}],"wp:featuredmedia":[{"embeddable":true,"href":"https:\/\/grappa.no\/no\/wp-json\/wp\/v2\/media\/27582"}],"wp:attachment":[{"href":"https:\/\/grappa.no\/no\/wp-json\/wp\/v2\/media?parent=388"}],"wp:term":[{"taxonomy":"product_brand","embeddable":true,"href":"https:\/\/grappa.no\/no\/wp-json\/wp\/v2\/product_brand?post=388"},{"taxonomy":"product_cat","embeddable":true,"href":"https:\/\/grappa.no\/no\/wp-json\/wp\/v2\/product_cat?post=388"},{"taxonomy":"product_tag","embeddable":true,"href":"https:\/\/grappa.no\/no\/wp-json\/wp\/v2\/product_tag?post=388"}],"curies":[{"name":"wp","href":"https:\/\/api.w.org\/{rel}","templated":true}]}}