{"id":38787,"date":"2021-03-12T09:31:45","date_gmt":"2021-03-12T08:31:45","guid":{"rendered":"https:\/\/grappa.no\/?post_type=product&#038;p=38787"},"modified":"2025-06-13T12:51:30","modified_gmt":"2025-06-13T11:51:30","slug":"sigmund-groven-in-concert","status":"publish","type":"product","link":"https:\/\/grappa.no\/no\/albums\/grappa\/sigmund-groven-in-concert\/","title":{"rendered":"Sigmund Groven In concert"},"content":{"rendered":"<p><\/p>\n<p>Sigmund Grovens 75-\u00e5rsjubileum\u00a0feires med slipp av albumet \u00abIn Concert\u00bb!<\/p>\n<p>Munnspillets mester, Sigmund Groven (f\u00f8dt 16.mars 1946), kommer n\u00e5 med en samling av innspillinger som aldri har blitt utgitt digitalt tidligere. Albumet inneholder 26 spor hvor mye av repertoaret er originalmusikk komponert for munnspill av legender som Tommy Reilly, James Moody og Gordon Jacob, og ikke minst av Sigmund selv. Musikken er skrevet for b\u00e5de solomunnspill, og munnspill akkompagnert av piano eller orkester. Ellers f\u00e5r vi h\u00f8re et varierende repertoar som spenner fra folkemusikk til egne komposisjoner, og fra Bach, Scarlatti og H\u00e4ndel til Beethoven og Grieg.<\/p>\n<p><!--more--><\/p>\n<p>&nbsp;<\/p>\n<div class=\"\">\n<p>Gjennom en aktiv karriere som musiker og komponist har Groven hatt flere lange samarbeid med dyktige musikere. I samspill med Iver Kleive (Orgel\/Keyboard) f\u00e5r vi h\u00f8re \u00ab\u00e5rgangsopptak\u00bb helt fra 80-tallet, da Iver var i gang med \u00e5 utforske synthens verden. Ivar Anton Waagaard (Piano) har v\u00e6rt Grovens medmusikant b\u00e5de i studio og p\u00e5 konserter rundt i verden i over 30 \u00e5r. Av dette f\u00e5r vi h\u00f8re opptak fra 1990 hvor ogs\u00e5 Kjetil Bjerkestrand (Synthesizer) var med, samt Grieg-innspillingene som ble gjort i 2007 med den anerkjente lydmannen Jan Erik Kongshaug fra Rainbow Studio. Opptak fra Ungarn er ogs\u00e5 med. Organisten Szabolcs Szamosi inviterte Groven til Festspillene i Budapest i 2005, noe som skulle bli en minnerik konsert. Konserten ble betegnet som et h\u00f8ydepunkt i festivalens 25-\u00e5rige historie, og h\u00f8sten 2013 var han p\u00e5 turn\u00e9 i Ungarn med Budapest Kammerorkester. Ikke nok med det har Groven ogs\u00e5 samarbeidet med andre st\u00f8rre besetninger som Forsvarets Stabsmusikkorps og Kringkastingsorkesteret.<\/p>\n<p><em>\u00abI de rette hender kan det beskjedne munnspillet v\u00e6re et avansert instrument av storskj\u00f8nnhet. Sigmund Groven, lik som Tommy Reilly og Larry Adler f\u00f8r ham, utnytter til fulle munnspillets store spennvidde og klanglige muligheter. Han er en str\u00e5lende musiker, og framst\u00e5r i dag uten tvil som en av de fineste munnspillut\u00f8verne i verden.\u00bb \u2013 sir George Martin, produsent for the beatles.<\/em><\/p>\n<\/div>\n<p><\/p>","protected":false},"excerpt":{"rendered":"<p>Sigmund Grovens 75-\u00e5rsjubileum feires med slipp av albumet \u00abIn Concert\u00bb!<\/p>\n","protected":false},"featured_media":38789,"comment_status":"closed","ping_status":"closed","template":"","meta":[],"product_brand":[],"product_cat":[6],"product_tag":[],"class_list":{"0":"post-38787","1":"product","2":"type-product","3":"status-publish","4":"has-post-thumbnail","6":"product_cat-grappa","7":"product_shipping_class-cddvd-shipping","8":"uni_artist_tag-sigmund-groven","9":"uni_main_artist_tag-sigmund-groven","10":"uni_artist_genre-classical","11":"uni_artist_genre-cross-over","12":"uni_artist_genre-traditional","14":"first","15":"instock","16":"taxable","17":"shipping-taxable","18":"purchasable","19":"product-type-simple"},"_links":{"self":[{"href":"https:\/\/grappa.no\/no\/wp-json\/wp\/v2\/product\/38787","targetHints":{"allow":["GET"]}}],"collection":[{"href":"https:\/\/grappa.no\/no\/wp-json\/wp\/v2\/product"}],"about":[{"href":"https:\/\/grappa.no\/no\/wp-json\/wp\/v2\/types\/product"}],"replies":[{"embeddable":true,"href":"https:\/\/grappa.no\/no\/wp-json\/wp\/v2\/comments?post=38787"}],"wp:featuredmedia":[{"embeddable":true,"href":"https:\/\/grappa.no\/no\/wp-json\/wp\/v2\/media\/38789"}],"wp:attachment":[{"href":"https:\/\/grappa.no\/no\/wp-json\/wp\/v2\/media?parent=38787"}],"wp:term":[{"taxonomy":"product_brand","embeddable":true,"href":"https:\/\/grappa.no\/no\/wp-json\/wp\/v2\/product_brand?post=38787"},{"taxonomy":"product_cat","embeddable":true,"href":"https:\/\/grappa.no\/no\/wp-json\/wp\/v2\/product_cat?post=38787"},{"taxonomy":"product_tag","embeddable":true,"href":"https:\/\/grappa.no\/no\/wp-json\/wp\/v2\/product_tag?post=38787"}],"curies":[{"name":"wp","href":"https:\/\/api.w.org\/{rel}","templated":true}]}}