{"id":38756,"date":"2021-02-19T09:00:21","date_gmt":"2021-02-19T08:00:21","guid":{"rendered":"https:\/\/grappa.no\/?post_type=product&#038;p=38756"},"modified":"2023-11-27T11:28:56","modified_gmt":"2023-11-27T10:28:56","slug":"tonen-i-meg","status":"publish","type":"product","link":"https:\/\/grappa.no\/no\/albums\/heilo\/tonen-i-meg\/","title":{"rendered":"Tonen i meg"},"content":{"rendered":"<p><\/p>\n<div class=\"\">\n<p><strong>Sigrid Moldestad slipper sitt sjette soloalbum og tar oss med inn i et musikalsk landskap med m\u00f8rkere understr\u00f8mmer enn tidligere. Hardingfela er fortsatt sterkt tilstede p\u00e5 flere l\u00e5ter, men dette albumet leker i flere sjangre.<\/strong><\/p>\n<p>Sigrid Moldestad har funnet frem til selve grunntonen i seg selv pa\u030a dette albumet. <em>Tonen i meg<\/em> er ba\u030ade skj\u00f8r og kraftfull, hudl\u00f8s og tr\u00f8stende, melankolsk og oppl\u00f8ftende. Her er kontrastene i livet, utkrystallisert i sma\u030a fortellinger som i grunn handler om oss alle. Fortid og n\u00e5tid ga\u030ar h\u00e5nd i h\u00e5nd i mange av l\u00e5tene. Sma\u030a glimt av en svunnen tid som setter va\u030ar urolige tid i relieff med Moldestad sin stemme i midten som en varm klem, i den kalde tida. Med seg har hun sitt faste band gjennom mange a\u030ar. En uts\u00f8kt gjeng lekende, lyttende og utforskende musikere.<\/p>\n<\/div>\n<p><!--more--><\/p>\n<p>&nbsp;<\/p>\n<div class=\"\">\n<p><em>\u2013 \u201cTonen i meg\u201d handlar om dei ulike tonane eg, og forh\u00e5pentligvis alle har i oss. Det er ulike p\u00e5minninger; gamle historier og bilder, di eiga einsemd og lengt, g\u00e5tene fr\u00e5 fortida og dei vi er blitt.\u201d, forteller Sigrid.\u00a0<\/em><\/p>\n<p>Med unntak av en barneregle og en cover-versjon av Fleetwood Mac\u00b4s <em>\u201c<\/em>Dreaming the dream<em>\u201d<\/em>,\u00a0er all musikk og tekst skrevet av Moldestad. Albumet er arrangert og formet i en kollektiv prosess mellom musikerne i hennes faste band. I likhet med forrige album <em>Vere her<\/em> ( 2017), har Yngve Leidulv S\u00e6tre hatt en viktig produsentrolle.<\/p>\n<p>Albumet g\u00e5r fra en m\u00f8rk, dvelende \u00e5pning, til villskap og undring, historiefortellinger og erkjennelser, f\u00f8r den tar oss med hjem til storsl\u00e5tte V\u00e5tedalen i Breim der Sigrid kommer fra.<\/p>\n<\/div>\n<p><\/p>","protected":false},"excerpt":{"rendered":"<p>Sigrid Moldestad slipper sitt sjette soloalbum og tar oss med inn i et musikalsk landskap med m\u00f8rkere understr\u00f8mmer enn tidligere. Hardingfela er fortsatt sterkt tilstede p\u00e5 flere l\u00e5ter, men dette albumet leker i flere sjangre.<\/p>\n","protected":false},"featured_media":38757,"comment_status":"closed","ping_status":"closed","template":"","meta":[],"product_brand":[],"product_cat":[35],"product_tag":[],"class_list":{"0":"post-38756","1":"product","2":"type-product","3":"status-publish","4":"has-post-thumbnail","6":"product_cat-heilo","7":"product_shipping_class-cddvd-shipping","8":"uni_artist_tag-sigrid-moldestad","9":"uni_main_artist_tag-sigrid-moldestad","10":"uni_artist_genre-folkemusikk","11":"uni_artist_genre-pop","12":"uni_artist_genre-singer-songwriter","13":"uni_artist_genre-viser","15":"first","16":"outofstock","17":"taxable","18":"shipping-taxable","19":"purchasable","20":"product-type-simple"},"_links":{"self":[{"href":"https:\/\/grappa.no\/no\/wp-json\/wp\/v2\/product\/38756","targetHints":{"allow":["GET"]}}],"collection":[{"href":"https:\/\/grappa.no\/no\/wp-json\/wp\/v2\/product"}],"about":[{"href":"https:\/\/grappa.no\/no\/wp-json\/wp\/v2\/types\/product"}],"replies":[{"embeddable":true,"href":"https:\/\/grappa.no\/no\/wp-json\/wp\/v2\/comments?post=38756"}],"wp:featuredmedia":[{"embeddable":true,"href":"https:\/\/grappa.no\/no\/wp-json\/wp\/v2\/media\/38757"}],"wp:attachment":[{"href":"https:\/\/grappa.no\/no\/wp-json\/wp\/v2\/media?parent=38756"}],"wp:term":[{"taxonomy":"product_brand","embeddable":true,"href":"https:\/\/grappa.no\/no\/wp-json\/wp\/v2\/product_brand?post=38756"},{"taxonomy":"product_cat","embeddable":true,"href":"https:\/\/grappa.no\/no\/wp-json\/wp\/v2\/product_cat?post=38756"},{"taxonomy":"product_tag","embeddable":true,"href":"https:\/\/grappa.no\/no\/wp-json\/wp\/v2\/product_tag?post=38756"}],"curies":[{"name":"wp","href":"https:\/\/api.w.org\/{rel}","templated":true}]}}