{"id":38747,"date":"2021-02-12T00:01:30","date_gmt":"2021-02-11T23:01:30","guid":{"rendered":"https:\/\/grappa.no\/?post_type=product&#038;p=38747"},"modified":"2021-02-11T13:44:47","modified_gmt":"2021-02-11T12:44:47","slug":"heavygauge","status":"publish","type":"product","link":"https:\/\/grappa.no\/no\/albums\/blue-mood-records\/heavygauge\/","title":{"rendered":"Heavy Gauge"},"content":{"rendered":"<p><\/p>\n<div class=\"\">Etter 12 studioalbum, to av dem Spellemannsvinnere, slipper Bj\u00f8rn Berge sitt 13. studio album, &#8220;Heavy Gauge&#8221;.<\/div>\n<p><!--more--><\/p>\n<p>Albumet best\u00e5r av ni originale l\u00e5ter, seks av de med Bj\u00f8rn alene med akustisk gitar og tre l\u00e5ter med band. Tekstene er denne gang skrevet av amerikanske Ellis Del Sol. Bj\u00f8rn har aldri v\u00e6rt redd for \u00e5 blande forskjellige sjangere p\u00e5 plate, heller ikke denne gangen. Her f\u00e5r vi servert heftig gitarspill, ballader, blues og \u2018good time music\u2019!<\/p>\n<p>\u2013 Jeg bestemte meg tidlig i prosessen at jeg ville lage et album med bare originale l\u00e5ter. P\u00e5 tidligere album har jeg stort sett hatt med en cover eller tre. Jeg fikk hjelp av Ellis del Sol, en amerikaner som er bosatt i Haugesund, til \u00e5 skrive tekster. Musikalsk s\u00e5 er kanskje dette det mest varierte albumet jeg har lagd s\u00e5 langt. Det spenner fra nesten poppa l\u00e5ter til mer typiske \u00abbluesa\u00bb l\u00e5ter. Jeg hadde ogs\u00e5 lyst til \u00e5 blande mellom solo- og bandl\u00e5ter, siden l\u00e5tene er s\u00e5 forskjellige stilmessig, forteller Bj\u00f8rn.<\/p>\n<p>Bj\u00f8rn har i l\u00f8pet av karrieren opparbeidet seg et solid live-rykte som en gitarist i verdenstoppen, noe som inneb\u00e6rer at han jevnlig bes\u00f8ker store jazz, blues og rock festivaler rundt i Europa og Nord Amerika. Konsertene hans er ikke alltid lett \u00e5 sette i b\u00e5s da han kombinerer flere musikalske sjangere som blant annet folk, jazz, blues, og rock. Bj\u00f8rn framf\u00f8rer stort sett eget materiale, men han gj\u00f8r ogs\u00e5 sine egne heftige tolkninger og versjoner av artister som; Motorhead, Red Hot Chili Peppers, Morphine og Joni Mitchell for \u00e5 nevne noen.<\/p>\n<h4><\/h4>\n<p><\/p>","protected":false},"excerpt":{"rendered":"<p>Etter 12 studioalbum, to av dem Spellemannsvinnere, slipper Bj\u00f8rn Berge sitt 13. studio album, &#8220;Heavy Gauge&#8221;.<\/p>\n","protected":false},"featured_media":38743,"comment_status":"closed","ping_status":"closed","template":"","meta":[],"product_brand":[],"product_cat":[51],"product_tag":[],"class_list":{"0":"post-38747","1":"product","2":"type-product","3":"status-publish","4":"has-post-thumbnail","6":"product_cat-blue-mood-records","7":"product_shipping_class-cddvd-shipping","8":"uni_artist_tag-bjorn-berge","9":"uni_main_artist_tag-bjorn-berge","10":"uni_artist_genre-blues","11":"uni_artist_genre-rock","13":"first","14":"instock","15":"taxable","16":"shipping-taxable","17":"purchasable","18":"product-type-variable","19":"has-default-attributes"},"_links":{"self":[{"href":"https:\/\/grappa.no\/no\/wp-json\/wp\/v2\/product\/38747","targetHints":{"allow":["GET"]}}],"collection":[{"href":"https:\/\/grappa.no\/no\/wp-json\/wp\/v2\/product"}],"about":[{"href":"https:\/\/grappa.no\/no\/wp-json\/wp\/v2\/types\/product"}],"replies":[{"embeddable":true,"href":"https:\/\/grappa.no\/no\/wp-json\/wp\/v2\/comments?post=38747"}],"wp:featuredmedia":[{"embeddable":true,"href":"https:\/\/grappa.no\/no\/wp-json\/wp\/v2\/media\/38743"}],"wp:attachment":[{"href":"https:\/\/grappa.no\/no\/wp-json\/wp\/v2\/media?parent=38747"}],"wp:term":[{"taxonomy":"product_brand","embeddable":true,"href":"https:\/\/grappa.no\/no\/wp-json\/wp\/v2\/product_brand?post=38747"},{"taxonomy":"product_cat","embeddable":true,"href":"https:\/\/grappa.no\/no\/wp-json\/wp\/v2\/product_cat?post=38747"},{"taxonomy":"product_tag","embeddable":true,"href":"https:\/\/grappa.no\/no\/wp-json\/wp\/v2\/product_tag?post=38747"}],"curies":[{"name":"wp","href":"https:\/\/api.w.org\/{rel}","templated":true}]}}