{"id":387,"date":"2001-02-01T00:00:00","date_gmt":"2001-01-31T23:00:00","guid":{"rendered":"http:\/\/www.grappa.no\/albums\/uncategorized\/the-complete-orchestral-works-of-beethoven-vol-3\/"},"modified":"2024-07-05T08:31:13","modified_gmt":"2024-07-05T07:31:13","slug":"beethoven-piano-concertos-nos-1-and-2-rondo-in-b-flat-major","status":"publish","type":"product","link":"https:\/\/grappa.no\/no\/albums\/simax-classics\/beethoven-piano-concertos-nos-1-and-2-rondo-in-b-flat-major\/","title":{"rendered":"Beethoven: Piano Concertos nos. 1 and 2, Rondo in B flat Major"},"content":{"rendered":"<p><\/p>\n<p>Boris Berezovskys f\u00f8rste Beethoven konsert<\/p>\n<p>Volum 3 i serien med Beethovens samlede musikk for orkester er klar fra Det Svenske Kammerorkester og deres sjefsdirigent Thomas Dausgaard.  Beethovens klaverkonserter er edelstener i den klassiske klaverlitteraturen, utformet av en virtuos orkesterbehandler og pianist. P\u00e5 samme m\u00e5te som Mozart skrev Beethoven briljante klaverkonserter som ble oppf\u00f8rt med ham selv som solist. <\/p>\n<p>Det ligger alts\u00e5 i sakens natur at disse klaverkonsertene er komponert b\u00e5de for \u00e5 vise kompositorisk mesterskap og for \u00e5 vise hva en virkelig trollmann kan hente ut av klaveret. Den russiske pianisten Boris Berezovsky (f. 1969) er en slik trollmann. 21 \u00e5r gammel gikk han hen og vant gullmedalje i 1990 International Tchaikovsky Competition, Moskva. Hans bakgrunn er solid forankret i den store tradisjonen av russiske klavervirtuoser, og selv er han anerkjent som en musiker med unik innsikt og sensitivitet.<\/p>\n<p><!--more--><\/p>\n<p>Volum 3 i serien med Beethovens samlede musikk for orkester er klar fra Det Svenske Kammerorkester og deres sjefsdirigent Thomas Dausgaard. Beethovens klaverkonserter er edelstener i den klassiske klaverlitteraturen, og Boris Berezovsky er et fenomen.<\/p>\n<h4>Utformet av en virtuos orkesterbehandler og pianist<\/h4>\n<p>P\u00e5 samme m\u00e5te som Mozart skrev Beethoven briljante klaverkonserter som ble oppf\u00f8rt med ham selv som solist. Hensikten var \u00e5 markedsf\u00f8re seg selv som komponist\/pianist. Da han kom fra det provinsielle Bonn til metropolen Wien i 1795, var det av st\u00f8rste viktighet \u00e5 kunne fremvise mesterskap b\u00e5de som ut\u00f8ver og komponist. Inntil Beethovens h\u00f8rsel begynte \u00e5 svikte, var det nettopp som  en gudben\u00e5det komponist og pianist han la Wien for sine f\u00f8tter.<\/p>\n<h4>Boris Berezovsky<\/h4>\n<p>Det ligger alts\u00e5 i sakens natur at disse klaverkonsertene er komponert b\u00e5de for \u00e5 vise kompositorisk mesterskap og for \u00e5 vise hva en virkelig trollmann kan hente ut av klaveret. Den russiske pianisten Boris Berezovsky (f. 1969) er en slik trollmann. 21 \u00e5r gammel gikk han hen og vant gullmedalje i 1990 International Tchaikovsky Competition, Moskva. Hans bakgrunn er solid forankret i den store tradisjonen av russiske klavervirtuoser, og selv er han anerkjent som en musiker med unik innsikt og sensitivitet. Med London som base er han solist med de beste orkestre og dirigenter over hele verden, inkludert New York Philharmonic\/Kurt Masur og St. Petersburg Philharmonic\/Juri Temirkanov.<\/p>\n<h4><\/h4>\n<p>Berezovsky og Dausgaard finner hverandre til gangs i denne musikken. De overrasker, utfordrer og leker seg gjennom Beethovens landskap, i sann musikantisk \u00e5nd. Resultatet taler for seg selv.<\/p>\n<p>Det Svenske Kammerorkester\/Dausgaard\/Berezovsky turnerer i Tyskland med dette repertoaret 21 mars \u2014 2 april 2001<\/p>\n<p><\/p>","protected":false},"excerpt":{"rendered":"<p class=\"qtranxs-available-languages-message qtranxs-available-languages-message-no\">Post is not available in the requested language<\/p>\n<p>&#8211; An attractive issue marked by an immaculate pianism, nimble conducting and refined sound. [Gramophone]<\/p>\n","protected":false},"featured_media":27581,"comment_status":"closed","ping_status":"closed","template":"","meta":[],"product_brand":[],"product_cat":[180],"product_tag":[],"class_list":{"0":"post-387","1":"product","2":"type-product","3":"status-publish","4":"has-post-thumbnail","6":"product_cat-simax-classics","7":"product_shipping_class-cddvd-shipping","8":"uni_artist_tag-andrew-keener","9":"uni_artist_tag-boris-berezovsky","10":"uni_artist_tag-ludwig-van-beethoven","11":"uni_artist_tag-swedish-chamber-orchestra-orebro","12":"uni_artist_tag-thomas-dausgaard","13":"uni_main_artist_tag-swedish-chamber-orchestra-orebro","14":"uni_artist_genre-beethoven-complete-orchestral-works","15":"uni_artist_genre-complete","16":"uni_artist_genre-concerto","17":"uni_artist_genre-orchestral","19":"first","20":"outofstock","21":"taxable","22":"shipping-taxable","23":"purchasable","24":"product-type-simple"},"_links":{"self":[{"href":"https:\/\/grappa.no\/no\/wp-json\/wp\/v2\/product\/387","targetHints":{"allow":["GET"]}}],"collection":[{"href":"https:\/\/grappa.no\/no\/wp-json\/wp\/v2\/product"}],"about":[{"href":"https:\/\/grappa.no\/no\/wp-json\/wp\/v2\/types\/product"}],"replies":[{"embeddable":true,"href":"https:\/\/grappa.no\/no\/wp-json\/wp\/v2\/comments?post=387"}],"wp:featuredmedia":[{"embeddable":true,"href":"https:\/\/grappa.no\/no\/wp-json\/wp\/v2\/media\/27581"}],"wp:attachment":[{"href":"https:\/\/grappa.no\/no\/wp-json\/wp\/v2\/media?parent=387"}],"wp:term":[{"taxonomy":"product_brand","embeddable":true,"href":"https:\/\/grappa.no\/no\/wp-json\/wp\/v2\/product_brand?post=387"},{"taxonomy":"product_cat","embeddable":true,"href":"https:\/\/grappa.no\/no\/wp-json\/wp\/v2\/product_cat?post=387"},{"taxonomy":"product_tag","embeddable":true,"href":"https:\/\/grappa.no\/no\/wp-json\/wp\/v2\/product_tag?post=387"}],"curies":[{"name":"wp","href":"https:\/\/api.w.org\/{rel}","templated":true}]}}