{"id":38681,"date":"2020-12-18T09:35:20","date_gmt":"2020-12-18T08:35:20","guid":{"rendered":"https:\/\/grappa.no\/?post_type=product&#038;p=38681"},"modified":"2024-01-29T14:12:52","modified_gmt":"2024-01-29T13:12:52","slug":"crescendo-2","status":"publish","type":"product","link":"https:\/\/grappa.no\/no\/albums\/grappa\/crescendo-2\/","title":{"rendered":"Crescendo i G\u00e5gata &#8211; En hyllest til Lillebj\u00f8rn Nilsen"},"content":{"rendered":"<p>Lillebj\u00f8rn Nilsen omtales ofte som \u00abvisekongen\u00bb i Norge, og var en sentral figur i viseb\u00f8lgen som startet p\u00e5 midten av 1960-tallet.<\/p>\n<p>21.desember 2020 fylte\u00a0han 70 \u00e5r, og i den anledning ga Grappa Musikkforlag ut albumet \u00abCrescendo i G\u00e5gata\u00bb. Albumet er en hyllest til Lillebj\u00f8rn, \u00a0og et knippe av Norges flotteste artister har tatt for seg l\u00e5ter fra hans fantastiske katalog.<\/p>\n<p><!--more--><\/p>\n<p>&nbsp;<\/p>\n<div class=\"\">\n<p>Artistene som tolker Lillebj\u00f8rns l\u00e5ter er Frida \u00c5nnevik, Lars Lillo-Stenberg, Tuva Livsdatter Syvertsen, Einar Flaa, \u00c5se Kleveland, Sondre Lerche og deLillos.<\/p>\n<p>I tillegg er det spilt inn en helt ny l\u00e5t som har f\u00e5tt navnet \u00abLillebj\u00f8rns franske vals\u00bb, med melodi skrevet av Lillebj\u00f8rn selv og tekst av Lars Klevstrand. L\u00e5ten synges av ingen ringere enn \u00c5se Kleveland, Birgitte Grimstad, Lars Klevstrand, Kari Svendsen, Jan Eggum, Finn Kalvik, \u00d8ystein Sunde og Halvdan Sivertsen.<\/p>\n<p>Som Bj\u00f8rn Falk Nilsen, f\u00f8dt 21.12.1950, vokste Lillebj\u00f8rn opp i Oslo p\u00e5 Ila ved Alexander Kiellands plass, og i sine foreldres atelier og verksted, B. I. Nilsen Silketrykk ved Jernbanetorget. I 1966, p\u00e5 den nystartede viseklubben Dolphins, dannet han gruppen The Young Norwegians. Ved oppl\u00f8sing av gruppen tre \u00e5r etter begynte han p\u00e5 solo-karrieren. Det ble konsert-turn\u00e9er i hele Norge, s\u00e5 resten av Norden, Europa og USA &#8211; p\u00e5 store festivaler og TV opptredener. Hjemme i Norge begynte ogs\u00e5 samarbeidene med gruppene P\u00e5 Stengrunn \u2013 Rudolf Nilsen, Ballade!, og ikke minst Gitarkameratene.<\/p>\n<p>&nbsp;<\/p>\n<\/div>\n","protected":false},"excerpt":{"rendered":"<p>21.desember 2020 fyller Lillebj\u00f8rn Nilsen 70 \u00e5r, og i den anledning gir Grappa Musikkforlag ut albumet \u00abCrescendo i G\u00e5gata\u00bb. Albumet er en hyllest til Lillebj\u00f8rn, og et knippe av Norges flotteste artister har tatt for seg l\u00e5ter fra hans fantastiske katalog.<\/p>\n","protected":false},"featured_media":38682,"comment_status":"closed","ping_status":"closed","template":"","meta":[],"product_brand":[],"product_cat":[6],"product_tag":[],"class_list":{"0":"post-38681","1":"product","2":"type-product","3":"status-publish","4":"has-post-thumbnail","6":"product_cat-grappa","7":"product_shipping_class-cddvd-shipping","8":"uni_artist_tag-ase-kleveland","9":"uni_artist_tag-birgitte-grimstad","10":"uni_artist_tag-delillos","11":"uni_artist_tag-einar-flaa","12":"uni_artist_tag-finn-kalvik","13":"uni_artist_tag-frida-annevik","14":"uni_artist_tag-halvdan-sivertsen","15":"uni_artist_tag-jan-eggum","16":"uni_artist_tag-kari-svendsen","17":"uni_artist_tag-lars-klevstrand","18":"uni_artist_tag-lars-lillo-stenberg","19":"uni_artist_tag-mannskoret","20":"uni_artist_tag-oslo-filharmonien","21":"uni_artist_tag-oystein-sunde","22":"uni_artist_tag-sondre-lerche","23":"uni_artist_tag-tuva-syvertsen","24":"uni_main_artist_tag-diverse-artister","25":"uni_main_artist_tag-lillebjorn-nilsen","26":"uni_artist_genre-norsk","27":"uni_artist_genre-pop","28":"uni_artist_genre-viser","30":"first","31":"instock","32":"taxable","33":"shipping-taxable","34":"purchasable","35":"product-type-simple"},"_links":{"self":[{"href":"https:\/\/grappa.no\/no\/wp-json\/wp\/v2\/product\/38681","targetHints":{"allow":["GET"]}}],"collection":[{"href":"https:\/\/grappa.no\/no\/wp-json\/wp\/v2\/product"}],"about":[{"href":"https:\/\/grappa.no\/no\/wp-json\/wp\/v2\/types\/product"}],"replies":[{"embeddable":true,"href":"https:\/\/grappa.no\/no\/wp-json\/wp\/v2\/comments?post=38681"}],"wp:featuredmedia":[{"embeddable":true,"href":"https:\/\/grappa.no\/no\/wp-json\/wp\/v2\/media\/38682"}],"wp:attachment":[{"href":"https:\/\/grappa.no\/no\/wp-json\/wp\/v2\/media?parent=38681"}],"wp:term":[{"taxonomy":"product_brand","embeddable":true,"href":"https:\/\/grappa.no\/no\/wp-json\/wp\/v2\/product_brand?post=38681"},{"taxonomy":"product_cat","embeddable":true,"href":"https:\/\/grappa.no\/no\/wp-json\/wp\/v2\/product_cat?post=38681"},{"taxonomy":"product_tag","embeddable":true,"href":"https:\/\/grappa.no\/no\/wp-json\/wp\/v2\/product_tag?post=38681"}],"curies":[{"name":"wp","href":"https:\/\/api.w.org\/{rel}","templated":true}]}}