{"id":386,"date":"2000-08-24T00:00:00","date_gmt":"2000-08-23T23:00:00","guid":{"rendered":"http:\/\/www.grappa.no\/albums\/uncategorized\/the-complete-orchestral-works-of-beethoven-vol-2\/"},"modified":"2019-02-22T15:46:58","modified_gmt":"2019-02-22T14:46:58","slug":"beethoven-symphonies-nos-4-and-5-coriolan-overture","status":"publish","type":"product","link":"https:\/\/grappa.no\/no\/albums\/simax-classics\/beethoven-symphonies-nos-4-and-5-coriolan-overture\/","title":{"rendered":"Beethoven: Symphonies nos. 4 and 5, Coriolan Overture"},"content":{"rendered":"<p><\/p>\n<p>Fresende fremf\u00f8relser av Dausgaard &amp; Svenska Kammarorkestern!<\/p>\n<p>Her er vol. 2 i Simax Classics\u2019 Beethoven-serie med Svenska Kammarorkestern og Thomas Dausgaard. Den f\u00f8rste utgivelsen i serien ble m\u00f8tt med begeistring av b\u00e5de nasjonal og internasjonal presse. Det er ingen selvf\u00f8lge n\u00e5r man gir seg i kast med selve kjernerepertoaret innenfor den vestlige kunstmusikk. S\u00e5 har det da ogs\u00e5 v\u00e6rt et uttalt m\u00e5l fra orkester og dirigent at man \u00f8nsker \u00e5 bringe noe friskt og nytt til tradisjonen, med utgangspunkt i Jonathan del Mars B\u00e4renreiter Urtext Edition. Dette er den f\u00f8rste nye utgaven av Beethovens symfonier p\u00e5 over 130 \u00e5r, og representerer resultatet av mange \u00e5rs forskning for \u00e5 gi oss uttrykket i notene akkurat slik Beethoven skrev dem. <\/p>\n<p>Fjerde symfoni, fullf\u00f8rt 1806, er av Beethovens mere klassiske symfonier, med den tradisjonelle besetningen. Coriolan-overtyren er inspirert av Heinrich Collins\u2019 drama om den romerske tragiske helten Gaius Marcius Coriolanus. I sin femte symfoni, Skjebnesymfonien, skaper Beethoven det som skal bli selve ikonet innen den klassiske tradisjonen.<\/p>\n<p><!--more--><\/p>\n<h4><\/h4>\n<\/p>\n<h4><\/h4>\n<p><h4><\/h4>\n<\/p>\n<p><\/p>","protected":false},"excerpt":{"rendered":"<p class=\"qtranxs-available-languages-message qtranxs-available-languages-message-no\">Post is not available in the requested language<\/p>\n<p>&#8211; It&#8217;s a long time since I&#8217;ve enjoyed a new recording of the Fourth as much as this<br \/>\n[BBC Music Magazine]<\/p>\n","protected":false},"featured_media":27580,"comment_status":"closed","ping_status":"open","template":"","meta":[],"product_brand":[],"product_cat":[180],"product_tag":[],"class_list":{"0":"post-386","1":"product","2":"type-product","3":"status-publish","4":"has-post-thumbnail","6":"product_cat-simax-classics","7":"product_shipping_class-cddvd-shipping","8":"uni_artist_tag-frank-lipp","9":"uni_artist_tag-ludwig-van-beethoven","10":"uni_artist_tag-swedish-chamber-orchestra-orebro","11":"uni_artist_tag-thomas-dausgaard","12":"uni_main_artist_tag-swedish-chamber-orchestra-orebro","13":"uni_artist_genre-beethoven-complete-orchestral-works","14":"uni_artist_genre-complete","15":"uni_artist_genre-orchestral","17":"first","18":"outofstock","19":"taxable","20":"shipping-taxable","21":"product-type-simple"},"_links":{"self":[{"href":"https:\/\/grappa.no\/no\/wp-json\/wp\/v2\/product\/386","targetHints":{"allow":["GET"]}}],"collection":[{"href":"https:\/\/grappa.no\/no\/wp-json\/wp\/v2\/product"}],"about":[{"href":"https:\/\/grappa.no\/no\/wp-json\/wp\/v2\/types\/product"}],"replies":[{"embeddable":true,"href":"https:\/\/grappa.no\/no\/wp-json\/wp\/v2\/comments?post=386"}],"wp:featuredmedia":[{"embeddable":true,"href":"https:\/\/grappa.no\/no\/wp-json\/wp\/v2\/media\/27580"}],"wp:attachment":[{"href":"https:\/\/grappa.no\/no\/wp-json\/wp\/v2\/media?parent=386"}],"wp:term":[{"taxonomy":"product_brand","embeddable":true,"href":"https:\/\/grappa.no\/no\/wp-json\/wp\/v2\/product_brand?post=386"},{"taxonomy":"product_cat","embeddable":true,"href":"https:\/\/grappa.no\/no\/wp-json\/wp\/v2\/product_cat?post=386"},{"taxonomy":"product_tag","embeddable":true,"href":"https:\/\/grappa.no\/no\/wp-json\/wp\/v2\/product_tag?post=386"}],"curies":[{"name":"wp","href":"https:\/\/api.w.org\/{rel}","templated":true}]}}