{"id":38593,"date":"2020-11-20T10:45:12","date_gmt":"2020-11-20T09:45:12","guid":{"rendered":"https:\/\/grappa.no\/?post_type=product&#038;p=38593"},"modified":"2023-06-19T19:01:56","modified_gmt":"2023-06-19T18:01:56","slug":"juleroser","status":"publish","type":"product","link":"https:\/\/grappa.no\/no\/albums\/grappa\/juleroser\/","title":{"rendered":"Herborg Kr\u00e5kevik &#8211; Juleroser"},"content":{"rendered":"<p>De siste a\u030arene har juleheftet Juleroser med redakt\u00f8r Herborg Kra\u030akevik &#8211; der noen av landets fremste forfattere og kunstnere bidrar &#8211; blitt en kj\u00e6r del av julestemningen i mange hjem rundt om i landet. I tillegg til \u00e5rets hefte, ny sangbok og turn\u00e9 kommer ogs\u00e5 albumet <em>Juleroser<\/em>, som har fa\u030att ekstra brask og bram fra Bergens Filharmoniske Orkester. Pa\u030a plata medvirker ogsa\u030a Bj\u00f8rn Eidsva\u030ag, Trygve Skaug, Marianne Pentha, Randa og Aniston fra Fargespill, Edvard Grieg Kor og AURORA.<\/p>\n<p>\u2013 Helt sidan den fyrste songen vart skriven til Juleroser i 2015, har eg h\u00e5pa at me ein dag kunne spela desse songane inn. At det skulle bli s\u00e5 mange gode songar, og at innspelinga skulle gjerast med sj\u00f8lvaste Bergen Filharmoniske orkester og Mathias Eick, v\u00e5ga eg ikkje tru p\u00e5 den gongen, forteller Herborg Kr\u00e5kevik<\/p>\n<p>&nbsp;<\/p>\n<p><!--more--><\/p>\n<p>De siste a\u030arene har juleheftet Juleroser med redakt\u00f8r Herborg Kra\u030akevik &#8211; der noen av landets fremste forfattere og kunstnere bidrar &#8211; blitt en kj\u00e6r del av julestemningen i mange hjem rundt om i landet. I tillegg til \u00e5rets hefte, ny sangbok og turn\u00e9 kommer ogs\u00e5 albumet <em>Juleroser<\/em>, som har fa\u030att ekstra brask og bram fra Bergens Filharmoniske Orkester. Pa\u030a plata medvirker ogsa\u030a Bj\u00f8rn Eidsva\u030ag, Trygve Skaug, Marianne Pentha, Randa og Aniston fra Fargespill, Edvard Grieg Kor og AURORA.<\/p>\n<p>\u2013 Helt sidan den fyrste songen vart skriven til Juleroser i 2015, har eg h\u00e5pa at me ein dag kunne spela desse songane inn. At det skulle bli s\u00e5 mange gode songar, og at innspelinga skulle gjerast med sj\u00f8lvaste Bergen Filharmoniske orkester og Mathias Eick, v\u00e5ga eg ikkje tru p\u00e5 den gongen, forteller Herborg Kr\u00e5kevik.<\/p>\n","protected":false},"excerpt":{"rendered":"<p>\u00c5rets juleplate fra Herborg Kr\u00e5kevik og Bergen Filharmoniske Orkester! Pa\u030a plata medvirker ogsa\u030a Bj\u00f8rn Eidsva\u030ag, Trygve Skaug, Marianne Pentha, Randa og Aniston fra Fargespill, Edvard Grieg Kor og AURORA.<\/p>\n","protected":false},"featured_media":38594,"comment_status":"closed","ping_status":"closed","template":"","meta":[],"product_brand":[],"product_cat":[6],"product_tag":[],"class_list":{"0":"post-38593","1":"product","2":"type-product","3":"status-publish","4":"has-post-thumbnail","6":"product_cat-grappa","7":"product_shipping_class-cddvd-shipping","8":"uni_artist_tag-aurora","9":"uni_artist_tag-bergen-filharmoniske-orkester","10":"uni_artist_tag-bjorn-eidsvag","11":"uni_artist_tag-fargespill","12":"uni_artist_tag-herborg-krakevik","13":"uni_artist_tag-marianne-pentha","14":"uni_artist_tag-mathias-eick","15":"uni_artist_tag-trygve-skaug","16":"uni_main_artist_tag-bergen-filharmoniske-orkester","17":"uni_main_artist_tag-herborg-krakevik","18":"uni_artist_genre-christmas-music","20":"first","21":"instock","22":"taxable","23":"shipping-taxable","24":"purchasable","25":"product-type-simple"},"_links":{"self":[{"href":"https:\/\/grappa.no\/no\/wp-json\/wp\/v2\/product\/38593","targetHints":{"allow":["GET"]}}],"collection":[{"href":"https:\/\/grappa.no\/no\/wp-json\/wp\/v2\/product"}],"about":[{"href":"https:\/\/grappa.no\/no\/wp-json\/wp\/v2\/types\/product"}],"replies":[{"embeddable":true,"href":"https:\/\/grappa.no\/no\/wp-json\/wp\/v2\/comments?post=38593"}],"wp:featuredmedia":[{"embeddable":true,"href":"https:\/\/grappa.no\/no\/wp-json\/wp\/v2\/media\/38594"}],"wp:attachment":[{"href":"https:\/\/grappa.no\/no\/wp-json\/wp\/v2\/media?parent=38593"}],"wp:term":[{"taxonomy":"product_brand","embeddable":true,"href":"https:\/\/grappa.no\/no\/wp-json\/wp\/v2\/product_brand?post=38593"},{"taxonomy":"product_cat","embeddable":true,"href":"https:\/\/grappa.no\/no\/wp-json\/wp\/v2\/product_cat?post=38593"},{"taxonomy":"product_tag","embeddable":true,"href":"https:\/\/grappa.no\/no\/wp-json\/wp\/v2\/product_tag?post=38593"}],"curies":[{"name":"wp","href":"https:\/\/api.w.org\/{rel}","templated":true}]}}