{"id":38585,"date":"2020-11-18T09:33:34","date_gmt":"2020-11-18T08:33:34","guid":{"rendered":"https:\/\/grappa.no\/?post_type=product&#038;p=38585"},"modified":"2024-03-12T12:59:44","modified_gmt":"2024-03-12T11:59:44","slug":"steinar-raknes-on-the-road","status":"publish","type":"product","link":"https:\/\/grappa.no\/no\/albums\/grappa\/steinar-raknes-on-the-road\/","title":{"rendered":"Steinar Raknes &#8211; On The Road"},"content":{"rendered":"<p><\/p>\n<p>Albumet \u00abOn the Road\u00bb inneholder 11 l\u00e5ter som Steinar skrev ute p\u00e5 veien, b\u00e5de rundt omkring i Norge og andre steder i verden. Tekstene her reflekterer de blandede f\u00f8lelsene med \u00e5 reise; hvordan det er fantastisk \u00e5 kunne dra ut for \u00e5 spille musikk, samtidig som det er vondt \u00e5 v\u00e6re borte fra de man er mest glad i. <\/p>\n<p>","protected":false},"excerpt":{"rendered":"<p>Albumet \u00abOn the Road\u00bb inneholder 11 l\u00e5ter som Steinar skrev ute p\u00e5 veien, b\u00e5de rundt omkring i Norge og andre steder i verden. Tekstene her reflekterer de blandede f\u00f8lelsene med \u00e5 reise; hvordan det er fantastisk \u00e5 kunne dra ut for \u00e5 spille musikk, samtidig som det er vondt \u00e5 v\u00e6re borte fra de man er mest glad i.<\/p>\n","protected":false},"featured_media":38586,"comment_status":"closed","ping_status":"closed","template":"","meta":[],"product_brand":[],"product_cat":[6],"product_tag":[7998,7997],"class_list":{"0":"post-38585","1":"product","2":"type-product","3":"status-publish","4":"has-post-thumbnail","6":"product_cat-grappa","7":"product_tag-on-the-road","8":"product_tag-steinar-raknes","9":"product_shipping_class-cddvd-shipping","10":"uni_artist_tag-steinar-raknes","11":"uni_main_artist_tag-steinar-raknes","12":"uni_artist_genre-americana","13":"uni_artist_genre-blues","14":"uni_artist_genre-rock","15":"uni_artist_genre-roots","17":"first","18":"instock","19":"taxable","20":"shipping-taxable","21":"purchasable","22":"product-type-variable"},"_links":{"self":[{"href":"https:\/\/grappa.no\/no\/wp-json\/wp\/v2\/product\/38585","targetHints":{"allow":["GET"]}}],"collection":[{"href":"https:\/\/grappa.no\/no\/wp-json\/wp\/v2\/product"}],"about":[{"href":"https:\/\/grappa.no\/no\/wp-json\/wp\/v2\/types\/product"}],"replies":[{"embeddable":true,"href":"https:\/\/grappa.no\/no\/wp-json\/wp\/v2\/comments?post=38585"}],"wp:featuredmedia":[{"embeddable":true,"href":"https:\/\/grappa.no\/no\/wp-json\/wp\/v2\/media\/38586"}],"wp:attachment":[{"href":"https:\/\/grappa.no\/no\/wp-json\/wp\/v2\/media?parent=38585"}],"wp:term":[{"taxonomy":"product_brand","embeddable":true,"href":"https:\/\/grappa.no\/no\/wp-json\/wp\/v2\/product_brand?post=38585"},{"taxonomy":"product_cat","embeddable":true,"href":"https:\/\/grappa.no\/no\/wp-json\/wp\/v2\/product_cat?post=38585"},{"taxonomy":"product_tag","embeddable":true,"href":"https:\/\/grappa.no\/no\/wp-json\/wp\/v2\/product_tag?post=38585"}],"curies":[{"name":"wp","href":"https:\/\/api.w.org\/{rel}","templated":true}]}}