{"id":38549,"date":"2020-10-23T16:22:23","date_gmt":"2020-10-23T15:22:23","guid":{"rendered":"https:\/\/grappa.no\/?post_type=product&#038;p=38549"},"modified":"2020-10-27T16:53:21","modified_gmt":"2020-10-27T15:53:21","slug":"vara-ungkar-og-gaa-fri","status":"publish","type":"product","link":"https:\/\/grappa.no\/no\/albums\/heilo\/vara-ungkar-og-gaa-fri\/","title":{"rendered":"Vara ungkar og g\u00e5 fri &#8211; sl\u00e5tter etter Truls \u00d8rpen"},"content":{"rendered":"<p><\/p>\n<div class=\"\">\n<p><strong>Debututgivelse fra Per \u00c5smund Omholt (57)<\/strong><\/p>\n<p>Springaren \u00abVara ungkar og g\u00e5 fri\u00bb har gitt navn til dette albumet som n\u00e5 blir utgitt p\u00e5 Heilo (Grappa Musikkforlag). Per \u00c5smund Omholt, opprinnelig fra Veme p\u00e5 Ringerike, gir ut sitt f\u00f8rste solo-album med hardingfelesl\u00e5tter i tradisjon etter Truls \u00d8rpen fra Kr\u00f8dsherad. Gjennom mange \u00e5r har han fordypet seg i dette materialet og brukt det som grunnlag for forskning og annen formidling. Endelig har anledningen kommet for \u00e5 kunne realisere musikken i en utgivelse.<\/p>\n<\/div>\n<p>&nbsp;<\/p>\n<p><!--more--><\/p>\n<p>&nbsp;<\/p>\n<div class=\"\">\n<p><strong>Truls \u00d8rpen <\/strong>var en sentral skikkelse i det organiserte folkemusikkmilj\u00f8et i f\u00f8rste halvdel av 1900-tallet. I heimbygda Kr\u00f8dsherad l\u00e6rte han av spelemenn f\u00f8dt til dels f\u00f8r midten av 1800-tallet og fikk p\u00e5 den m\u00e5ten samlet et stort repertoar av springar, halling og reisel\u00e5tter (brudemarsjer) som hadde v\u00e6rt i bruk i bygda. Dette eldre repertoaret er i s\u00e5 m\u00e5te godt dokumentert, men har likevel v\u00e6rt lite \u00e5 h\u00f8re p\u00e5 kappleiker og konserter i seinere tid.<\/p>\n<p>Mange av sl\u00e5ttene p\u00e5 denne produksjonen er varianter av velkjente sl\u00e5tter fra nabodistrikt, men en del ser ut til \u00e5 v\u00e6re unike for bygda, og er trolig ukjente for de fleste. \u00abKryllingsl\u00e5ttene\u00bb kan nok virke noe rett fram \u2013 korte og enkle i form \u2013 men de er rike p\u00e5 ornamentikk og har tonale og klanglige avskygninger som danner kontraster til mye annet materiale som er vanlig \u00e5 h\u00f8re i dag.<\/p>\n<p><strong>Per \u00c5smund Omholt<\/strong> arbeider som forsker og pedagog ved folkemusikkstudiet p\u00e5 Rauland, Universitet i S\u00f8r\u00f8st-Norge. Her underviser han i tradisjonelt sl\u00e5ttespill p\u00e5 hardingfele og sj\u00f8fl\u00f8yte samt i musikkteoretiske, kulturhistoriske og samfunnsfaglige emner. Forskningen har s\u00e6rlig v\u00e6rt rettet mot studier av struktur og tonalitet i folkemusikken.<\/p>\n<\/div>\n<h4><\/h4>\n<p><\/p>","protected":false},"excerpt":{"rendered":"<p>Springaren \u00abVara ungkar og g\u00e5 fri\u00bb har gitt navn til Per \u00c5smund Omholt, opprinnelig fra Veme p\u00e5 Ringerike, sitt f\u00f8rste solo-album med hardingfelesl\u00e5tter i tradisjon etter Truls \u00d8rpen fra Kr\u00f8dsherad.<\/p>\n","protected":false},"featured_media":38550,"comment_status":"closed","ping_status":"closed","template":"","meta":[],"product_brand":[],"product_cat":[35],"product_tag":[],"class_list":{"0":"post-38549","1":"product","2":"type-product","3":"status-publish","4":"has-post-thumbnail","6":"product_cat-heilo","7":"product_shipping_class-cddvd-shipping","8":"uni_main_artist_tag-per-asmund-omholt","9":"uni_artist_genre-folkemusikk","10":"uni_artist_genre-tradisjonsmusikk","12":"first","13":"instock","14":"taxable","15":"shipping-taxable","16":"purchasable","17":"product-type-simple"},"_links":{"self":[{"href":"https:\/\/grappa.no\/no\/wp-json\/wp\/v2\/product\/38549","targetHints":{"allow":["GET"]}}],"collection":[{"href":"https:\/\/grappa.no\/no\/wp-json\/wp\/v2\/product"}],"about":[{"href":"https:\/\/grappa.no\/no\/wp-json\/wp\/v2\/types\/product"}],"replies":[{"embeddable":true,"href":"https:\/\/grappa.no\/no\/wp-json\/wp\/v2\/comments?post=38549"}],"wp:featuredmedia":[{"embeddable":true,"href":"https:\/\/grappa.no\/no\/wp-json\/wp\/v2\/media\/38550"}],"wp:attachment":[{"href":"https:\/\/grappa.no\/no\/wp-json\/wp\/v2\/media?parent=38549"}],"wp:term":[{"taxonomy":"product_brand","embeddable":true,"href":"https:\/\/grappa.no\/no\/wp-json\/wp\/v2\/product_brand?post=38549"},{"taxonomy":"product_cat","embeddable":true,"href":"https:\/\/grappa.no\/no\/wp-json\/wp\/v2\/product_cat?post=38549"},{"taxonomy":"product_tag","embeddable":true,"href":"https:\/\/grappa.no\/no\/wp-json\/wp\/v2\/product_tag?post=38549"}],"curies":[{"name":"wp","href":"https:\/\/api.w.org\/{rel}","templated":true}]}}