{"id":38516,"date":"2020-10-16T10:45:46","date_gmt":"2020-10-16T09:45:46","guid":{"rendered":"https:\/\/grappa.no\/?post_type=product&#038;p=38516"},"modified":"2025-06-13T12:10:25","modified_gmt":"2025-06-13T11:10:25","slug":"slutte-og-byne","status":"publish","type":"product","link":"https:\/\/grappa.no\/no\/albums\/heilo\/slutte-og-byne\/","title":{"rendered":"slutte og byne"},"content":{"rendered":"<p>Fire \u00e5r etter sitt forrige album er Valkyrien Allstars endelig tilbake med<br \/>\nfullengderen slutte og byne 16. oktober.<br \/>\nDen siste tiden har Valkyrien Allstars isolert seg inne p\u00e5 \u00f8vingslokalet, som har<br \/>\nresultert i det sjette studioalbumet som kommer fra gruppa, og som frontfigur Tuva Syvertsen sier:<br \/>\n\u2013 Ingen av sangene er d\u00e5rlige.<\/p>\n<p><!--more--><\/p>\n<p>P\u00e5 slutte og byne har bandet i denne omgang latt seg irritere over egne liv og latt seg inspirere av idiotene de heldigvis m\u00e5 dele dem med. Det har blitt til popmusikk med vedvarende nikk til tradisjonsmusikken som var bandets utgangspunkt da de platedebuterte, noe vi allerede har f\u00e5tt h\u00f8re p\u00e5 singler som nettopp \u00abslutte og byne\u00bb, \u00abmidtstripa\u00bb, og \u00abalt g\u00e5r an \u00e5 la v\u00e6r\u00bb. P\u00e5 albumet er det totalt ni l\u00e5ter som utforsker<br \/>\ndette p\u00e5 glimrende vis.<\/p>\n<p>Fra Valkyrien Allstars slapp sin selvtitulerte debutplate i 2007, et album som raskt solgte til gull, har de fortsatt med \u00e5 utforske og utfordre bruken av tradisjonelle instrumenter og norsk folkemusikk i et kontempor\u00e6rt uttrykk. Bandet har v\u00e6rt usedvanlig aktive og har gjennom 13 \u00e5r med iherdig konsertvirksomhet utviklet seg til et solid og lekent liveband som aldri spiller to like konserter. Tuva Syvertsen satte dessuten et sterkt preg p\u00e5 \u00e5rets utgave av TV2s \u00abHver gang vi m\u00f8tes\u00bb, og \u00e9n av<br \/>\n\u00e5rets desidert mest kritikerroste artister der.<\/p>\n<p>Dette et band i stadig forandring. Det som begynte som en ren hardingfeletrio har utviklet seg til noe som rett og slett er litt vanskelig \u00e5 beskrive-det m\u00e5 oppleves.<\/p>\n","protected":false},"excerpt":{"rendered":"<p>Den siste tiden har Valkyrien Allstars isolert seg inne p\u00e5 \u00f8vingslokalet, som har<br \/>\nresultert i det sjette studioalbumet som kommer fra gruppa, og som frontfigur Tuva Syvertsen sier:<br \/>\n\u2013 Ingen av sangene er d\u00e5rlige.<\/p>\n","protected":false},"featured_media":38505,"comment_status":"closed","ping_status":"closed","template":"","meta":[],"product_brand":[],"product_cat":[35],"product_tag":[],"class_list":{"0":"post-38516","1":"product","2":"type-product","3":"status-publish","4":"has-post-thumbnail","6":"product_cat-heilo","7":"product_shipping_class-cddvd-shipping","8":"uni_main_artist_tag-valkyrien-allstars","9":"uni_artist_genre-folk-music","10":"uni_artist_genre-indie","12":"first","13":"instock","14":"taxable","15":"shipping-taxable","16":"purchasable","17":"product-type-variable","18":"has-default-attributes"},"_links":{"self":[{"href":"https:\/\/grappa.no\/no\/wp-json\/wp\/v2\/product\/38516","targetHints":{"allow":["GET"]}}],"collection":[{"href":"https:\/\/grappa.no\/no\/wp-json\/wp\/v2\/product"}],"about":[{"href":"https:\/\/grappa.no\/no\/wp-json\/wp\/v2\/types\/product"}],"replies":[{"embeddable":true,"href":"https:\/\/grappa.no\/no\/wp-json\/wp\/v2\/comments?post=38516"}],"wp:featuredmedia":[{"embeddable":true,"href":"https:\/\/grappa.no\/no\/wp-json\/wp\/v2\/media\/38505"}],"wp:attachment":[{"href":"https:\/\/grappa.no\/no\/wp-json\/wp\/v2\/media?parent=38516"}],"wp:term":[{"taxonomy":"product_brand","embeddable":true,"href":"https:\/\/grappa.no\/no\/wp-json\/wp\/v2\/product_brand?post=38516"},{"taxonomy":"product_cat","embeddable":true,"href":"https:\/\/grappa.no\/no\/wp-json\/wp\/v2\/product_cat?post=38516"},{"taxonomy":"product_tag","embeddable":true,"href":"https:\/\/grappa.no\/no\/wp-json\/wp\/v2\/product_tag?post=38516"}],"curies":[{"name":"wp","href":"https:\/\/api.w.org\/{rel}","templated":true}]}}