{"id":38511,"date":"2020-10-17T08:00:24","date_gmt":"2020-10-17T07:00:24","guid":{"rendered":"https:\/\/grappa.no\/?post_type=product&#038;p=38511"},"modified":"2025-06-13T14:18:52","modified_gmt":"2025-06-13T13:18:52","slug":"baknesteblane","status":"publish","type":"product","link":"https:\/\/grappa.no\/no\/albums\/grappa\/baknesteblane\/","title":{"rendered":"Bak neste bl\u00e5ne"},"content":{"rendered":"<p><\/p>\n<div class=\"\"><span class=\"\">I 1980 dro Helge Gr\u00f8nhaug og Bo Gr\u00f8nnings\u00e6ter p\u00e5 kino for \u00e5 se \u00abLife of Brian\u00bb. Da de forlot salen, stiftet de bandet De Musikalske Dvergene med slagordet \u00abGarantert ambisjonsl\u00f8s rock\u00bb. <\/span><\/div>\n<div class=\"\"><span class=\"\">N\u00e5 \u2013 40 \u00e5r senere \u2013 st\u00e5r bandet fortsatt st\u00f8tt, og gir om et par uker ut sitt tiende album.\u00a0<\/span><\/div>\n<div class=\"\"><span class=\"\"><em class=\"\">Bak neste bl\u00e5ne<\/em>\u00a0viser at de \u2013 til tross for slagordet \u2013\u00a0 i h\u00f8yeste grad leverer kvalitetsbevisst rock. Dette er allerede demonstrert med singlene \u00abHjertegod\u00bb og \u00abEg liker biff\u00bb. Med sine ytterligere \u00e5tte nye l\u00e5ter viser\u00a0<em class=\"\">Bak neste bl\u00e5ne<\/em>\u00a0at DMD fortsatt er solid forankret i norsk rock p\u00e5 norsk.<\/span><\/div>\n<p><!--more--><\/p>\n<p>Nytt album fra De Musikalske Dvergene. Dagen etter feirer de 40 \u00e5r som band!<\/p>\n<div class=\"\"><span class=\"\">I 1980 dro Helge Gr\u00f8nhaug og Bo Gr\u00f8nnings\u00e6ter p\u00e5 kino for \u00e5 se \u00abLife of Brian\u00bb. Da de forlot salen, stiftet de bandet De Musikalske Dvergene med slagordet \u00abGarantert ambisjonsl\u00f8s rock\u00bb. N\u00e5 \u2013 40 \u00e5r senere \u2013 st\u00e5r bandet fortsatt st\u00f8tt, og gir om et par uker ut sitt tiende album.\u00a0<\/span><\/div>\n<div><\/div>\n<div class=\"\"><span class=\"\"><em class=\"\">Bak neste bl\u00e5ne<\/em>\u00a0viser at de \u2013 til tross for slagordet \u2013\u00a0 i h\u00f8yeste grad leverer kvalitetsbevisst rock. Dette er allerede demonstrert med singlene \u00abHjertegod\u00bb og \u00abEg liker biff\u00bb. Med sine ytterligere \u00e5tte nye l\u00e5ter viser\u00a0<em class=\"\">Bak neste bl\u00e5ne<\/em>\u00a0at DMD fortsatt er solid forankret i norsk rock p\u00e5 norsk.<\/span><\/div>\n<div><\/div>\n<div class=\"\"><span class=\"\">\u2013 Dette er v\u00e5rt tiende album! Da er det lov \u00e5 ta en pause og tenke p\u00e5 tiden som g\u00e5r og ting vi setter pris p\u00e5. Tunge tanker f\u00e5r ofte stor plass om du er aldri s\u00e5 hjertegod, og at alt har en pris er noe kreditorer og ufyselige mennesker er skremmende oppmerksom p\u00e5. Radio og fjernsyn skriker, aviser maler med bred pensel, sosiale medier er uten folkeskikk, synsere rir sine kjepphester mens dr\u00f8mmen om et enkelt, anstendig liv synes \u00e5 svinne sakte hen i t\u00e5ken. Men vi nekter \u00e5 gi slipp! Vi padler frimodig videre og lurer p\u00e5 hva som dukker frem bak neste bl\u00e5ne, sier bandet.<\/span><\/div>\n<div><\/div>\n<div class=\"\"><span class=\"\"><em class=\"\">Bak neste bl\u00e5ne<\/em>\u00a0er laget i tett samarbeid med Svein Hovland (produsent) og K\u00e5re Klavenes (innspilling og mastring). Med seg har de ogs\u00e5 Ine Tumyr (Mighty Magnolias).<\/span><\/div>\n<div><\/div>\n<div class=\"\"><span class=\"\">De Musikalske Dvergene er:\u00a0<\/span><\/div>\n<div class=\"\"><span class=\"\">Helge Gr\u00f8nhaug (sang, gitar)<\/span><\/div>\n<div class=\"\"><span class=\"\">Arne Gr\u00f8nhaug (gitar, kor)<\/span><\/div>\n<div class=\"\"><span class=\"\">\u00d8ivind Lunde (bass)<\/span><\/div>\n<div class=\"\"><span class=\"\">Tom Harry Halvorsen (tangenter, kor)<\/span><\/div>\n<div class=\"\"><span class=\"\">Willy Korneliussen (trommer).<\/span><\/div>\n<h4><\/h4>\n<h4><\/h4>\n<p><\/p>","protected":false},"excerpt":{"rendered":"<p>De Musikalske Dvergene feirer 40-\u00e5rsjubileum med det nye albumet &#8220;Bak neste bl\u00e5ne&#8221;<\/p>\n","protected":false},"featured_media":38514,"comment_status":"closed","ping_status":"closed","template":"","meta":[],"product_brand":[],"product_cat":[6],"product_tag":[],"class_list":{"0":"post-38511","1":"product","2":"type-product","3":"status-publish","4":"has-post-thumbnail","6":"product_cat-grappa","7":"product_shipping_class-cddvd-shipping","8":"uni_artist_tag-de-musikalske-dvergene","9":"uni_main_artist_tag-de-musikalske-dvergene","10":"uni_artist_genre-norsk","11":"uni_artist_genre-pop","12":"uni_artist_genre-rock","14":"first","15":"instock","16":"taxable","17":"shipping-taxable","18":"purchasable","19":"product-type-variable","20":"has-default-attributes"},"_links":{"self":[{"href":"https:\/\/grappa.no\/no\/wp-json\/wp\/v2\/product\/38511","targetHints":{"allow":["GET"]}}],"collection":[{"href":"https:\/\/grappa.no\/no\/wp-json\/wp\/v2\/product"}],"about":[{"href":"https:\/\/grappa.no\/no\/wp-json\/wp\/v2\/types\/product"}],"replies":[{"embeddable":true,"href":"https:\/\/grappa.no\/no\/wp-json\/wp\/v2\/comments?post=38511"}],"wp:featuredmedia":[{"embeddable":true,"href":"https:\/\/grappa.no\/no\/wp-json\/wp\/v2\/media\/38514"}],"wp:attachment":[{"href":"https:\/\/grappa.no\/no\/wp-json\/wp\/v2\/media?parent=38511"}],"wp:term":[{"taxonomy":"product_brand","embeddable":true,"href":"https:\/\/grappa.no\/no\/wp-json\/wp\/v2\/product_brand?post=38511"},{"taxonomy":"product_cat","embeddable":true,"href":"https:\/\/grappa.no\/no\/wp-json\/wp\/v2\/product_cat?post=38511"},{"taxonomy":"product_tag","embeddable":true,"href":"https:\/\/grappa.no\/no\/wp-json\/wp\/v2\/product_tag?post=38511"}],"curies":[{"name":"wp","href":"https:\/\/api.w.org\/{rel}","templated":true}]}}