{"id":385,"date":"1999-09-09T00:00:00","date_gmt":"1999-09-08T23:00:00","guid":{"rendered":"http:\/\/www.grappa.no\/albums\/uncategorized\/the-complete-orchestral-works-of-beethoven-vol-1\/"},"modified":"2019-02-22T15:46:54","modified_gmt":"2019-02-22T14:46:54","slug":"beethoven-symphonies-nos-1-and-2-musik-zu-einem-ritterballet","status":"publish","type":"product","link":"https:\/\/grappa.no\/no\/albums\/simax-classics\/beethoven-symphonies-nos-1-and-2-musik-zu-einem-ritterballet\/","title":{"rendered":"Beethoven: Symphonies nos. 1 and 2, Musik z\u00fc Einem Ritterballet"},"content":{"rendered":"<p><\/p>\n<p>Beethoven komplett orkestermusikk, vol. 1<\/p>\n<p>Den f\u00f8rste utgivelsen i en virkelig storsatsing fra Simax Classics. Den danske dirigenten Thomas Dausgaard har tiltr\u00e5dt som sjefsdirigent for Det Svenske Kammerorkesteret, og et prosjekt som vil strekke seg over de neste fem \u00e5r er satt i gang. Med utgangspunkt i B\u00e4renreiter Urtext Edition, redigert av Jonathan del Mar, spiller Dausgaard inn Beethovens komplette orkestermusikk.<\/p>\n<p>F\u00f8rst ut er Muzik zu Einem Ritterballett, et ungdomsverk fra komponistens h\u00e5nd. Beethovens karakteristiske trekk er imidlertid allerede h\u00f8rbart til stede. Mer kjente toner, for de fleste, er det i de to f\u00f8rste symfonier. Dausgaard\/SwCO har en spilleglede som smitter over p\u00e5 lytteren. Ensemblets kompakthet er ypperlig egnet til repertoaret, og gir lytteren anledning til virkelig \u00e5 nyte den store mesters kunst.<\/p>\n<p><!--more--><\/p>\n<h4><\/h4>\n<\/p>\n<h4><\/h4>\n<p><h4><\/h4>\n<\/p>\n<p><\/p>","protected":false},"excerpt":{"rendered":"<p>En spennende start p\u00e5 et prosjekt som virkelig vil sette Dausgaard &amp; Co p\u00e5 kartet.<\/p>\n","protected":false},"featured_media":27578,"comment_status":"closed","ping_status":"open","template":"","meta":[],"product_brand":[],"product_cat":[180],"product_tag":[],"class_list":{"0":"post-385","1":"product","2":"type-product","3":"status-publish","4":"has-post-thumbnail","6":"product_cat-simax-classics","7":"product_shipping_class-cddvd-shipping","8":"uni_artist_tag-frank-lipp","9":"uni_artist_tag-ludwig-van-beethoven","10":"uni_artist_tag-swedish-chamber-orchestra-orebro","11":"uni_artist_tag-thomas-dausgaard","12":"uni_main_artist_tag-swedish-chamber-orchestra-orebro","13":"uni_artist_genre-beethoven-complete-orchestral-works","14":"uni_artist_genre-classical","15":"uni_artist_genre-complete","16":"uni_artist_genre-orchestral","18":"first","19":"instock","20":"taxable","21":"shipping-taxable","22":"purchasable","23":"product-type-simple"},"_links":{"self":[{"href":"https:\/\/grappa.no\/no\/wp-json\/wp\/v2\/product\/385","targetHints":{"allow":["GET"]}}],"collection":[{"href":"https:\/\/grappa.no\/no\/wp-json\/wp\/v2\/product"}],"about":[{"href":"https:\/\/grappa.no\/no\/wp-json\/wp\/v2\/types\/product"}],"replies":[{"embeddable":true,"href":"https:\/\/grappa.no\/no\/wp-json\/wp\/v2\/comments?post=385"}],"wp:featuredmedia":[{"embeddable":true,"href":"https:\/\/grappa.no\/no\/wp-json\/wp\/v2\/media\/27578"}],"wp:attachment":[{"href":"https:\/\/grappa.no\/no\/wp-json\/wp\/v2\/media?parent=385"}],"wp:term":[{"taxonomy":"product_brand","embeddable":true,"href":"https:\/\/grappa.no\/no\/wp-json\/wp\/v2\/product_brand?post=385"},{"taxonomy":"product_cat","embeddable":true,"href":"https:\/\/grappa.no\/no\/wp-json\/wp\/v2\/product_cat?post=385"},{"taxonomy":"product_tag","embeddable":true,"href":"https:\/\/grappa.no\/no\/wp-json\/wp\/v2\/product_tag?post=385"}],"curies":[{"name":"wp","href":"https:\/\/api.w.org\/{rel}","templated":true}]}}