{"id":38439,"date":"2020-10-16T09:50:20","date_gmt":"2020-10-16T08:50:20","guid":{"rendered":"https:\/\/grappa.no\/?post_type=product&#038;p=38439"},"modified":"2020-11-11T08:35:09","modified_gmt":"2020-11-11T07:35:09","slug":"christian-sinding-works-for-violin-and-piano","status":"publish","type":"product","link":"https:\/\/grappa.no\/no\/albums\/simax-classics\/christian-sinding-works-for-violin-and-piano\/","title":{"rendered":"Christian Sinding Works for Violin and Piano"},"content":{"rendered":"<p><\/p>\n<p>Christian Sindings frodige og engasjerende musikk stod p\u00e5 repertoaret til Jascha Heifetz og andre fremragende ut\u00f8vere i begynnelsen av det forrige \u00e5rhundre. Tross dette er det bare noen av Sindings verk for fiolin og klaver som er kjente s\u00e5 langt. Jonas B\u00e5tstrand og J\u00f8rn Fossheim har n\u00e5 funnet flere stykker av den norske komponisten som aldri har v\u00e6rt spilt inn tidligere, og p\u00e5 denne doble utgivelsen viser de to eminente musikerne Sindings mesterskap i b\u00e5de kjente og helt ukjente stykker.<\/p>\n<p><!--more--><\/p>\n<p><strong>Christian Sindings frodige og engasjerende musikk stod p\u00e5 repertoaret til Jascha Heifetz og andre fremragende ut\u00f8vere i begynnelsen av det forrige \u00e5rhundre. Tross dette er det bare noen av Sindings verk for fiolin og klaver som er kjente s\u00e5 langt. Jonas B\u00e5tstrand og J\u00f8rn Fossheim har n\u00e5 funnet flere stykker av den norske komponisten som aldri har v\u00e6rt spilt inn tidligere, og p\u00e5 denne doble utgivelsen viser de to eminente musikerne Sindings mesterskap i b\u00e5de kjente og helt ukjente stykker.<\/strong><\/p>\n<p>Sinding var den f\u00f8rste som fikk bo i statens \u00e6resbolig for kunstnere; \u2018Grotten\u2019 i Slottsparken fra 1926. Men veien frem til denne anerkjennelsen var lang og preget av \u00f8konomiske bekymringer. Tross store \u2018hits\u2019 \u2013 \u2018Fr\u00fchlingsrauschen\u2019 utvilsomt den st\u00f8rste \u2013 var det en utfordring \u00e5 f\u00e5 endene til \u00e5 m\u00f8tes.<\/p>\n<p><strong>Fiolinist og pianist<\/strong><\/p>\n<p>Musikken p\u00e5 dette albumet er komponert mellom 1894 og 1909. Christian Sinding \u00a0(1856 \u20131941) var utdannet b\u00e5de fiolinist og pianist, og som komponist ga han gjerne like store oppgaver til begge instrumenter. I sin artikkel til utgivelsen skriver professor Harald Herresthal: \u00abNoen ganger er klaverstemmen n\u00e6rmest et eget klaververk med fiolinstemmen \u00abad libitum\u00bb og ikke \u00abobligato\u00bb. B\u00e5de klaver og fiolinstemmen stiller store tekniske krav til ut\u00f8veren, av og til nesten un\u00f8dig vanskelig, og det er en av \u00e5rsakene til at mange av verkene ikke oppn\u00e5dde popularitet og stor utbredelse blant amat\u00f8rer i det private musikklivet. Sinding skrev mye musikk som han visste forlagene ville betale for, men han ser ut til \u00e5 ha v\u00e6rt lite opptatt av om det fantes ut\u00f8vere som behersket teknikken han forutsatte.\u00bb<\/p>\n<p><strong>Jonas B\u00e5tstrand<\/strong><\/p>\n<p>Jonas B\u00e5tstrand er f\u00f8dt i 1973 og kommer fra N\u00f8tter\u00f8y. Han er utdannet ved Norges musikkh\u00f8gskole og har ogs\u00e5 solistdiplom fra Guildhall School of Music and Drama i London. Han har studert med Zakhar Bron, Camilla Wicks og Miguel Negri i Tyskland, USA og Italia. I 2010 gav han ut sin debut-CD med f\u00f8rstegangsinnspillingen av Hjalmar Borgstr\u00f8m (1864-1925) sin fiolinkonsert p\u00e5 Simax. Den fikk 6-er p\u00e5 terningen i bl.a. Aftenposten og musikkmagasinet Klassisk. Han har senere gitt ut Borgstr\u00f8ms komplette verker for fiolin og piano (PSC1237) og verker av Sinding, Irgens-Jensen og Halvorsen (PSC1335).<\/p>\n<p><strong>J\u00f8rn Fossheim<\/strong><\/p>\n<p>J\u00f8rn Fossheim har bak seg mange \u00e5r med soloopptredener i inn- og utland. Han debuterte i Oslo i 1995 med Rachmaninovs 3. klaverkonsert, til sv\u00e6rt gode kritikker. Fossheims sterke identifisering med russisk musikk f\u00f8rte til flere reiser dit allerede i studietiden, og etter hvert har Russland blitt som et andre hjemland for ham. Et s\u00e6rlig n\u00e6rt forhold har han til St. Petersburg Filharmoniske Orkester, hvor han har opptr\u00e5dt som solist flere ganger. Sammen har de ogs\u00e5 gjort en CD-innspilling av Issay Dobrowens klaverkonsert, utgitt av Simax (PSC1246). Parallelt med sitt virke som pianist startet Fossheim studier i orkesterdireksjon med Alexander Polishchuk ved konservatoriet i St. Petersburg i 2004. Siden dette har J\u00f8rn Fossheim f\u00f8rst og fremst opptr\u00e5dt som dirigent. Han har det siste ti\u00e5ret v\u00e6rt fast tilknyttet to russiske operahus \u2013 f\u00f8rst som 1. kapellmester ved Statsoperaen i Karelia, senere som sjefdirigent ved Statsoperaen i Buryatia.<\/p>\n<p><\/p>","protected":false},"excerpt":{"rendered":"<p>De to eminente musikerne B\u00e5tstrand og Fossheim viser Sindings mesterskap i b\u00e5de kjente og helt ukjente stykker.<\/p>\n","protected":false},"featured_media":38440,"comment_status":"closed","ping_status":"closed","template":"","meta":[],"product_brand":[],"product_cat":[180],"product_tag":[],"class_list":{"0":"post-38439","1":"product","2":"type-product","3":"status-publish","4":"has-post-thumbnail","6":"product_cat-simax-classics","7":"product_shipping_class-cddvd-shipping","8":"uni_artist_tag-christian-sinding","9":"uni_artist_tag-jonas-batstrand","10":"uni_artist_tag-jorn-fossheim","11":"uni_main_artist_tag-christian-sinding","12":"uni_main_artist_tag-jonas-batstrand","13":"uni_main_artist_tag-jorn-fossheim","14":"uni_artist_genre-classical","15":"uni_artist_genre-premiere-recording","17":"first","18":"instock","19":"taxable","20":"shipping-taxable","21":"purchasable","22":"product-type-simple"},"_links":{"self":[{"href":"https:\/\/grappa.no\/no\/wp-json\/wp\/v2\/product\/38439","targetHints":{"allow":["GET"]}}],"collection":[{"href":"https:\/\/grappa.no\/no\/wp-json\/wp\/v2\/product"}],"about":[{"href":"https:\/\/grappa.no\/no\/wp-json\/wp\/v2\/types\/product"}],"replies":[{"embeddable":true,"href":"https:\/\/grappa.no\/no\/wp-json\/wp\/v2\/comments?post=38439"}],"wp:featuredmedia":[{"embeddable":true,"href":"https:\/\/grappa.no\/no\/wp-json\/wp\/v2\/media\/38440"}],"wp:attachment":[{"href":"https:\/\/grappa.no\/no\/wp-json\/wp\/v2\/media?parent=38439"}],"wp:term":[{"taxonomy":"product_brand","embeddable":true,"href":"https:\/\/grappa.no\/no\/wp-json\/wp\/v2\/product_brand?post=38439"},{"taxonomy":"product_cat","embeddable":true,"href":"https:\/\/grappa.no\/no\/wp-json\/wp\/v2\/product_cat?post=38439"},{"taxonomy":"product_tag","embeddable":true,"href":"https:\/\/grappa.no\/no\/wp-json\/wp\/v2\/product_tag?post=38439"}],"curies":[{"name":"wp","href":"https:\/\/api.w.org\/{rel}","templated":true}]}}