{"id":384,"date":"2004-03-22T00:00:00","date_gmt":"2004-03-21T23:00:00","guid":{"rendered":"http:\/\/www.grappa.no\/albums\/uncategorized\/paul-dukas-the-complete-works-for-piano-solo\/"},"modified":"2019-02-22T15:46:48","modified_gmt":"2019-02-22T14:46:48","slug":"paul-dukas-the-complete-works-for-piano-solo","status":"publish","type":"product","link":"https:\/\/grappa.no\/no\/albums\/simax-classics\/paul-dukas-the-complete-works-for-piano-solo\/","title":{"rendered":"Paul Dukas: The Complete Works for Piano Solo"},"content":{"rendered":"<p><\/p>\n<p>Norsk pianist overbeviser i fransk repertoar<\/p>\n<p>Tor Espen Aspaas (f. 1971) har gjennom flere \u00e5r v\u00e6rt en ettertraktet kammermusiker for samspillspartnere som Arve Tellefsen og H\u00e5kan Hageg\u00e5rd. I tillegg har han solistoppdrag med internasjonale dirigenter som Frans Br\u00fcggen og Vassilij Sinajskij. P\u00e5 sin CD-debut presenterer Aspaas fransk repertoar som knapt finnes innspilt: Paul Dukas\u2019 (1865 \u2013 1935) komplette verker for klaver. <\/p>\n<p>At Dukas\u2019musikk er s\u00e5 sjelden innspilt henger sammen sammen med den eksepsjonelle vanskelighetsgraden stykkene har. Med musikantisk teft og briljant teknikk har Tor Espen Aspaas begitt seg inn i musikken, og resultatet er imponerende. Tonespr\u00e5ket ligger i kryssningspunktet mellom senromantikk og impresjonistiske klanger, og det passer Aspaas som h\u00e5nd i hanske.<\/p>\n<p><!--more--><\/p>\n<p>Sin relativt unge alder til tross, Tor Espen Aspaas (f. 1971) har gjennom flere \u00e5r v\u00e6rt en ettertraktet kammermusiker for samspillspartnere som Arve Tellefsen og H\u00e5kan Hageg\u00e5rd. I tillegg har han solistoppdrag med internasjonale dirigenter som Frans Br\u00fcggen og Vassilij Sinajskij. N\u00e5 solo-debuterer Aspaas p\u00e5 CD med fransk repertoar som knapt finnes innspilt: Paul Dukas\u2019 (1865 \u2013 1935) komplette verker for klaver.<\/p>\n<h4>Dukas \u2013 s\u00e5 godt som glemt<\/h4>\n<p>N\u00e5 trenger ikke leseren \u00e5 f\u00f8le seg besjemmet hvis ikke komponistens navn umiddelbart vekker assosiasjoner. Den ytterst selvkritiske og tilbaketrukne Dukas hadde kanskje v\u00e6rt fullstendig glemt i dag, hadde det ikke v\u00e6rt for at Disney brukte hans musikk i tegnefilmen Fantasia. For Dukas selv var det til liten hjelp at st\u00f8rrelser som Claude Debussy gikk offentlig ut med sv\u00e6rt rosende omtaler av musikken hans; s\u00e5 selvkritisk var han at det etter hans d\u00f8d bare finnes fire verker tilbake av hans produksjon for klaver.<\/p>\n<h4>En meget spesiell debut<\/h4>\n<p>N\u00e5r en debutant bringer ukjent repertoar av dette kaliber til torgs f\u00f8rste gang han viser seg \u2013 tolket p\u00e5 en s\u00e5 overbevisende m\u00e5te \u2013 forteller det om et meget interessant personlig kunstnerisk prosjekt. Syv \u00e5r etter den sensasjonelle debutkonserten i Universitetets Aula i Oslo er Aspaas klar med en CD som vil vekke oppsikt internasjonalt.<\/p>\n<h4>Lanseres under Vinterfestspill i Bergstaden<\/h4>\n<p>Fredag 19. mars slippes CD-en med en konsert under kammermusikkfestivalen p\u00e5 R\u00f8ros, hvor Tor Espen Aspaas er kunstnerisk leder. Det franske musikkmagasinet Diapason tar turen opp i vinternatten, og blant de andre kunstnerne der i \u00e5r er Randi Stene, Lise Fjelstad, Henning Kraggerud, Aage Kvalbein og H\u00e5vard Gimse.<br \/>\nwww.vinterfestspill.no<\/p>\n<p><\/p>","protected":false},"excerpt":{"rendered":"<p>\u2013 Absolutely superior at every level, this is world class music performed by a world class artist [International Record Review]<\/p>\n","protected":false},"featured_media":27576,"comment_status":"closed","ping_status":"open","template":"","meta":[],"product_brand":[],"product_cat":[180],"product_tag":[],"class_list":{"0":"post-384","1":"product","2":"type-product","3":"status-publish","4":"has-post-thumbnail","6":"product_cat-simax-classics","7":"product_shipping_class-cddvd-shipping","8":"uni_artist_tag-krzysztof-drab","9":"uni_artist_tag-paul-dukas","10":"uni_artist_tag-tor-espen-aspaas","11":"uni_main_artist_tag-tor-espen-aspaas","12":"uni_artist_genre-piano","13":"uni_artist_genre-solo","15":"first","16":"instock","17":"taxable","18":"shipping-taxable","19":"purchasable","20":"product-type-simple"},"_links":{"self":[{"href":"https:\/\/grappa.no\/no\/wp-json\/wp\/v2\/product\/384","targetHints":{"allow":["GET"]}}],"collection":[{"href":"https:\/\/grappa.no\/no\/wp-json\/wp\/v2\/product"}],"about":[{"href":"https:\/\/grappa.no\/no\/wp-json\/wp\/v2\/types\/product"}],"replies":[{"embeddable":true,"href":"https:\/\/grappa.no\/no\/wp-json\/wp\/v2\/comments?post=384"}],"wp:featuredmedia":[{"embeddable":true,"href":"https:\/\/grappa.no\/no\/wp-json\/wp\/v2\/media\/27576"}],"wp:attachment":[{"href":"https:\/\/grappa.no\/no\/wp-json\/wp\/v2\/media?parent=384"}],"wp:term":[{"taxonomy":"product_brand","embeddable":true,"href":"https:\/\/grappa.no\/no\/wp-json\/wp\/v2\/product_brand?post=384"},{"taxonomy":"product_cat","embeddable":true,"href":"https:\/\/grappa.no\/no\/wp-json\/wp\/v2\/product_cat?post=384"},{"taxonomy":"product_tag","embeddable":true,"href":"https:\/\/grappa.no\/no\/wp-json\/wp\/v2\/product_tag?post=384"}],"curies":[{"name":"wp","href":"https:\/\/api.w.org\/{rel}","templated":true}]}}