{"id":383,"date":"2004-09-20T00:00:00","date_gmt":"2004-09-19T23:00:00","guid":{"rendered":"http:\/\/www.grappa.no\/albums\/uncategorized\/schubert-schumann-for-cello-and-fortepiano-2\/"},"modified":"2019-02-22T15:46:45","modified_gmt":"2019-02-22T14:46:45","slug":"schubert-schumann-for-cello-and-fortepiano","status":"publish","type":"product","link":"https:\/\/grappa.no\/no\/albums\/simax-classics\/schubert-schumann-for-cello-and-fortepiano\/","title":{"rendered":"Schubert &amp; Schumann for cello and fortepiano"},"content":{"rendered":"<p><\/p>\n<p>Glaser og Glaser<\/p>\n<p>Debut-CDen er tett knyttet opp til samarbeidet Ernst Simon har med sin halvs\u00f8ster Liv Glaser, som jo er intet mindre enn en institusjon i norsk musikkliv. De to har tatt for seg noen av de mest sentrale verkene for cello og klaver i europeisk kunstmusikktradisjon, og de har gjort det ut fra en ganske spesiell vinkling. Det er nemlig Livs spesialitet hammerklaveret \u2013 og ikke det moderne flygel \u2013 som legger premissene for tolkningene her.<\/p>\n<p>Dette er to musikanter som evner \u00e5 n\u00e5 sine tilh\u00f8rere med engasjerende og gripende spill, i fremf\u00f8relser uten lesebriller eller sikkerhetsbelte. De b\u00e5de f\u00f8lger og trekker i hverandre hele tiden, utveksler tanker og ideer gjennom sin musisering mens de stadig driver det hele videre. Slik vi vil musikk skal v\u00e6re.<\/p>\n<p><!--more--><\/p>\n<p>Det knytter seg naturlig nok stor interesse rundt en CD fra den mest prisbel\u00f8nte musiker i Norge de siste \u00e5rene. Her er Ernst Simon Glasers debut-CD.<\/p>\n<h4>S\u00f8skenpar i berikende studier og samspill<\/h4>\n<p>Debut-CDen er tett knyttet opp til samarbeidet Ernst Simon har med sin halvs\u00f8ster Liv Glaser, som jo er intet mindre enn en institusjon i norsk musikkliv. De to har tatt for seg noen av de mest sentrale verkene for cello og klaver i europeisk kunstmusikktradisjon, og de har gjort det ut fra en ganske spesiell vinkling. Det er nemlig Livs spesialitet hammerklaveret \u2013 og ikke det moderne flygel \u2013 som legger premissene for tolkningene her. To hammerklaver, faktisk; et spinkelt lite Wiener-flygel til Schubert og et noe st\u00f8rre flygel til Schumann. Med den samme klangpaletten som det komponistene hadde tilgjengelig for mer enn 150 \u00e5r siden, blir tiln\u00e6rmingsm\u00e5ten ganske annerledes enn med moderne instrumenter. Med et slik instrument som samspillspartner m\u00e5 cellisten bruke en mer intim og nyanserik farge- og dynamikkskala enn han ellers ville gjort, og kommer utvilsomt n\u00e6rmere en fremf\u00f8relse slik den kan ha h\u00f8rt ut i komponistens samtid. Ernst Simon Glaser er som s\u00e5dan en representant for en bevegelse man ser mer og mer av blant unge musikere der grundige studier av oppf\u00f8relsespraksis og originalinstrumenter bli en viktig del av grunnlaget for utdannelsen generelt. Det betyr ikke at man mister seg selv i jakten p\u00e5 \u2018autentisitet\u2019, men heller lar viktig erfaring og informasjon fra disse studiene berike sin generelle musikalske stil-oppfatning og teknikk.<\/p>\n<h4>Full risiko \u2013 ingen kasko<\/h4>\n<p>N\u00e5r man leser det ovenst\u00e5ende kan det kanskje virke som om Glaserne er en litt t\u00f8rr og heller akademisk duo. Intet kan v\u00e6re lenger fra sannheten. Dette er to musikanter som evner \u00e5 n\u00e5 sine tilh\u00f8rere med engasjerende og gripende spill, i fremf\u00f8relser uten lesebriller eller sikkerhetsbelte. De b\u00e5de f\u00f8lger og trekker i hverandre hele tiden, utveksler tanker og ideer gjennom sin musisering mens de stadig driver det hele videre. Slik vi vil musikk skal v\u00e6re.<\/p>\n<p>Ernst Simon og Liv Glaser har dedisert sin f\u00f8rste CD-utgivelse sammen til sin far \u2013 den legendariske fiolinisten Ernst Glaser \u2013 som ville fylt 100 \u00e5r i 2004.<\/p>\n<h4><\/h4>\n<\/p>\n<p><\/p>","protected":false},"excerpt":{"rendered":"<p>&#8211; The more I soak in the Glasers&#8217; sympathetic musical rapport, the more I feel as though I&#8217;m eavesdropping. I&#8217;m sure the musicians will forgive all of us listening in. [9\/9 Jed Distler \/ www.classicstoday.com]<\/p>\n","protected":false},"featured_media":27575,"comment_status":"closed","ping_status":"open","template":"","meta":[],"product_brand":[],"product_cat":[180],"product_tag":[],"class_list":{"0":"post-383","1":"product","2":"type-product","3":"status-publish","4":"has-post-thumbnail","6":"product_cat-simax-classics","7":"product_shipping_class-cddvd-shipping","8":"uni_artist_tag-erik-gard-amundsen","9":"uni_artist_tag-ernst-simon-glaser","10":"uni_artist_tag-franz-schubert","11":"uni_artist_tag-liv-glaser","12":"uni_artist_tag-robert-schumann","13":"uni_main_artist_tag-liv-glaser","14":"uni_artist_genre-chamber-music","15":"uni_artist_genre-early-music","17":"first","18":"instock","19":"taxable","20":"shipping-taxable","21":"purchasable","22":"product-type-simple"},"_links":{"self":[{"href":"https:\/\/grappa.no\/no\/wp-json\/wp\/v2\/product\/383","targetHints":{"allow":["GET"]}}],"collection":[{"href":"https:\/\/grappa.no\/no\/wp-json\/wp\/v2\/product"}],"about":[{"href":"https:\/\/grappa.no\/no\/wp-json\/wp\/v2\/types\/product"}],"replies":[{"embeddable":true,"href":"https:\/\/grappa.no\/no\/wp-json\/wp\/v2\/comments?post=383"}],"wp:featuredmedia":[{"embeddable":true,"href":"https:\/\/grappa.no\/no\/wp-json\/wp\/v2\/media\/27575"}],"wp:attachment":[{"href":"https:\/\/grappa.no\/no\/wp-json\/wp\/v2\/media?parent=383"}],"wp:term":[{"taxonomy":"product_brand","embeddable":true,"href":"https:\/\/grappa.no\/no\/wp-json\/wp\/v2\/product_brand?post=383"},{"taxonomy":"product_cat","embeddable":true,"href":"https:\/\/grappa.no\/no\/wp-json\/wp\/v2\/product_cat?post=383"},{"taxonomy":"product_tag","embeddable":true,"href":"https:\/\/grappa.no\/no\/wp-json\/wp\/v2\/product_tag?post=383"}],"curies":[{"name":"wp","href":"https:\/\/api.w.org\/{rel}","templated":true}]}}