{"id":38237,"date":"2020-09-25T07:10:20","date_gmt":"2020-09-25T06:10:20","guid":{"rendered":"https:\/\/grappa.no\/?post_type=product&#038;p=38237"},"modified":"2024-01-10T10:38:26","modified_gmt":"2024-01-10T09:38:26","slug":"tibudisanger","status":"publish","type":"product","link":"https:\/\/grappa.no\/no\/albums\/simax-classics\/tibudisanger\/","title":{"rendered":"Ti bud i sanger av Petter Dass"},"content":{"rendered":"<p><\/p>\n<p><span class=\"\">P\u00e5 debutalbumet <i class=\"\">Ti bud i sanger av Petter Dass<\/i>, har Barokk Boreal funnet fram til melodiene Petter Dass (1647\u20131707) selv valgte til budsangene sine. Melodiene har de dekodet ved \u00e5 se p\u00e5 h\u00e5ndskrifter av sangene, det eldste datert 1698. Barokk Boreals melodikilder er en kombinasjon av notebilder fra 1600-tallet, og \u00abti bud\u00bb-melodier etter folkelig overlevering. Sammen spinner Barokk Boreal variasjonssuiter der folkelige overleverte budsang-melodier spiller sammen med de samme melodiene etter skriftlige kilder fra barokken.<\/span><\/p>\n<p><!--more--><\/p>\n<div class=\"\"><span class=\"\">Kvartetten Barokk Boreal best\u00e5r av to tidligmusikere: Bothner-By og Gaston Larsen, og to folkemusikere: Myhren og V\u00e5rdal. De formidler norsk kulturarv i en kunstnerisk form og et kunstnerisk uttrykk. Hovedfokuset er sanger av norske 1600-talls-diktere \u2013 sanger fra hundre\u00e5ret da en ny versekunst bryter gjennom og melodiene foldes ut p\u00e5 stadig nye m\u00e5ter, over alskens rytmer og basslinjer \u2013 og med rom for kunstferdig utbrodering, improvisasjon og kontraster.\u00a0<\/span><\/div>\n<p class=\"\"><span class=\"\">\u00a0<\/span><span class=\"\">P\u00e5 debutalbumet <i class=\"\">Ti bud i sanger av Petter Dass<\/i>, har Barokk Boreal funnet fram til melodiene Petter Dass (1647\u20131707) selv valgte til budsangene sine. Melodiene har de dekodet ved \u00e5 se p\u00e5 h\u00e5ndskrifter av sangene, det eldste datert 1698. Barokk Boreals melodikilder er en kombinasjon av notebilder fra 1600-tallet, og \u00abti bud\u00bb-melodier etter folkelig overlevering. Sammen spinner Barokk Boreal variasjonssuiter der folkelige overleverte budsang-melodier spiller sammen med de samme melodiene etter skriftlige kilder fra barokken.<\/span><\/p>\n<p class=\"\"><span class=\"\">\u00a0<\/span><span class=\"\">At Petter Dass&#8217;\u00a0ti budsanger\u00a0ble\u00a0popul\u00e6re,\u00a0skyldes nok i stor grad\u00a0melodiene. Melodiene hentet\u00a0Petter Dass fra\u00a0samtidens mest popul\u00e6re sanger: &#8220;Frisk opp n\u00e5r Djevelen gi\u00f8r sig vreed&#8221;, &#8220;Jeg gikk mig i min Urtegaard,&#8221; &#8220;H\u00f8r til Fattig og Rige &amp;c,&#8221; &#8220;Broder, hvi est du saa mut&#8221; etc. Petter Dass&#8217; budsanger\u00a0har vist seg \u00e5 fenge ogs\u00e5 i dag \u2013 noe Barokk Boreal har erfart i og med konsertforestillingen <i class=\"\">Ti bud<\/i> som siden 2019 er p\u00e5 skoleturn\u00e9 i Nordland og i \u00e5r ogs\u00e5 i Oslo. Innspillingen er en oppf\u00f8lging av konsertforestillingen.<\/span><\/p>\n<div class=\"\">\n<div class=\"\"><span class=\"\">BAROKK BOREAL<\/span><\/div>\n<div class=\"\"><span class=\"\">Cathrine Bothner-By \u2013 vokal<\/span><\/div>\n<div class=\"\"><span class=\"\">\u00d8yonn Groven Myhren \u2013 vokal<\/span><\/div>\n<div class=\"\"><span class=\"\">Vegar V\u00e5rdal \u2013 hardingfele, fele, bratsj<\/span><\/div>\n<div class=\"\"><span class=\"\">Ulrik Gaston Larsen \u2013 barokkgitar<\/span><\/div>\n<\/div>\n<h4><\/h4>\n<p><\/p>","protected":false},"excerpt":{"rendered":"<p>Barokk Boreal; <span class=\"\"><i class=\"\">Ti bud i sanger av Petter Dass<\/i><\/span><\/p>\n","protected":false},"featured_media":38238,"comment_status":"closed","ping_status":"closed","template":"","meta":[],"product_brand":[],"product_cat":[180],"product_tag":[],"class_list":{"0":"post-38237","1":"product","2":"type-product","3":"status-publish","4":"has-post-thumbnail","6":"product_cat-simax-classics","7":"product_shipping_class-cddvd-shipping","8":"uni_artist_tag-barokk-boreal","9":"uni_main_artist_tag-barokk-boreal","10":"uni_artist_genre-baroque","11":"uni_artist_genre-classical","13":"first","14":"outofstock","15":"taxable","16":"shipping-taxable","17":"purchasable","18":"product-type-simple"},"_links":{"self":[{"href":"https:\/\/grappa.no\/no\/wp-json\/wp\/v2\/product\/38237","targetHints":{"allow":["GET"]}}],"collection":[{"href":"https:\/\/grappa.no\/no\/wp-json\/wp\/v2\/product"}],"about":[{"href":"https:\/\/grappa.no\/no\/wp-json\/wp\/v2\/types\/product"}],"replies":[{"embeddable":true,"href":"https:\/\/grappa.no\/no\/wp-json\/wp\/v2\/comments?post=38237"}],"wp:featuredmedia":[{"embeddable":true,"href":"https:\/\/grappa.no\/no\/wp-json\/wp\/v2\/media\/38238"}],"wp:attachment":[{"href":"https:\/\/grappa.no\/no\/wp-json\/wp\/v2\/media?parent=38237"}],"wp:term":[{"taxonomy":"product_brand","embeddable":true,"href":"https:\/\/grappa.no\/no\/wp-json\/wp\/v2\/product_brand?post=38237"},{"taxonomy":"product_cat","embeddable":true,"href":"https:\/\/grappa.no\/no\/wp-json\/wp\/v2\/product_cat?post=38237"},{"taxonomy":"product_tag","embeddable":true,"href":"https:\/\/grappa.no\/no\/wp-json\/wp\/v2\/product_tag?post=38237"}],"curies":[{"name":"wp","href":"https:\/\/api.w.org\/{rel}","templated":true}]}}