{"id":38235,"date":"2020-10-09T08:00:25","date_gmt":"2020-10-09T07:00:25","guid":{"rendered":"https:\/\/grappa.no\/?post_type=product&#038;p=38235"},"modified":"2023-06-19T18:10:36","modified_gmt":"2023-06-19T17:10:36","slug":"ildenimitthjerte","status":"publish","type":"product","link":"https:\/\/grappa.no\/no\/albums\/grappa\/ildenimitthjerte\/","title":{"rendered":"Ilden i mitt hjerte &#8211; En musikalsk hyllest til Jens Bj\u00f8rneboe"},"content":{"rendered":"<p><\/p>\n<p>Ilden i mitt hjerte<\/p>\n<p>\u00abIlden i mitt hjerte\u00bb er en musikalsk hyllest til Jens Bj\u00f8rneboe i anledning av at det i \u00e5r er 100 \u00e5r siden forfatteren ble f\u00f8dt i Kristiansand. All musikken er komponert og arrangert av Arild Fredriksen, som har arbeidet med \u00e5 tonesette tekster av Bj\u00f8rneboe siden 70-tallet, b\u00e5de i teater- og konsertsammenheng. De tre sangerne, Hilde Hefte, Miguel Emilio D. Steinsland og Arild Fredriksen, bidrar til en variasjon i uttrykket som styrker helhetsinntrykket. P\u00e5 enkelte spor bidrar ogs\u00e5 forfatteren Jo van der Eynden med resitasjon, noe som utvider uttrykket ytterligere. De 14 tekstene som har f\u00e5tt plass i denne samlingen, er hentet b\u00e5de fra Bj\u00f8rneboes teaterstykker (\u00abFugleelskerne\u00bb og \u00abTil lykke med dagen\u00bb), og fra forfatterens diktsamlinger. Den musikalske besetningen med gitar\/bouzouki, fiolin, trekkspill, bass og trommer\/perkusjon tilf\u00f8rer tekstene et preg av Middelhavs-atmosf\u00e6re, samtidig som de knytter an til en mer dramatisk kabaret-tradisjon.<\/p>\n<p>&nbsp;<\/p>\n<p><!--more--><\/p>\n<p>&nbsp;<\/p>\n<p>\u00abIlden i mitt hjerte\u00bb er en musikalsk hyllest til Jens Bj\u00f8rneboe i anledning av at det i \u00e5r er 100 \u00e5r siden forfatteren ble f\u00f8dt i Kristiansand. All musikken er komponert og arrangert av Arild Fredriksen, som har arbeidet med \u00e5 tonesette tekster av Bj\u00f8rneboe siden 70-tallet, b\u00e5de i teater- og konsertsammenheng. De tre sangerne, Hilde Hefte, Miguel Emilio D. Steinsland og Arild Fredriksen, bidrar til en variasjon i uttrykket som styrker helhetsinntrykket. P\u00e5 enkelte spor bidrar ogs\u00e5 forfatteren Jo van der Eynden med resitasjon, noe som utvider uttrykket ytterligere. De 14 tekstene som har f\u00e5tt plass i denne samlingen, er hentet b\u00e5de fra Bj\u00f8rneboes teaterstykker (\u00abFugleelskerne\u00bb og \u00abTil lykke med dagen\u00bb), og fra forfatterens diktsamlinger. Den musikalske besetningen med gitar\/bouzouki, fiolin, trekkspill, bass og trommer\/perkusjon tilf\u00f8rer tekstene et preg av Middelhavs-atmosf\u00e6re, samtidig som de knytter an til en mer dramatisk kabaret-tradisjon.<\/p>\n<h4><\/h4>\n<h4><\/h4>\n<p><\/p>","protected":false},"excerpt":{"rendered":"<p>Ilden i mitt hjerte \u00abIlden i mitt hjerte\u00bb er en musikalsk hyllest til Jens Bj\u00f8rneboe i anledning av at det&#8230;<\/p>\n","protected":false},"featured_media":38236,"comment_status":"closed","ping_status":"closed","template":"","meta":[],"product_brand":[],"product_cat":[6],"product_tag":[],"class_list":{"0":"post-38235","1":"product","2":"type-product","3":"status-publish","4":"has-post-thumbnail","6":"product_cat-grappa","7":"product_shipping_class-cddvd-shipping","8":"uni_artist_tag-arild-fredriksen","9":"uni_artist_tag-hilde-hefte","10":"uni_artist_tag-jo-van-der-eynden","11":"uni_artist_tag-miguel-emilio-d-steinsland","12":"uni_artist_tag-olivenensemblet","13":"uni_artist_tag-sigbjorn-nedland","14":"uni_main_artist_tag-en-musikalsk-hyllest-til-jens-bjorneboe","15":"uni_artist_genre-kabaret","16":"uni_artist_genre-viser","18":"first","19":"instock","20":"taxable","21":"shipping-taxable","22":"purchasable","23":"product-type-simple"},"_links":{"self":[{"href":"https:\/\/grappa.no\/no\/wp-json\/wp\/v2\/product\/38235","targetHints":{"allow":["GET"]}}],"collection":[{"href":"https:\/\/grappa.no\/no\/wp-json\/wp\/v2\/product"}],"about":[{"href":"https:\/\/grappa.no\/no\/wp-json\/wp\/v2\/types\/product"}],"replies":[{"embeddable":true,"href":"https:\/\/grappa.no\/no\/wp-json\/wp\/v2\/comments?post=38235"}],"wp:featuredmedia":[{"embeddable":true,"href":"https:\/\/grappa.no\/no\/wp-json\/wp\/v2\/media\/38236"}],"wp:attachment":[{"href":"https:\/\/grappa.no\/no\/wp-json\/wp\/v2\/media?parent=38235"}],"wp:term":[{"taxonomy":"product_brand","embeddable":true,"href":"https:\/\/grappa.no\/no\/wp-json\/wp\/v2\/product_brand?post=38235"},{"taxonomy":"product_cat","embeddable":true,"href":"https:\/\/grappa.no\/no\/wp-json\/wp\/v2\/product_cat?post=38235"},{"taxonomy":"product_tag","embeddable":true,"href":"https:\/\/grappa.no\/no\/wp-json\/wp\/v2\/product_tag?post=38235"}],"curies":[{"name":"wp","href":"https:\/\/api.w.org\/{rel}","templated":true}]}}