{"id":382,"date":"2008-08-18T00:00:00","date_gmt":"2008-08-17T23:00:00","guid":{"rendered":"http:\/\/www.grappa.no\/albums\/uncategorized\/bartok-chamber-works-for-violin-2\/"},"modified":"2019-02-22T15:46:40","modified_gmt":"2019-02-22T14:46:40","slug":"bartok-chamber-works-for-violin","status":"publish","type":"product","link":"https:\/\/grappa.no\/no\/albums\/simax-classics\/bartok-chamber-works-for-violin\/","title":{"rendered":"Bart\u00f3k chamber works for violin"},"content":{"rendered":"<p><\/p>\n<p>Elise B\u00e5tnes er tilbake<\/p>\n<p>Elise B\u00e5tnes kommer for fullt tilbake p\u00e5 den norske musikkscenen n\u00e5 i august: som konsertmester for Oslo-filharmonien og med ny soloutgivelse \u2013 den f\u00f8rste p\u00e5 22 \u00e5r! 17. august lanseres platen med konsert under Oslo Kammermusikkfestival. <\/p>\n<p>Elise B\u00e5tnes spilte som 12-\u00e5ring fiolin p\u00e5 en m\u00e5te som trollbandt det norske folk. Elise var den f\u00f8rste av v\u00e5re helt unge fiolintalenter, og fikk sv\u00e6rt mye oppmerksomhet i veldig ung alder fra alle medier. Men etter at 15-\u00e5ringen ga ut \u2018Fra Elise\u2019 i Norge har det v\u00e6rt relativt stille p\u00e5 platefronten. Desto mer spennende er det n\u00e5r Elise B\u00e5tnes n\u00e5 faktisk gj\u00f8r sin internasjonale platedebut som solist p\u00e5 Simax \u2013 i det t\u00f8ffeste repertoaret som finnes.<\/p>\n<p>Bart\u00f3ks solosonate er et kapittel for seg selv. Han skrev den til Yehudi Menhuin i 1944, og det halvtimes lange verket er blant de st\u00f8rste utfordringer i fiolin-litteraturen. Elise ble stilt ovenfor den n\u00e6rmest ved en tilfeldighet i forberedelse til en festival for noen \u00e5r siden. Det var full klaff, og planen om \u00e5 spille inn en plate med bare Bart\u00f3k begynte \u00e5 ta form. N\u00e5r s\u00e5 medspiller H\u00e5vard Gimse i tillegg fant frem til den n\u00e6rmest ukjente store fiolinsonaten fra 1903 \u2013 ja, da var rammen for utgivelsen klar.<\/p>\n<p><!--more--><\/p>\n<p>Elise B\u00e5tnes kommer for fullt tilbake p\u00e5 den norske musikkscenen denne h\u00f8sten: som konsertmester for Oslo-filharmonien og med ny soloutgivelse \u2013 den f\u00f8rste p\u00e5 22 \u00e5r! 17. august lanseres platen med konsert under Oslo Kammermusikkfestival.<\/p>\n<h4>Tilbake i Norge som konsertmester for v\u00e5rt fremste orkester<\/h4>\n<p>Utgivelsen markerer Elises tilbakekomst til norsk musikkliv. Etter tolv \u00e5r ute, bl.a som konsertmester for orkestre i Tyskland, Sverige og Danmark, har Oslo Filharmoniske Orkester klart \u00e5 lokke henne hjem. Hun overtar fra sesongstarten n\u00e5 i august som konsertmester etter at Stig Nilsson g\u00e5r av med pensjon. Lederoppgaven i v\u00e5rt fremste orkester ser hun frem til med forventning og glede: \u00abI et orkester er det viktig \u00e5 f\u00e5 helheten til \u00e5 fungere, at det blir et fellesskap. Sammen m\u00e5 vi finne en fellesnevner slik at vi f\u00e5r til et entydig uttrykk. Den innstillingen finner jeg i Oslo-Filharmonien.\u00bb<\/p>\n<h4>BI: \u00d8konomi og ledelsespsykologi<\/h4>\n<p>Det er imidlertid ikke bare musikk som har st\u00e5tt p\u00e5 Elises timeplan i \u00e5rene utenlands. \u00d8nsket om \u00e5 utvikle seg videre ogs\u00e5 p\u00e5 andre omr\u00e5der gjorde at hun satt i gang med \u2018nettstudier\u2019 ved BI, og i fjor avsluttet hun sin Diplomoppgave\/Bachelor innenfor \u00f8konomi \u2013 blant annet med vekt p\u00e5 ledelsespsykologi.<\/p>\n<h4>Bart\u00f3k \u2013 kjente og s\u00e5 godt som ukjente verker<\/h4>\n<p>Akkurat Bart\u00f3ks solosonate er et kapittel for seg selv. Han skrev den til Yehudi Menhuin i 1944, og det halvtimes lange verket er blant de st\u00f8rste utfordringer i fiolin-litteraturen. Elise ble stilt ovenfor den n\u00e6rmest ved en tilfeldighet i forberedelse til en festival for noen \u00e5r siden. Det var full klaff, og planen om \u00e5 spille inn en plate med bare Bart\u00f3k begynte \u00e5 ta form. N\u00e5r s\u00e5 medspiller H\u00e5vard Gimse i tillegg fant frem til den n\u00e6rmest ukjente store fiolinsonaten fra 1903 \u2013 ja, da var rammen for utgivelsen klar.<\/p>\n<p>17. august kl. 14 lanseres platen under Oslo Kammermusikkfestival, med konsert p\u00e5 Villa Grande, Bygd\u00f8y.<\/p>\n<p><\/p>","protected":false},"excerpt":{"rendered":"<p>&#8211; Det er rett og slett flott \u00e5 lytte til innspillingen. B\u00e5tnes sparer ikke p\u00e5 noe. Det er konsentrert uttrykk, vilje og kraft i det hun fremf\u00f8rer, og det er bare \u00e5 gi seg ende over til et l\u00f8fterikt musikalsk mesterskap. [6\/6 Aftenposten]<\/p>\n","protected":false},"featured_media":27574,"comment_status":"closed","ping_status":"open","template":"","meta":[],"product_brand":[],"product_cat":[180],"product_tag":[],"class_list":{"0":"post-382","1":"product","2":"type-product","3":"status-publish","4":"has-post-thumbnail","6":"product_cat-simax-classics","7":"product_shipping_class-cddvd-shipping","8":"uni_artist_tag-bela-bartok","9":"uni_artist_tag-elise-batnes","10":"uni_artist_tag-havard-gimse","11":"uni_artist_tag-vegard-landaas","12":"uni_main_artist_tag-elise-batnes","13":"uni_artist_genre-chamber","14":"uni_artist_genre-classical","15":"uni_artist_genre-sacd","16":"uni_artist_genre-strings","18":"first","19":"instock","20":"taxable","21":"shipping-taxable","22":"purchasable","23":"product-type-simple"},"_links":{"self":[{"href":"https:\/\/grappa.no\/no\/wp-json\/wp\/v2\/product\/382","targetHints":{"allow":["GET"]}}],"collection":[{"href":"https:\/\/grappa.no\/no\/wp-json\/wp\/v2\/product"}],"about":[{"href":"https:\/\/grappa.no\/no\/wp-json\/wp\/v2\/types\/product"}],"replies":[{"embeddable":true,"href":"https:\/\/grappa.no\/no\/wp-json\/wp\/v2\/comments?post=382"}],"wp:featuredmedia":[{"embeddable":true,"href":"https:\/\/grappa.no\/no\/wp-json\/wp\/v2\/media\/27574"}],"wp:attachment":[{"href":"https:\/\/grappa.no\/no\/wp-json\/wp\/v2\/media?parent=382"}],"wp:term":[{"taxonomy":"product_brand","embeddable":true,"href":"https:\/\/grappa.no\/no\/wp-json\/wp\/v2\/product_brand?post=382"},{"taxonomy":"product_cat","embeddable":true,"href":"https:\/\/grappa.no\/no\/wp-json\/wp\/v2\/product_cat?post=382"},{"taxonomy":"product_tag","embeddable":true,"href":"https:\/\/grappa.no\/no\/wp-json\/wp\/v2\/product_tag?post=382"}],"curies":[{"name":"wp","href":"https:\/\/api.w.org\/{rel}","templated":true}]}}