{"id":381,"date":"1999-09-09T00:00:00","date_gmt":"1999-09-08T23:00:00","guid":{"rendered":"http:\/\/www.grappa.no\/albums\/uncategorized\/sibelius-stenhammar-valen-2\/"},"modified":"2019-02-22T15:46:36","modified_gmt":"2019-02-22T14:46:36","slug":"sibelius-stenhammar-valen","status":"publish","type":"product","link":"https:\/\/grappa.no\/no\/albums\/simax-classics\/sibelius-stenhammar-valen\/","title":{"rendered":"Sibelius \/ Stenhammar \/ Valen"},"content":{"rendered":"<p><\/p>\n<p>Arve Tellefsen i nordiske fiolinkonserter<\/p>\n<p>Arve Tellefsens personlige og formfullendte tolkninger lyser gjennom verkene p\u00e5 denne utgivelsen \u2013 alle nordiske h\u00f8ydepunkter i den internasjonale fiolinlitteraturen. Sibelius gigantiske fiolinkonsert har en unik posisjon, det er bare Griegs klaverkonsert blant de nordiske konsertene som er like kjent. Wilhelm Stenhammar var en av de fremste forkjemperne for Sibelius sin musikk, men hans egne To Sentimentale Romanser var inspirert av Svendsens velkjente fiolinromanse. Et s\u00e6regent nordisk lynne h\u00f8rer man ogs\u00e5 i Fartein Valens fiolinkonsert, et kort og intenst \u00e9n-satsig mesterverk.<\/p>\n<p><!--more--><\/p>\n<h4><\/h4>\n<\/p>\n<h4><\/h4>\n<p><h4><\/h4>\n<\/p>\n<p><\/p>","protected":false},"excerpt":{"rendered":"<p>Arve Tellefsens personlige og formfullendte tolkninger lyser gjennom verkene p\u00e5 denne utgivelsen.<\/p>\n","protected":false},"featured_media":27573,"comment_status":"closed","ping_status":"open","template":"","meta":[],"product_brand":[],"product_cat":[180],"product_tag":[],"class_list":{"0":"post-381","1":"product","2":"type-product","3":"status-publish","4":"has-post-thumbnail","6":"product_cat-simax-classics","7":"product_shipping_class-cddvd-shipping","8":"uni_artist_tag-arve-tellefsen","9":"uni_artist_tag-fartein-valen","10":"uni_artist_tag-james-mallinson","11":"uni_artist_tag-jean-sibelius","12":"uni_artist_tag-ole-kristian-ruud","13":"uni_artist_tag-paavo-berglund","14":"uni_artist_tag-royal-philharmonic-orchestra","15":"uni_artist_tag-trondheim-symphony-orchestra","16":"uni_artist_tag-wilhelm-stenhammar","17":"uni_main_artist_tag-arve-tellefsen","18":"uni_artist_genre-concerto","19":"uni_artist_genre-orchestral","20":"uni_artist_genre-strings","22":"first","23":"outofstock","24":"taxable","25":"shipping-taxable","26":"purchasable","27":"product-type-simple"},"_links":{"self":[{"href":"https:\/\/grappa.no\/no\/wp-json\/wp\/v2\/product\/381","targetHints":{"allow":["GET"]}}],"collection":[{"href":"https:\/\/grappa.no\/no\/wp-json\/wp\/v2\/product"}],"about":[{"href":"https:\/\/grappa.no\/no\/wp-json\/wp\/v2\/types\/product"}],"replies":[{"embeddable":true,"href":"https:\/\/grappa.no\/no\/wp-json\/wp\/v2\/comments?post=381"}],"wp:featuredmedia":[{"embeddable":true,"href":"https:\/\/grappa.no\/no\/wp-json\/wp\/v2\/media\/27573"}],"wp:attachment":[{"href":"https:\/\/grappa.no\/no\/wp-json\/wp\/v2\/media?parent=381"}],"wp:term":[{"taxonomy":"product_brand","embeddable":true,"href":"https:\/\/grappa.no\/no\/wp-json\/wp\/v2\/product_brand?post=381"},{"taxonomy":"product_cat","embeddable":true,"href":"https:\/\/grappa.no\/no\/wp-json\/wp\/v2\/product_cat?post=381"},{"taxonomy":"product_tag","embeddable":true,"href":"https:\/\/grappa.no\/no\/wp-json\/wp\/v2\/product_tag?post=381"}],"curies":[{"name":"wp","href":"https:\/\/api.w.org\/{rel}","templated":true}]}}