{"id":38041,"date":"2020-09-10T00:05:00","date_gmt":"2020-09-09T23:05:00","guid":{"rendered":"https:\/\/grappa.no\/?post_type=product&#038;p=38041"},"modified":"2023-02-13T09:56:59","modified_gmt":"2023-02-13T08:56:59","slug":"otto-winter-hjelm-complete-symphonies","status":"publish","type":"product","link":"https:\/\/grappa.no\/no\/albums\/simax-classics\/otto-winter-hjelm-complete-symphonies\/","title":{"rendered":"Otto Winter-Hjelm Complete Symphonies"},"content":{"rendered":"<p><\/p>\n<p>Otto Winter-Hjelm (1837 \u2013 1931) er et navn blant komponister i Norsk musikkhistorie som ofte dukker opp, men som f\u00e5 har h\u00f8rt musikk av. Kringkastingsorkestret har bestemt seg for \u00e5 gj\u00f8re noe med denne situasjonen. Under ledelse av sin sjefdirigent gjennom 7 \u00e5r Miguel Harth-Bedoya, presenterer de friske og sprudlende versjoner av begge symfoniene til den f\u00f8rste norskf\u00f8dte komponist som skrev en klassisk-romantisk symfoni!<\/p>\n<p><!--more--><\/p>\n<p>Otto Winter-Hjelm (1837 \u2013 1931) er et navn blant komponister i Norsk musikkhistorie som ofte dukker opp, men som f\u00e5 har h\u00f8rt musikk av. Kringkastingsorkestret har bestemt seg for \u00e5 gj\u00f8re noe med denne situasjonen. Under ledelse av sin sjefdirigent gjennom 7 \u00e5r Miguel Harth-Bedoya, presenterer de friske og sprudlende versjoner av begge symfoniene til den f\u00f8rste norskf\u00f8dte komponist som skrev en klassisk-romantisk symfoni!<\/p>\n<p>Otto ble f\u00f8dt inn i en embetsfamilie i Kristiania, og som barn fikk han klaverundervisning. Ikke for at man \u00f8nsket ham en profesjonell karriere som musiker, men for at han skulle delta i familiens og byens sosiale liv som en h\u00f8yt kvalifisert musikkamat\u00f8r. Imidlertid var musikken s\u00e5 forlokkende at han s\u00f8kte seg til Leipzig for \u00e5 studere musikk. Oppholdet ble bare p\u00e5 ett \u00e5r, men vel hjemme i Kristiania fortsatte han \u00e5 studere musikk hos komponisten Carl Arnold, mens han livn\u00e6rte seg ved bl.a \u00e5 gi klavertimer. I 1860 kunne Winter-Hjelm starte et 19 mndr. langt studieopphold i Berlin ved hjelp av et statsstipend.<\/p>\n<p>&nbsp;<\/p>\n<p><strong>Urfremf\u00f8ring av den f\u00f8rste norske symfoni!<\/strong><\/p>\n<p>1862 kom han hjem for \u00e5 presentere seg som komponist og dirigent i Den Gamle Logen, tidens viktigste konsertarena i Norge. Her fikk hans f\u00f8rste symfoni sin urfremf\u00f8ring \u2013 musikk som er preget av sprudlende glede og optimisme. Historisk sett er den det f\u00f8rste v\u00e5rtegn for en nasjonal symfonisk tradisjon.<\/p>\n<p>&nbsp;<\/p>\n<p><strong>\u00abBl\u00f8te og vinnende melodier\u00bb<\/strong><\/p>\n<p>I 1866 kom den unge Edvard Grieg som et nytt friskt pust til hovedstaden, og de to samarbeidet om et musikkakademi og konserter med Det Philharmoniske Selskab. I 1867 ble deler av Griegs eneste symfoni og Winter-Hjelms 2. symfoni urfremf\u00f8rt. I noen versjoner av originalmanuskriptene har satsene titlene \u2018Vikingeliv\u2019, \u2018Livet til fjelds\u2018 og \u2018Nattfantasier\u2018. Morgenbladet var begeistret over Winter-Hjelm: \u00abbl\u00f8te og vinnende melodier\u00bb, \u00abkjekke rytmiske bevegelser\u00bb og \u00abhelt igjennom norsk i sinn og skinn\u00bb. \u00abDe skj\u00f8nneste instrumentasjonseffekter\u00bb var \u00abheldig avpasset til de s\u00e6regne klangforhold i den norske musikk\u00bb.<\/p>\n<p>&nbsp;<\/p>\n<p><strong>\u00abBanebryteren for en norsk symfonistil\u00bb<\/strong><\/p>\n<p>Winter-Hjelm arbeidet videre som komponist i mindre format, kritiker (Aftenposten) og pedagog, ogs\u00e5 med utgivelser av klaver-, sang- og orgelskoler. I 1874 ble han organist i Trefoldighetskirken, og fortsatte \u00e5 engasjere seg i overalt hovedstadens musikkliv. S\u00e5 sent som i 1916 ble Winter-Hjelm \u2018gjenoppdaget\u2019 da Johan Halvorsen satt opp symfoni nr. 2 med Nationaltheatrets orkester, og anmelderen Hjalmar Borgstr\u00f8m n\u00f8lte ikke med \u00e5 kalle ham \u00abBanebryteren for en norsk symfonistil\u00bb.<\/p>\n<p><\/p>","protected":false},"excerpt":{"rendered":"<p>Kringkastingsorkestret med friske og sprudlende versjoner av begge symfoniene til den f\u00f8rste norskf\u00f8dte komponist som skrev en klassisk-romantisk symfoni!<\/p>\n","protected":false},"featured_media":38042,"comment_status":"closed","ping_status":"closed","template":"","meta":[],"product_brand":[],"product_cat":[180],"product_tag":[],"class_list":{"0":"post-38041","1":"product","2":"type-product","3":"status-publish","4":"has-post-thumbnail","6":"product_cat-simax-classics","7":"product_shipping_class-cddvd-shipping","8":"uni_main_artist_tag-norwegian-radio-orchestra","9":"uni_artist_genre-orchestral","11":"first","12":"outofstock","13":"taxable","14":"shipping-taxable","15":"purchasable","16":"product-type-simple"},"_links":{"self":[{"href":"https:\/\/grappa.no\/no\/wp-json\/wp\/v2\/product\/38041","targetHints":{"allow":["GET"]}}],"collection":[{"href":"https:\/\/grappa.no\/no\/wp-json\/wp\/v2\/product"}],"about":[{"href":"https:\/\/grappa.no\/no\/wp-json\/wp\/v2\/types\/product"}],"replies":[{"embeddable":true,"href":"https:\/\/grappa.no\/no\/wp-json\/wp\/v2\/comments?post=38041"}],"wp:featuredmedia":[{"embeddable":true,"href":"https:\/\/grappa.no\/no\/wp-json\/wp\/v2\/media\/38042"}],"wp:attachment":[{"href":"https:\/\/grappa.no\/no\/wp-json\/wp\/v2\/media?parent=38041"}],"wp:term":[{"taxonomy":"product_brand","embeddable":true,"href":"https:\/\/grappa.no\/no\/wp-json\/wp\/v2\/product_brand?post=38041"},{"taxonomy":"product_cat","embeddable":true,"href":"https:\/\/grappa.no\/no\/wp-json\/wp\/v2\/product_cat?post=38041"},{"taxonomy":"product_tag","embeddable":true,"href":"https:\/\/grappa.no\/no\/wp-json\/wp\/v2\/product_tag?post=38041"}],"curies":[{"name":"wp","href":"https:\/\/api.w.org\/{rel}","templated":true}]}}