{"id":38036,"date":"2020-09-12T12:19:48","date_gmt":"2020-09-12T11:19:48","guid":{"rendered":"https:\/\/grappa.no\/?post_type=product&#038;p=38036"},"modified":"2022-12-07T13:15:43","modified_gmt":"2022-12-07T12:15:43","slug":"came-to-hear-the-music","status":"publish","type":"product","link":"https:\/\/grappa.no\/no\/albums\/blue-mood-records\/came-to-hear-the-music\/","title":{"rendered":"Came to hear the music"},"content":{"rendered":"<p><\/p>\n<p>Gjennom en platekarriere som strekker seg mer enn 25 \u00e5r tilbake i tid &#8211; de siste 18 av dem som soloartist &#8211; har Paal Flaata forundret omgivelsene med en stemme som ikke synes \u00e5 v\u00e6re riktig av denne verden. Som et av sine store forbilder, Elvis Presley, er ogs\u00e5 Flaata en tolker av andres sanger. Han gj\u00f8r dem &#8211; som det heter &#8211; til sine egne, og som tolker er han grensel\u00f8s. Han t\u00f8yer og b\u00f8yer og gir nytt liv, det v\u00e6re seg til sanger fra Mickey Newbury, Townes Van Zandt og Chip Taylor, eller til sanger av Elvis Costello, Mosie Lister eller Josh Haden.<\/p>\n<p>For \u00e5 gi tilh\u00f8rerne mer enn gamle sanger om igjen til samleplaten, er det ogs\u00e5 med to nye tolkninger p\u00e5 denne utgivelsen.<\/p>\n<p>\u00abCame to hear the music\u00bb er en innholdsrik reise gjennom Paal Flaatas solokarriere.<\/p>\n<p><!--more--><\/p>\n<p>Pressemelding norsk<\/p>\n<h4>Paal Flaata &#8211; Came to hear the music<\/h4>\n<p>Gjennom en platekarriere som strekker seg mer enn 25 \u00e5r tilbake i tid &#8211; de siste 18 av dem som soloartist &#8211; har Paal Flaata forundret omgivelsene med en stemme som ikke synes \u00e5 v\u00e6re riktig av denne verden.<\/p>\n<p>Som et av sine store forbilder, Elvis Presley, er ogs\u00e5 Flaata en tolker av andres sanger. Han gj\u00f8r dem &#8211; som det heter &#8211; til sine egne, og som tolker er han grensel\u00f8s. Han t\u00f8yer og b\u00f8yer og gir nytt liv, det v\u00e6re seg til sanger fra Mickey Newbury, Townes Van Zandt og Chip Taylor, eller til sanger av Elvis Costello, Mosie Lister eller Josh Haden.<\/p>\n<p>For \u00e5 gi tilh\u00f8rerne mer enn gamle sanger om igjen til samleplaten, er det ogs\u00e5 med to nye tolkninger p\u00e5 denne utgivelsen.<\/p>\n<p>\u00abCame to hear the music\u00bb er en innholdsrik reise gjennom Paal Flaatas solokarriere.<\/p>\n<h4><\/h4>\n<p><\/p>","protected":false},"excerpt":{"rendered":"<p>Came to hear the music er en innholdsrik reise gjennom Paal Flaatas solokarriere.<\/p>\n","protected":false},"featured_media":38050,"comment_status":"closed","ping_status":"closed","template":"","meta":[],"product_brand":[],"product_cat":[51],"product_tag":[],"class_list":{"0":"post-38036","1":"product","2":"type-product","3":"status-publish","4":"has-post-thumbnail","6":"product_cat-blue-mood-records","7":"product_shipping_class-cddvd-shipping","8":"uni_artist_tag-paal-flaata","9":"uni_main_artist_tag-paal-flaata","10":"uni_artist_genre-americana","11":"uni_artist_genre-country","13":"first","14":"outofstock","15":"taxable","16":"shipping-taxable","17":"purchasable","18":"product-type-simple"},"_links":{"self":[{"href":"https:\/\/grappa.no\/no\/wp-json\/wp\/v2\/product\/38036","targetHints":{"allow":["GET"]}}],"collection":[{"href":"https:\/\/grappa.no\/no\/wp-json\/wp\/v2\/product"}],"about":[{"href":"https:\/\/grappa.no\/no\/wp-json\/wp\/v2\/types\/product"}],"replies":[{"embeddable":true,"href":"https:\/\/grappa.no\/no\/wp-json\/wp\/v2\/comments?post=38036"}],"wp:featuredmedia":[{"embeddable":true,"href":"https:\/\/grappa.no\/no\/wp-json\/wp\/v2\/media\/38050"}],"wp:attachment":[{"href":"https:\/\/grappa.no\/no\/wp-json\/wp\/v2\/media?parent=38036"}],"wp:term":[{"taxonomy":"product_brand","embeddable":true,"href":"https:\/\/grappa.no\/no\/wp-json\/wp\/v2\/product_brand?post=38036"},{"taxonomy":"product_cat","embeddable":true,"href":"https:\/\/grappa.no\/no\/wp-json\/wp\/v2\/product_cat?post=38036"},{"taxonomy":"product_tag","embeddable":true,"href":"https:\/\/grappa.no\/no\/wp-json\/wp\/v2\/product_tag?post=38036"}],"curies":[{"name":"wp","href":"https:\/\/api.w.org\/{rel}","templated":true}]}}