{"id":380,"date":"2007-06-11T00:00:00","date_gmt":"2007-06-10T23:00:00","guid":{"rendered":"http:\/\/www.grappa.no\/albums\/uncategorized\/nordheim-beethoven-nordheim-2\/"},"modified":"2019-02-22T15:46:26","modified_gmt":"2019-02-22T14:46:26","slug":"nordheim-beethoven-nordheim","status":"publish","type":"product","link":"https:\/\/grappa.no\/no\/albums\/simax-classics\/nordheim-beethoven-nordheim\/","title":{"rendered":"Nordheim \u2013 Beethoven \u2013 Nordheim"},"content":{"rendered":"<p><\/p>\n<p>Nordheim m\u00f8ter Beethoven<\/p>\n<p>Einar Steen-N\u00f8kleberg realiserer et mesterm\u00f8te helt utenom det vanlige: Arne Nordheim g\u00e5r inn i pianoets klangkompleks \u2013 og tangerer ideer og prosesser i Beethovens siste klaversonate. <\/p>\n<p>Noen ganger gror et plateprosjekt frem helt av seg selv. Fr\u00f8et ble s\u00e5dd da Arne Nordheim i detalj presenterte sitt eneste stykke for piano, trakk linjer tilbake til arbeidet som Ludvig van Beethoven gjorde i sin siste klaversonate; den legendariske op. 111. Hvor flott det kunne bli forsto vi da elektronikk-delen av Listen Inside-Outside var klar i 2006, urfremf\u00f8rt av Einar Steen-N\u00f8kleberg. Og s\u00e5 slo det hele ut i full blomst under prisutdelingen av Arne Nordheims komponistpris i Aulaen \u2013 da live-opptaket av Inside-Outside ble gjort.<\/p>\n<p><!--more--><\/p>\n<p>Einar Steen-N\u00f8kleberg realiserer et mesterm\u00f8te helt utenom det vanlige: Arne Nordheim g\u00e5r inn i pianoets klangkompleks \u2013 og tangerer ideer og prosesser i Beethovens siste klaversonate.<\/p>\n<h4>Arne Nordheim<\/h4>\n<p>\u2013 Mulighetene for etterklanger i klaveret er mange. Ved pedalenes hjelp kan det skilles ut interferenser i forskjellige farger. For helt \u00e5 f\u00e5 disse under kontroll m\u00e5tte jeg skrive LISTEN \u2013 et verk som er viet det hend\u00f8ende liv i et klangkompleks. Jeg ville g\u00e5 bak og under klangen da jeg i 1971 skrev dette s\u00e6re stykket.<br \/>\n\u00a0<br \/>\nI likhet med kollega Beethoven ville jeg gj\u00f8re disse lite p\u00e5aktede fenomener h\u00f8rbare og etterhvert tilgjengelige \u2013 kanskje i slekt med opus 111.<\/p>\n<p>Etter mange oppf\u00f8relser av LISTEN begynte verkets egne rutiner \u00e5 vaske frem nye klanger, og jeg tok mine elektroniske erfaringer i bruk. Slik: Alt pianisten spiller tas opp og sendes tilbake til pianist og tilh\u00f8rere. Alt som er tatt opp via forsinkelse og klangendring n\u00e5r p\u00e5 sin ferd atter tilh\u00f8rernes \u00f8rer og eventuelle sjelsliv i stadige overlagringer.<\/p>\n<h4>Einar Steen-N\u00f8kleberg<\/h4>\n<p>\u2013 Fra f\u00f8rste stund appellerte notene til mitt \u00f8re og til mitt indre. Arbeidet startet selvsagt med materien, den manuelle \u00f8vingen, utvikling av forskjellige knep med pedalen, utforsking av overtonevirkninger, tyding av fermater. Etter hvert var det mulig \u00e5 lytte, og i et radioprogram sa jeg: \u00abI love Listen\u00bb.<br \/>\n\u00a0<br \/>\nS\u00e5 kom Arnes id\u00e9 om Beethoven 111 og \u00abInside-Outside\u00bb. I klangsamarbeidet med Mats \u00e5pnet mulighetene seg videre. Det oppsto en n\u00e6rmest psykotisk rus. I denne rusen fikk konflikter og dramaer nye utsyn.<br \/>\n\u00a0<br \/>\n\u00abInside\u2013Outside\u00bb f\u00f8les uhemmet blottlagt.<\/p>\n<h4><\/h4>\n<\/p>\n<p><\/p>","protected":false},"excerpt":{"rendered":"<p>&#8211; Jeg ville g\u00e5 bak og under klangen da jeg i 1971 skrev dette s\u00e6re stykket. [Arne Nordheim]<\/p>\n","protected":false},"featured_media":27661,"comment_status":"closed","ping_status":"open","template":"","meta":[],"product_brand":[],"product_cat":[180],"product_tag":[],"class_list":{"0":"post-380","1":"product","2":"type-product","3":"status-publish","4":"has-post-thumbnail","6":"product_cat-simax-classics","7":"product_shipping_class-cddvd-shipping","8":"uni_artist_tag-arne-nordheim","9":"uni_artist_tag-arne-peter-rognan","10":"uni_artist_tag-einar-steen-nokleberg","11":"uni_artist_tag-erik-gard-amundsen","12":"uni_artist_tag-ludwig-van-beethoven","13":"uni_main_artist_tag-einar-steen-nokleberg","14":"uni_artist_genre-contemporary-music","15":"uni_artist_genre-electronic","16":"uni_artist_genre-piano","18":"first","19":"instock","20":"taxable","21":"shipping-taxable","22":"purchasable","23":"product-type-simple"},"_links":{"self":[{"href":"https:\/\/grappa.no\/no\/wp-json\/wp\/v2\/product\/380","targetHints":{"allow":["GET"]}}],"collection":[{"href":"https:\/\/grappa.no\/no\/wp-json\/wp\/v2\/product"}],"about":[{"href":"https:\/\/grappa.no\/no\/wp-json\/wp\/v2\/types\/product"}],"replies":[{"embeddable":true,"href":"https:\/\/grappa.no\/no\/wp-json\/wp\/v2\/comments?post=380"}],"wp:featuredmedia":[{"embeddable":true,"href":"https:\/\/grappa.no\/no\/wp-json\/wp\/v2\/media\/27661"}],"wp:attachment":[{"href":"https:\/\/grappa.no\/no\/wp-json\/wp\/v2\/media?parent=380"}],"wp:term":[{"taxonomy":"product_brand","embeddable":true,"href":"https:\/\/grappa.no\/no\/wp-json\/wp\/v2\/product_brand?post=380"},{"taxonomy":"product_cat","embeddable":true,"href":"https:\/\/grappa.no\/no\/wp-json\/wp\/v2\/product_cat?post=380"},{"taxonomy":"product_tag","embeddable":true,"href":"https:\/\/grappa.no\/no\/wp-json\/wp\/v2\/product_tag?post=380"}],"curies":[{"name":"wp","href":"https:\/\/api.w.org\/{rel}","templated":true}]}}