{"id":379,"date":"2013-05-10T00:00:00","date_gmt":"2013-05-09T23:00:00","guid":{"rendered":"http:\/\/www.grappa.no\/albums\/uncategorized\/nordic-spring-2\/"},"modified":"2019-02-22T15:46:13","modified_gmt":"2019-02-22T14:46:13","slug":"nordic-spring","status":"publish","type":"product","link":"https:\/\/grappa.no\/no\/albums\/simax-classics\/nordic-spring\/","title":{"rendered":"Nordic Spring"},"content":{"rendered":"<p><\/p>\n<p>En ny referanse!<\/p>\n<p>Det Norske Kammerorkester feirer den nordiske v\u00e5ren med en oppsiktsvekkende innspilling. De byr p\u00e5 tidenes friskeste Holberg-suite og et nydelig knippe av den flotteste musikken norden kan by p\u00e5 \u2013 i tolkninger som Det Norske Kammerorkester er alene om. Da Det Norske Kammerorkester ga ut sin f\u00f8rste plate i 1979, var det Holbergsuiten som fikk hedersplassen i en tolkning som siden har blitt en referanseinnspilling. Siden den gang har orkesteret utviklet sin fortolkning stadig videre \u2013 ogs\u00e5 med koreografi p\u00e5 scenen \u2013 og i 2013 fremst\u00e5r stykket med en s\u00e6regen spenst og gl\u00f8d, kanskje p\u00e5 en m\u00e5te som man nesten ikke kunne tenke seg i 1979. Utgivelsen inneholder Johan Svendsens &#8216;Romanse&#8217; med T\u00f8nnesen som solist, Kurt Atterbergs &#8216;Suite for fiolin, bratsj og strykere&#8217; med seg en annen av kjernemedlemmene i DNK, Lars Anders Tomter. En helt utkjent perle er Edvard Br\u00e6ins &#8216;Serenade for bratsj og orkester&#8217;. Med Carl Nielsens &#8216;Lille suite&#8217; og Jean Sibelius &#8216;Valse triste&#8217; fullendes utgivelsen.<\/p>\n<p><!--more--><\/p>\n<p>Det Norske Kammerorkester feirer den nordiske v\u00e5ren med en oppsiktsvekkende innspilling. De byr p\u00e5 tidenes friskeste Holberg-suite og et nydelig knippe av den flotteste musikken norden kan by p\u00e5 \u2013 i tolkninger som Det Norske Kammerorkester er alene om.<\/p>\n<h4>&#8216;Fra Holbergs tid&#8217; \u2013 en ny referanse<\/h4>\n<p>&#8216;Holbergsuiten&#8217; er Griegs hyllest til med-Bergenser Ludvig Holberg, komponert til 200-\u00e5rs jubileet for dramatikerens f\u00f8dsel i 1884. Da Det Norske Kammerorkester ga ut sin f\u00f8rste plate i 1979, var det Holbergsuiten som fikk hedersplassen i en tolkning som siden har blitt en referanseinnspilling. Siden den gang har orkesteret utviklet sin fortolkning stadig videre \u2013 ogs\u00e5 med koreografi p\u00e5 scenen \u2013 og i 2013 fremst\u00e5r stykket med en s\u00e6regen spenst og gl\u00f8d, kanskje p\u00e5 en m\u00e5te som man nesten ikke kunne tenke seg i 1979.<\/p>\n<h4>\u00abDen fineste nordiske strykemusikken vi vet om\u00bb<\/h4>\n<p>Helt siden starten har Terje T\u00f8nnesen v\u00e6rt kunstnerisk leder for orkesteret. Den nye utgivelsen inneholder Johan Svendsens &#8216;Romanse&#8217; med T\u00f8nnesen som solist, og i Kurt Atterbergs &#8216;Suite for fiolin, bratsj og strykere&#8217; f\u00e5r han ogs\u00e5 med seg en annen av kjernemedlemmene i DNK, Lars Anders Tomter. En helt utkjent perle f\u00e5r vi ogs\u00e5 presentert i Edvard Br\u00e6ins &#8216;Serenade for bratsj og orkester&#8217;. Med Carl Nielsens &#8216;Lille suite&#8217; og Jean Sibelius &#8216;Valse triste&#8217; fullendes utgivelsen, som er innspilt i Lommedalen kirke \u2013 og mastret i Abbey Road Studios.<\/p>\n<h4>KONSERTER<\/h4>\n<p>14. mai lanseres Nordic Spring med konsert i Universitetets Aula kl. 19.00. Den lanseres ogs\u00e5 ved en \u00abforpremiere\u00bb i Hjertnes kulturhus, Sandefjord dagen f\u00f8r.<\/p>\n<p><\/p>","protected":false},"excerpt":{"rendered":"<p>\u2013 den beste Holberg-suite p\u00e5 markedet. [St\u00e5le Wiksh\u00e5land \/ Dagbladet]<\/p>\n","protected":false},"featured_media":27649,"comment_status":"closed","ping_status":"open","template":"","meta":[],"product_brand":[],"product_cat":[180],"product_tag":[],"class_list":{"0":"post-379","1":"product","2":"type-product","3":"status-publish","4":"has-post-thumbnail","6":"product_cat-simax-classics","7":"product_shipping_class-cddvd-shipping","8":"uni_artist_tag-carl-nielsen","9":"uni_artist_tag-edvard-braein","10":"uni_artist_tag-edvard-grieg","11":"uni_artist_tag-jean-sibelius","12":"uni_artist_tag-johan-svendsen","13":"uni_artist_tag-krzysztof-drab","14":"uni_artist_tag-kurt-atterberg","15":"uni_artist_tag-lars-anders-tomter","16":"uni_artist_tag-norwegian-chamber-orchestra","17":"uni_artist_tag-terje-tonnesen","18":"uni_main_artist_tag-norwegian-chamber-orchestra","19":"uni_artist_genre-easy-listening","20":"uni_artist_genre-norwegian","21":"uni_artist_genre-strings","23":"first","24":"instock","25":"taxable","26":"shipping-taxable","27":"purchasable","28":"product-type-simple"},"_links":{"self":[{"href":"https:\/\/grappa.no\/no\/wp-json\/wp\/v2\/product\/379","targetHints":{"allow":["GET"]}}],"collection":[{"href":"https:\/\/grappa.no\/no\/wp-json\/wp\/v2\/product"}],"about":[{"href":"https:\/\/grappa.no\/no\/wp-json\/wp\/v2\/types\/product"}],"replies":[{"embeddable":true,"href":"https:\/\/grappa.no\/no\/wp-json\/wp\/v2\/comments?post=379"}],"wp:featuredmedia":[{"embeddable":true,"href":"https:\/\/grappa.no\/no\/wp-json\/wp\/v2\/media\/27649"}],"wp:attachment":[{"href":"https:\/\/grappa.no\/no\/wp-json\/wp\/v2\/media?parent=379"}],"wp:term":[{"taxonomy":"product_brand","embeddable":true,"href":"https:\/\/grappa.no\/no\/wp-json\/wp\/v2\/product_brand?post=379"},{"taxonomy":"product_cat","embeddable":true,"href":"https:\/\/grappa.no\/no\/wp-json\/wp\/v2\/product_cat?post=379"},{"taxonomy":"product_tag","embeddable":true,"href":"https:\/\/grappa.no\/no\/wp-json\/wp\/v2\/product_tag?post=379"}],"curies":[{"name":"wp","href":"https:\/\/api.w.org\/{rel}","templated":true}]}}