{"id":378,"date":"2008-06-16T00:00:00","date_gmt":"2008-06-15T23:00:00","guid":{"rendered":"http:\/\/www.grappa.no\/albums\/uncategorized\/georg-crumb-makrokosmos-i-ii-2\/"},"modified":"2019-02-22T15:46:10","modified_gmt":"2019-02-22T14:46:10","slug":"george-crumb-makrokosmos-i-ii","status":"publish","type":"product","link":"https:\/\/grappa.no\/no\/albums\/simax-classics\/george-crumb-makrokosmos-i-ii\/","title":{"rendered":"George Crumb: Makrokosmos I &amp; II"},"content":{"rendered":"<p><\/p>\n<p>En fryktl\u00f8s klaverdebutant med blikk for stjernene<\/p>\n<p>Ellen Ugelvik gir konserter med samtidsmusikk over hele verden. Hennes platedebut kommer her: George Crumbs mesterverk Makrokosmos I &amp; II for f\u00f8rste gang i Surround Sound.<\/p>\n<p>Kritikerne kaller henne \u00abfryktl\u00f8s, uforglemmelig, overbevisende, kompromissl\u00f8s, virtuos og imponerende\u00bb i de str\u00e5lende kritikkene hun h\u00f8ster overalt. P\u00e5 debutplaten sin tar hun for seg en av de virkelige klassikerne i det nye klaverrepertoaret, og Ellen Ugelviks Makrokosmos innfrir til fulle.<\/p>\n<p>Dette er ein pianist som v\u00e5ger g\u00e5 nye veier, og som gjer det meir overbevisande enn nokon annan norsk ut\u00f8var.<br \/>\n(Stavanger Aftenblad, 13.8.2007)<\/p>\n<p>Det er musikere som Ugelvik som virkelig gir oss tro p\u00e5 at samtidsmusikken har noe \u00e5 si oss. (Bergens Tidende, 4.6.2006)<\/p>\n<p><!--more--><\/p>\n<p>En fryktl\u00f8s klaverdebutant<\/p>\n<p>Ellen Ugelvik gir konserter med samtidsmusikk over hele verden. Hennes platedebut kommer her: George Crumbs mesterverk Makrokosmos I &amp; II for f\u00f8rste gang i Surround Sound.<\/p>\n<h4>Crumbs grensel\u00f8se lydlandskap \u2013 invitasjon og utfordring<\/h4>\n<p>George Crumb er en av de mest kjente amerikanske komponistene i sin generasjon. Gjennom en \u00e5rrekke har han utviklet sin s\u00e6regne m\u00e5te \u00e5 benytte flygelet \u2013 noe som frembringer et spektakul\u00e6rt klangunivers. Crumb m\u00e5 ikke bare spilles, i tillegg skal ut\u00f8veren plystre, synge, rope og hviske p\u00e5 et utall klart definerte m\u00e5ter. Musikken er inkluderende og kommuniserende, noe som gj\u00f8r Crumb til en aktuell festivalkomponist, senest i Norge ved Trondheim Kammermusikkfestival 2007.<\/p>\n<h4>Yrke: samtidspianist<\/h4>\n<p>Det kommunikative aspektet ved samtidsmusikken har ogs\u00e5 v\u00e6rt Ugelviks satsning gjennom en \u00e5rrekke. Dette vises i programmeringen p\u00e5 hennes rene solokonserter, og ogs\u00e5 i samarbeidprosjekter med andre musikere, komponister, lydkunstnere, dansere, skuespillere, figurteater, regiss\u00f8rer og videokunstnere.<\/p>\n<h4>Ellen Ugelvik<\/h4>\n<p>Ellen Ugelvik er f\u00f8dt og oppvokst i Bergen, og har sin utdannelse ved Griegakademiet, konservatoriet i Amsterdam og musikkh\u00f8gskolen i Leipzig. Hun har gitt solokonserter i Europa og Asia og medvirket ved en rekke festivaler i inn- og utland., og har markert seg med prosjekter som  I tillegg har hun mottatt en rekke stipender, v\u00e6rt Rikskonsertenes INTRO-musiker og ble utnevnt til \u00ab\u00c5rets Kulturnavn\u00bb av Bergens Tidende i 2006. Helt nylig ble hun tildelt Statens arbeidsstipend for tre \u00e5r.<\/p>\n<p><\/p>","protected":false},"excerpt":{"rendered":"<p>Det er musikere som Ugelvik som virkelig gir oss tro p\u00e5 at samtidsmusikken har noe \u00e5 si oss. [Bergens Tidende]<\/p>\n","protected":false},"featured_media":27647,"comment_status":"closed","ping_status":"open","template":"","meta":[],"product_brand":[],"product_cat":[180],"product_tag":[],"class_list":{"0":"post-378","1":"product","2":"type-product","3":"status-publish","4":"has-post-thumbnail","6":"product_cat-simax-classics","7":"product_shipping_class-cddvd-shipping","8":"uni_artist_tag-ellen-ugelvik","9":"uni_artist_tag-george-crumb","10":"uni_artist_tag-tony-harrison","11":"uni_main_artist_tag-ellen-ugelvik","12":"uni_artist_genre-classical","13":"uni_artist_genre-contemporary-music","14":"uni_artist_genre-norwegian-grammy-award-spellemannvinner","15":"uni_artist_genre-piano","16":"uni_artist_genre-sacd","18":"first","19":"instock","20":"taxable","21":"shipping-taxable","22":"purchasable","23":"product-type-simple"},"_links":{"self":[{"href":"https:\/\/grappa.no\/no\/wp-json\/wp\/v2\/product\/378","targetHints":{"allow":["GET"]}}],"collection":[{"href":"https:\/\/grappa.no\/no\/wp-json\/wp\/v2\/product"}],"about":[{"href":"https:\/\/grappa.no\/no\/wp-json\/wp\/v2\/types\/product"}],"replies":[{"embeddable":true,"href":"https:\/\/grappa.no\/no\/wp-json\/wp\/v2\/comments?post=378"}],"wp:featuredmedia":[{"embeddable":true,"href":"https:\/\/grappa.no\/no\/wp-json\/wp\/v2\/media\/27647"}],"wp:attachment":[{"href":"https:\/\/grappa.no\/no\/wp-json\/wp\/v2\/media?parent=378"}],"wp:term":[{"taxonomy":"product_brand","embeddable":true,"href":"https:\/\/grappa.no\/no\/wp-json\/wp\/v2\/product_brand?post=378"},{"taxonomy":"product_cat","embeddable":true,"href":"https:\/\/grappa.no\/no\/wp-json\/wp\/v2\/product_cat?post=378"},{"taxonomy":"product_tag","embeddable":true,"href":"https:\/\/grappa.no\/no\/wp-json\/wp\/v2\/product_tag?post=378"}],"curies":[{"name":"wp","href":"https:\/\/api.w.org\/{rel}","templated":true}]}}