{"id":37687,"date":"2020-07-03T00:00:00","date_gmt":"2020-07-02T23:00:00","guid":{"rendered":"https:\/\/grappa.no\/no\/albums\/ukategorisert\/haijn-kaare-ornung-a-ae\/"},"modified":"2020-09-07T10:26:58","modified_gmt":"2020-09-07T09:26:58","slug":"haijn-kaare-ornung-a-ae","status":"publish","type":"product","link":"https:\/\/grappa.no\/no\/albums\/simax-classics\/haijn-kaare-ornung-a-ae\/","title":{"rendered":"Haijn Kaare \u00d8rnung \u00e5 \u00c6"},"content":{"rendered":"<p><\/p>\n<p>Arve Tellefsen og Kaare \u00d8rnung \u2013 et begrep i norsk musikkliv. Utgivelsen \u2018Serenade\u2019 solgte over 25000 eksemplarer. Arve og Kaare hadde enda fler i\u00f8refallende klassiske perler p\u00e5 repertoaret, og gikk direkte i studio. Men hvor ble det av disse opptakene? Forsvunnet \u2013 inntil n\u00e5!. En dag i 2007 dukket det opp en innspilling som begge hadde glemt: Kaare var sv\u00e6rt oppr\u00f8mt da han ringte Arve en morgen. Han hadde ryddet hjemme og kom da over en kassett som han satte p\u00e5 for \u00e5 h\u00f8re hva det var for noe. \u00abOg s\u00e5 var det oss to, det h\u00f8rte jeg med en gang. Men det kunne for s\u00e5 vidt like gjerne v\u00e6rt Jascha og Vladimir, for det l\u00e5ter j\u00e6vla bra!\u00bb ropte Kaare inn i telefonen. Arve bemerker lakonisk at de to alltid var p\u00e5 fornavn med sine forbilder Heifetz og Horowitz. De avtalte \u00e5 m\u00f8tes dagen etter slik at Arve ogs\u00e5 kunne f\u00e5 h\u00f8rt p\u00e5 kassetten. \u00abOg \u2013 det var faktisk veldig bra. Vi var enige om det, Kaare \u00e5 \u00e6,\u00bb konkluderer Arve med sedvanlig tr\u00f8ndersk beskjedenhet.<\/p>\n<p><!--more--><\/p>\n<p>Arve Tellefsen og Kaare \u00d8rnung \u2013 et begrep i norsk musikkliv. Utgivelsen \u2018Serenade\u2019 solgte over 25000 eksemplarer. Arve og Kaare hadde enda fler i\u00f8refallende klassiske perler p\u00e5 repertoaret, og gikk direkte i studio. Men hvor ble det av disse opptakene? Forsvunnet \u2013 inntil n\u00e5!<\/p>\n<h4>\u2018det l\u00e5ter j\u00e6vla bra!\u2019<\/h4>\n<p>Kaare var sv\u00e6rt oppr\u00f8mt da han ringte Arve en morgen. Han hadde ryddet hjemme og kom da over en kassett som han satte p\u00e5 for \u00e5 h\u00f8re hva det var for noe. \u00abOg s\u00e5 var det oss to, det h\u00f8rte jeg med en gang. Men det kunne for s\u00e5 vidt like gjerne v\u00e6rt Jascha og Vladimir, for det l\u00e5ter j\u00e6vla bra!\u00bb ropte Kaare inn i telefonen. Arve bemerker lakonisk at de to alltid var p\u00e5 fornavn med sine forbilder Heifetz og Horowitz. De avtalte \u00e5 m\u00f8tes dagen etter slik at Arve ogs\u00e5 kunne f\u00e5 h\u00f8rt p\u00e5 kassetten. \u00abOg \u2013 det var faktisk veldig bra. Vi var enige om det, Kaare \u00e5 \u00e6,\u00bb konkluderer Arve med sedvanlig tr\u00f8ndersk beskjedenhet.<\/p>\n<h4>\u2018Dermed starta detektivarbeidet\u2019<\/h4>\n<p>Sigmund Groven forteller: \u2018Dermed starta detektivarbeidet. Merkeleg nok kunne ikkje Arve og Kaare hugse n\u00e5r innspelingane var gjort, og i kvafor studio. Vi sette i gang med \u00e5 ringe rundt til alle mulege produsentar, plateselskap, studio og teknikarar som kunne tenkast \u00e5 ha vori med p\u00e5 dette, men utan \u00e5 f\u00e5 napp nokon stad. Dette p\u00e5gjekk over lang tid, og frustrasjonen var stor. Hausten 2013 fekk vi den triste meldinga at Kaare var d\u00f8d. Vi hadde n\u00e6rmast gitt opp h\u00e5pet om \u00e5 finne tilbake til originalopptaket. Men i oktober 2015 ringde ein oppgl\u00f8dd Arve til meg: Alt r\u00e5stoffet til innspelingane hadde kome for ein dag i Nasjonalbiblioteket i Mo i Rana! Det viste seg at innspelingane var gjort i 1986 i det da nye Rainbow Studio i Christies gate p\u00e5 Gr\u00fcnerl\u00f8kka, med fabelaktige Jan Erik Kongshaug som teknikar. Heller ikkje han hugsa at han hadde gjort opptaket \u2013 men s\u00e5 hadde han vel ogs\u00e5 gjort mange tusen innspelingar i mellomtida!\u2019<\/p>\n<h4>\u2018Haijn Kaare \u00d8rnung \u00e5 \u00e6\u2019 \u2013 fra sangen med Knutsen og Ludvigsen<\/h4>\n<p>\u2018Kaare \u00d8rnung er en viktig person i mitt liv. Jeg hadde tidligere spilt med mange forskjellige pianister som Robert Levin, Liv Glaser, K\u00e5re Siem, Finn Audun Oftedal og Kjell B\u00e6kkelund, og de var alle dyktige til \u00e5 prate litt med publikum. Jeg var livredd for \u00e5 dumme meg ut, s\u00e5 jeg torde aldri \u00e5 si noe. Jeg fikk meg derfor en overraskelse f\u00f8rste gang Kaare og jeg spilte sammen. Han ville nemlig ikke si et eneste ord! S\u00e5 m\u00e5tte jeg kaste meg utfor selv. Det gikk bedre enn fryktet, og det verste av alt; jeg likte \u00e5 si noe til publikum p\u00e5 en uh\u00f8ytidelig m\u00e5te som hadde noe med musikken eller komponisten \u00e5 gj\u00f8re. Dette holdt seg slik i alle \u00e5r. Kaare, som \u00aboff stage\u00bb var lynkjapp i replikken og kjempemorsom n\u00e5r han var i slag, han sa aldri ett eneste ord fra scenen!\u2019<br \/>\nMen \u00e9n gang sang de begge to, Arve og Kaare, selvf\u00f8lgelig i regi av Knudsen og Ludvigsen. Dette legendariske opptaket er ogs\u00e5 med p\u00e5 denne utgivelsen; en lattermild hilsen fra to eminente musikere som elsket \u00e5 dele av sin glede over musikken.<\/p>\n<p><\/p>","protected":false},"excerpt":{"rendered":"<p>\u00abOg \u2013 det var faktisk veldig bra. Vi var enige om det, Kaare \u00e5 \u00e6,\u00bb konkluderer Arve med sedvanlig tr\u00f8ndersk beskjedenhet.<\/p>\n","protected":false},"featured_media":37688,"comment_status":"closed","ping_status":"closed","template":"","meta":[],"product_brand":[],"product_cat":[180],"product_tag":[],"class_list":{"0":"post-37687","1":"product","2":"type-product","3":"status-publish","4":"has-post-thumbnail","6":"product_cat-simax-classics","7":"product_shipping_class-cddvd-shipping","8":"uni_artist_tag-arve-tellefsen","9":"uni_artist_tag-kaare-ornung","10":"uni_main_artist_tag-arve-tellefsen","12":"first","13":"instock","14":"taxable","15":"shipping-taxable","16":"purchasable","17":"product-type-simple"},"_links":{"self":[{"href":"https:\/\/grappa.no\/no\/wp-json\/wp\/v2\/product\/37687","targetHints":{"allow":["GET"]}}],"collection":[{"href":"https:\/\/grappa.no\/no\/wp-json\/wp\/v2\/product"}],"about":[{"href":"https:\/\/grappa.no\/no\/wp-json\/wp\/v2\/types\/product"}],"replies":[{"embeddable":true,"href":"https:\/\/grappa.no\/no\/wp-json\/wp\/v2\/comments?post=37687"}],"wp:featuredmedia":[{"embeddable":true,"href":"https:\/\/grappa.no\/no\/wp-json\/wp\/v2\/media\/37688"}],"wp:attachment":[{"href":"https:\/\/grappa.no\/no\/wp-json\/wp\/v2\/media?parent=37687"}],"wp:term":[{"taxonomy":"product_brand","embeddable":true,"href":"https:\/\/grappa.no\/no\/wp-json\/wp\/v2\/product_brand?post=37687"},{"taxonomy":"product_cat","embeddable":true,"href":"https:\/\/grappa.no\/no\/wp-json\/wp\/v2\/product_cat?post=37687"},{"taxonomy":"product_tag","embeddable":true,"href":"https:\/\/grappa.no\/no\/wp-json\/wp\/v2\/product_tag?post=37687"}],"curies":[{"name":"wp","href":"https:\/\/api.w.org\/{rel}","templated":true}]}}