{"id":37683,"date":"2020-06-19T00:00:00","date_gmt":"2020-06-16T23:00:00","guid":{"rendered":"https:\/\/grappa.no\/no\/albums\/ukategorisert\/pa-frihjul\/"},"modified":"2020-06-18T22:25:16","modified_gmt":"2020-06-18T21:25:16","slug":"pa-frihjul","status":"publish","type":"product","link":"https:\/\/grappa.no\/no\/albums\/grappa\/pa-frihjul\/","title":{"rendered":"P\u00e5 Frihjul"},"content":{"rendered":"<p><\/p>\n<p>\u00c5se Kleveland &#8211; P\u00e5 Frihjul<\/p>\n<p>\u00c5se Kleveland med sitt f\u00f8rste egne album p\u00e5 nesten 45 \u00e5r.<br \/>\n\u00c5se Kleveland og The Salmon Smokers m\u00f8ttes for f\u00f8rste gang i forbindelse med den store hyllestkonserten for Leonart Choen i 2017, der de sammen bergtok et fullsatt Oslo Spektrum med en spektakul\u00e6r versjon av hans \u00abFirst We Take Manhattan\u00bb.<br \/>\nKonserten og TV-opptaket av den, etterlot seerne med tanker om hvilken artist landet gikk glipp av da \u00c5se Kleveland valgte en karriere i kulturbyr\u00e5krati og politikk.<br \/>\nN\u00e5 kommer svaret p\u00e5 dette sp\u00f8rsm\u00e5let, med utgivelsen av \u00c5se Klevelands f\u00f8rste soloplate siden 1976, backet av nettopp The Salmon Smokers.<br \/>\nP\u00e5 Frihjul inneholder et bredt spekter av musikk som peker hele veien tilbake til platene som f\u00f8rst gjorde henne kjent p\u00e5 1960-tallet, via 70-tallets sjangerfordomsfrihet og frem til et kontempor\u00e6rt utrykk som tar opp i seg blues, viser, soul og rock\u00b4n\u00b4roll.<\/p>\n<p><!--more--><\/p>\n<p>\u00c5se Kleveland med sitt f\u00f8rste egne album p\u00e5 nesten 45 \u00e5r<\/p>\n<h4><\/h4>\n<p>P\u00e5 Frihjul inneholder et bredt spekter av musikk som peker hele veien tilbake til platene som f\u00f8rst gjorde henne kjent p\u00e5 1960-tallet, via 70-tallets sjangerfordomsfrihet og frem til et kontempor\u00e6rt utrykk som tar opp i seg blues, viser, soul og rock\u00b4n\u00b4roll.<br \/>\nAlt sunget med en av norsk musikks udiskutabelt mest distinkte stemmer, en vokal autoritet som n\u00e5 n\u00e5r frem til lyttere av mange generasjoner.<br \/>\nPlata er produsert i samarbeid med multiinstrumentalist Freddy Holm (Tove B\u00f8ygard, Luke Elliott) og er i spilt inn i Holms Kleiva Studio i Halden og Klevelands stue i Oslo.<\/p>\n<h4><\/h4>\n<p><h4><\/h4>\n<\/p>\n<p><\/p>","protected":false},"excerpt":{"rendered":"<p>\u00c5se Kleveland med sitt f\u00f8rste egne album p\u00e5 nesten 45 \u00e5r!<\/p>\n","protected":false},"featured_media":37684,"comment_status":"closed","ping_status":"open","template":"","meta":[],"product_brand":[],"product_cat":[6],"product_tag":[],"class_list":{"0":"post-37683","1":"product","2":"type-product","3":"status-publish","4":"has-post-thumbnail","6":"product_cat-grappa","7":"product_shipping_class-cddvd-shipping","8":"uni_artist_tag-anne-grete-preus","9":"uni_artist_tag-arne-bendiksen","10":"uni_artist_tag-ase-kleveland","11":"uni_artist_tag-bob-dylan","12":"uni_artist_tag-eigil-berg","13":"uni_artist_tag-freddy-holm","14":"uni_artist_tag-georg-friedrich-handel","15":"uni_artist_tag-jim-morrison","16":"uni_artist_tag-john-lennon","17":"uni_artist_tag-kc-douglas","18":"uni_artist_tag-peps-persson","19":"uni_artist_tag-robert-l-geddins","20":"uni_artist_tag-terje-norum","21":"uni_artist_tag-the-salmon-smokers","22":"uni_main_artist_tag-ase-kleveland","23":"uni_artist_genre-norwegian-lyrics","24":"uni_artist_genre-pop","25":"uni_artist_genre-rock","27":"first","28":"instock","29":"taxable","30":"shipping-taxable","31":"purchasable","32":"product-type-simple"},"_links":{"self":[{"href":"https:\/\/grappa.no\/no\/wp-json\/wp\/v2\/product\/37683","targetHints":{"allow":["GET"]}}],"collection":[{"href":"https:\/\/grappa.no\/no\/wp-json\/wp\/v2\/product"}],"about":[{"href":"https:\/\/grappa.no\/no\/wp-json\/wp\/v2\/types\/product"}],"replies":[{"embeddable":true,"href":"https:\/\/grappa.no\/no\/wp-json\/wp\/v2\/comments?post=37683"}],"wp:featuredmedia":[{"embeddable":true,"href":"https:\/\/grappa.no\/no\/wp-json\/wp\/v2\/media\/37684"}],"wp:attachment":[{"href":"https:\/\/grappa.no\/no\/wp-json\/wp\/v2\/media?parent=37683"}],"wp:term":[{"taxonomy":"product_brand","embeddable":true,"href":"https:\/\/grappa.no\/no\/wp-json\/wp\/v2\/product_brand?post=37683"},{"taxonomy":"product_cat","embeddable":true,"href":"https:\/\/grappa.no\/no\/wp-json\/wp\/v2\/product_cat?post=37683"},{"taxonomy":"product_tag","embeddable":true,"href":"https:\/\/grappa.no\/no\/wp-json\/wp\/v2\/product_tag?post=37683"}],"curies":[{"name":"wp","href":"https:\/\/api.w.org\/{rel}","templated":true}]}}