{"id":37648,"date":"2020-05-15T00:00:00","date_gmt":"2020-05-14T23:00:00","guid":{"rendered":"https:\/\/grappa.no\/no\/albums\/ukategorisert\/nashville\/"},"modified":"2020-05-29T11:14:08","modified_gmt":"2020-05-29T10:14:08","slug":"nashville","status":"publish","type":"product","link":"https:\/\/grappa.no\/no\/albums\/grappa\/nashville\/","title":{"rendered":"Nashville"},"content":{"rendered":"<p><\/p>\n<p>Inger Lise Stulien &#8211; Nashville<\/p>\n<p>Inger Lise Stulien er tilbake med sitt splitter nye album &quot;Nashville&quot;. I mange \u00e5r hadde Inger Lise en dr\u00f8m om \u00e5 reise over havet til selve hjemlandet for countrymusikk. I fjor h\u00f8st gikk den dr\u00f8mmen endelig i oppfyllelse, og 23 \u00e5r etter forrige bes\u00f8k var hun tilbake i Nashville. Denne gangen hadde hun imidlertid et nytt m\u00e5l i tankene, nemlig \u00e5 spille inn et helt nytt album &#8211; p\u00e5 engelsk. <\/p>\n<p>Derfor er det naturlig at dette nye albumet hennes har f\u00e5tt navnet &quot;Nashville&quot;, der hun vender tilbake til sin kj\u00e6rlighet for countrymusikken &#8211; stedet fansen hennes mener hun virkelig h\u00f8rer til og har h\u00e5pet at hun ville komme tilbake til. <\/p>\n<p>Med \u00e5tte nye sanger, to av dem de henholdsvis hjerteskj\u00e6rende og hjertevarmende singlene &quot;Victoria&quot; og &quot;You and Me (feat. Dennis W. Parker)&quot; , betyr dette en etterlengtet og vellykket nyutgivelse for Inger Lise Stulien.<\/p>\n<p><!--more--><\/p>\n<p>Inger Lise Stulien &#8211; Nashville<\/p>\n<h4><\/h4>\n<p>I mange \u00e5r hadde Inger Lise en dr\u00f8m om \u00e5 reise over havet til selve hjemlandet for countrymusikk. I fjor h\u00f8st gikk den dr\u00f8mmen endelig i oppfyllelse, og 23 \u00e5r etter forrige bes\u00f8k var hun tilbake i Nashville. Denne gangen hadde hun imidlertid et nytt m\u00e5l i tankene, nemlig \u00e5 spille inn et helt nytt album &#8211; p\u00e5 engelsk.<br \/>\nDerfor er det naturlig at dette nye albumet hennes har f\u00e5tt navnet &quot;Nashville&quot;, der hun vender tilbake til sin kj\u00e6rlighet for countrymusikken &#8211; stedet fansen hennes mener hun virkelig h\u00f8rer til og har h\u00e5pet at hun ville komme tilbake til.<br \/>\nMed \u00e5tte nye sanger, to av dem de henholdsvis hjerteskj\u00e6rende og hjertevarmende singlene &quot;Victoria&quot; og &quot;You and Me (feat. Dennis W. Parker)&quot; , betyr dette en etterlengtet og vellykket nyutgivelse for Inger Lise Stulien.<\/p>\n<h4><\/h4>\n<p><h4><\/h4>\n<\/p>\n<p><\/p>","protected":false},"excerpt":{"rendered":"<p>Inger Lise Stulien g\u00e5r tilbake til r\u00f8ttene og kj\u00e6rligheten for countrymusikk og gir ut sitt f\u00f8rste album p\u00e5 engelsk.<\/p>\n","protected":false},"featured_media":37649,"comment_status":"closed","ping_status":"open","template":"","meta":[],"product_brand":[],"product_cat":[6],"product_tag":[],"class_list":{"0":"post-37648","1":"product","2":"type-product","3":"status-publish","4":"has-post-thumbnail","6":"product_cat-grappa","7":"product_shipping_class-cddvd-shipping","8":"uni_artist_tag-camille-te-nahu-french","9":"uni_artist_tag-dennis-w-parker","10":"uni_artist_tag-eirik-are-oanaes-andersen","11":"uni_artist_tag-inger-lise-stulien","12":"uni_artist_tag-inger-lise-stulien-robstad","13":"uni_artist_tag-jeff-taylor","14":"uni_artist_tag-joshua-hunt","15":"uni_artist_tag-justin-moses","16":"uni_artist_tag-kim-roger-larsen","17":"uni_artist_tag-knut-k-moen","18":"uni_artist_tag-matt-pierson","19":"uni_artist_tag-russ-pahl","20":"uni_artist_tag-stuart-stuie-french","21":"uni_main_artist_tag-inger-lise-stulien-robstad","22":"uni_artist_genre-country","24":"first","25":"instock","26":"taxable","27":"shipping-taxable","28":"purchasable","29":"product-type-simple"},"_links":{"self":[{"href":"https:\/\/grappa.no\/no\/wp-json\/wp\/v2\/product\/37648","targetHints":{"allow":["GET"]}}],"collection":[{"href":"https:\/\/grappa.no\/no\/wp-json\/wp\/v2\/product"}],"about":[{"href":"https:\/\/grappa.no\/no\/wp-json\/wp\/v2\/types\/product"}],"replies":[{"embeddable":true,"href":"https:\/\/grappa.no\/no\/wp-json\/wp\/v2\/comments?post=37648"}],"wp:featuredmedia":[{"embeddable":true,"href":"https:\/\/grappa.no\/no\/wp-json\/wp\/v2\/media\/37649"}],"wp:attachment":[{"href":"https:\/\/grappa.no\/no\/wp-json\/wp\/v2\/media?parent=37648"}],"wp:term":[{"taxonomy":"product_brand","embeddable":true,"href":"https:\/\/grappa.no\/no\/wp-json\/wp\/v2\/product_brand?post=37648"},{"taxonomy":"product_cat","embeddable":true,"href":"https:\/\/grappa.no\/no\/wp-json\/wp\/v2\/product_cat?post=37648"},{"taxonomy":"product_tag","embeddable":true,"href":"https:\/\/grappa.no\/no\/wp-json\/wp\/v2\/product_tag?post=37648"}],"curies":[{"name":"wp","href":"https:\/\/api.w.org\/{rel}","templated":true}]}}