{"id":37623,"date":"2013-02-01T00:00:00","date_gmt":"2013-01-31T23:00:00","guid":{"rendered":"https:\/\/grappa.no\/no\/albums\/ukategorisert\/aill-kjeinne-aill\/"},"modified":"2020-05-08T07:34:07","modified_gmt":"2020-05-08T06:34:07","slug":"aill-kjeinne-aill","status":"publish","type":"product","link":"https:\/\/grappa.no\/no\/albums\/grappa\/aill-kjeinne-aill\/","title":{"rendered":"Aill kjeinne aill"},"content":{"rendered":"<p><\/p>\n<p>Anders Jektvik &#8211; Aill kjeinne aill<\/p>\n<p>Det norske folk kjenner f\u00f8rst og fremst Anders Jektvik fra programmet Norske Talenter, der Alex Ros\u00e9n, Mia Gundersen og Adil Kahn ga den dyktige viseartisten st\u00e5ende applaus. P\u00e5 &quot;Aill Kjeinne Aill&quot; leverer han stemningsfull og underfundig visepop med tekster p\u00e5 dialekt &#8211; om alt fra de store sp\u00f8rsm\u00e5lene til sm\u00e5 hverdagslige betraktninger. <\/p>\n<p>Anders Jektvik er bosatt i Trondheim, men kommer opprinnelig fra Hitra kommune. Han har tidligere mottatt Hitra kommunes kulturpris for sin innsats som kulturb\u00e6rer med visene sine. &quot;Aill Kjeinne Aill&quot; er en videref\u00f8ring av Jektviks forrige viseprosjekt, &quot;Tefeilles&quot;, som ga ut albumet &quot;To Hj\u00e6rta&quot; i 2007 (tittell\u00e5ta l\u00e5 10 uker p\u00e5 norsktoppen og ble A-listet p\u00e5 NRK P1).<\/p>\n<p><!--more--><\/p>\n<p>Anders Jektvik &#8211; Aill Kjeinne Aill<\/p>\n<h4><\/h4>\n<p>P\u00e5 &quot;Aill Kjeinne Aill&quot; leverer han stemningsfull og underfundig visepop med tekster p\u00e5 dialekt &#8211; om alt fra de store sp\u00f8rsm\u00e5lene til sm\u00e5 hverdagslige betraktninger. <\/p>\n<p>Anders Jektvik er bosatt i Trondheim, men kommer opprinnelig fra Hitra kommune. Han har tidligere mottatt Hitra kommunes kulturpris for sin innsats som kulturb\u00e6rer med visene sine. &quot;Aill Kjeinne Aill&quot; er en videref\u00f8ring av Jektviks forrige viseprosjekt, &quot;Tefeilles&quot;, som ga ut albumet &quot;To Hj\u00e6rta&quot; i 2007 (tittell\u00e5ta l\u00e5 10 uker p\u00e5 norsktoppen og ble A-listet p\u00e5 NRK P1).<\/p>\n<h4><\/h4>\n<p><h4><\/h4>\n<\/p>\n<p><\/p>","protected":false},"excerpt":{"rendered":"<p>Stemningsfull og underfundig visepop fra Anders Jektvik<\/p>\n","protected":false},"featured_media":37625,"comment_status":"closed","ping_status":"open","template":"","meta":[],"product_brand":[],"product_cat":[6],"product_tag":[],"class_list":{"0":"post-37623","1":"product","2":"type-product","3":"status-publish","4":"has-post-thumbnail","6":"product_cat-grappa","7":"product_shipping_class-cddvd-shipping","8":"uni_artist_tag-anders-jektvik","9":"uni_artist_tag-aril-reiersen","10":"uni_artist_tag-dan-ake-clausen","11":"uni_artist_tag-erlend-smalas","12":"uni_artist_tag-julie-rokseth","13":"uni_artist_tag-ole-jonas-storli","14":"uni_artist_tag-oyvind-smith","15":"uni_main_artist_tag-anders-jektvik","16":"uni_artist_genre-pop","17":"uni_artist_genre-singersongwriter","19":"first","20":"instock","21":"taxable","22":"shipping-taxable","23":"purchasable","24":"product-type-simple"},"_links":{"self":[{"href":"https:\/\/grappa.no\/no\/wp-json\/wp\/v2\/product\/37623","targetHints":{"allow":["GET"]}}],"collection":[{"href":"https:\/\/grappa.no\/no\/wp-json\/wp\/v2\/product"}],"about":[{"href":"https:\/\/grappa.no\/no\/wp-json\/wp\/v2\/types\/product"}],"replies":[{"embeddable":true,"href":"https:\/\/grappa.no\/no\/wp-json\/wp\/v2\/comments?post=37623"}],"wp:featuredmedia":[{"embeddable":true,"href":"https:\/\/grappa.no\/no\/wp-json\/wp\/v2\/media\/37625"}],"wp:attachment":[{"href":"https:\/\/grappa.no\/no\/wp-json\/wp\/v2\/media?parent=37623"}],"wp:term":[{"taxonomy":"product_brand","embeddable":true,"href":"https:\/\/grappa.no\/no\/wp-json\/wp\/v2\/product_brand?post=37623"},{"taxonomy":"product_cat","embeddable":true,"href":"https:\/\/grappa.no\/no\/wp-json\/wp\/v2\/product_cat?post=37623"},{"taxonomy":"product_tag","embeddable":true,"href":"https:\/\/grappa.no\/no\/wp-json\/wp\/v2\/product_tag?post=37623"}],"curies":[{"name":"wp","href":"https:\/\/api.w.org\/{rel}","templated":true}]}}