{"id":37622,"date":"2020-05-08T00:00:00","date_gmt":"2020-05-07T23:00:00","guid":{"rendered":"https:\/\/grappa.no\/no\/albums\/ukategorisert\/worry-chord\/"},"modified":"2020-05-13T12:34:07","modified_gmt":"2020-05-13T11:34:07","slug":"worry-chord","status":"publish","type":"product","link":"https:\/\/grappa.no\/no\/albums\/grappa\/worry-chord\/","title":{"rendered":"Worry Chord"},"content":{"rendered":"<p><\/p>\n<p>Einar Flaa &#8211; Worry Chord<\/p>\n<p>Planen var ikke \u00e5 lage en korona-plate. Men p\u00e5 grunn av omstendighetene har Einar Flaas nye album Worry Chord kanskje blitt akkurat det.<br \/>\nS\u00e5 lenge Einar kan huske har hverdagsbekymringer lagt en demper p\u00e5 livskvaliteten hans. Et karaktertrekk som har p\u00e5virket familien, venner, og ikke minst han selv. Med dette som bakgrunn skrev Einar sitt mest personlig album noen gang.<br \/>\nMed disse sangene ville Einar gi noe tilbake, der bekymringene ikke stod i veien. For Einar er det lettere \u00e5 v\u00e6re seg selv gjennom musikk.Disse tekstene med sin m\u00f8rke tematikk er riktignok pakket inn i nydelige melodier og rene lydbilder. Sammenligningen med en ung Neil Young er flittig brukt om Einar, og det er ikke uten grunn. Dette er noe som kan h\u00f8res gjennom hele plata, b\u00e5de p\u00e5 singler som \u00abRiddle Girl\u00bb og \u00abWhen You Were Young (med Marte Wulff)\u00bb, og p\u00e5 l\u00e5ter som \u00abFive Years from Now\u00bb og \u00abYour Father\u2019s Car\u00bb. Med god hjelp fra musikerne Erland Dahlen, Jo Berger Myhre, Geir Sundst\u00f8l (som ogs\u00e5 er produsent) og andre, har Worry Chord, til tross for alle sine bekymringer, ganske enkelt blitt en fryd for \u00f8ret.<\/p>\n<p><!--more--><\/p>\n<p>Planen var ikke \u00e5 lage en korona-plate. Men p\u00e5 grunn av omstendighetene har Einar Flaas nye album Worry Chord kanskje blitt akkurat det.<\/p>\n<h4>\u00c5 v\u00e6re seg selv<\/h4>\n<p>Med disse sangene ville Einar gi noe tilbake, der bekymringene ikke stod i veien. For Einar er det lettere \u00e5 v\u00e6re seg selv gjennom musikk.<\/p>\n<p>\u2013 Uten at jeg helt vet n\u00e5r eller hvorfor begynte jeg \u00e5 skrive musikk om dette temaet. Om hvordan bekymringene har st\u00e5tt i veien for \u00e5 leve livet til det fulle, om min relasjon til familien, kj\u00e6resten, venner og meg selv, forteller han.<\/p>\n<p>\u2013 Planen var jo ikke \u00e5 lage en korona-plate, men n\u00e5 ser jeg at koronaepidemien hjelper oss til \u00e5 snakke lettere om bekymringer og angst.<\/p>\n<p>Disse tekstene med sin m\u00f8rke tematikk er riktignok pakket inn i nydelige melodier og rene lydbilder. Sammenligningen med en ung Neil Young er flittig brukt om Einar, og det er ikke uten grunn. Dette er noe som kan h\u00f8res gjennom hele plata, b\u00e5de p\u00e5 singler som \u00abRiddle Girl\u00bb og \u00abWhen You Were Young (med Marte Wulff)\u00bb, og p\u00e5 l\u00e5ter som \u00abFive Years from Now\u00bb og \u00abYour Father\u2019s Car\u00bb. <\/p>\n<p>Med god hjelp fra musikerne Erland Dahlen, Jo Berger Myhre, Geir Sundst\u00f8l (som ogs\u00e5 er produsent) og andre, har Worry Chord, til tross for alle sine bekymringer, ganske enkelt blitt en fryd for \u00f8ret.<\/p>\n<p>Einar Flaa er en av v\u00e5re mest samfunnsengasjerte l\u00e5tskrivere. Han vokste opp med \u00e5 h\u00f8re p\u00e5 protestviser fra skandinaviske artister fra 60 og 70-tallet, og i 2018 ga han ut klima- og milj\u00f8platen Silent String. Tidligere har han sluppet l\u00e5ter som innspill til stortingsvalget og som ytringer i forskjellige politiske sammenhenger. Einar har ogs\u00e5 hatt mange musikalske samarbeid b\u00e5de med norske og internasjonale artister, l\u00e5tskrivere og instrumentalister.<\/p>\n<h4><\/h4>\n<p><h4><\/h4>\n<\/p>\n<p><\/p>","protected":false},"excerpt":{"rendered":"<p>Einar Flaas personlige album &quot;Worry Chord&quot; har ganske enkelt blitt en fryd for \u00f8ret.<\/p>\n","protected":false},"featured_media":37624,"comment_status":"closed","ping_status":"open","template":"","meta":[],"product_brand":[],"product_cat":[6],"product_tag":[],"class_list":{"0":"post-37622","1":"product","2":"type-product","3":"status-publish","4":"has-post-thumbnail","6":"product_cat-grappa","7":"product_shipping_class-cddvd-shipping","8":"uni_artist_tag-david-wallumrod","9":"uni_artist_tag-einar-flaa","10":"uni_artist_tag-erland-dahlen","11":"uni_artist_tag-geir-sundstol","12":"uni_artist_tag-jo-berger-myhre","13":"uni_artist_tag-marte-wulff","14":"uni_artist_tag-sanskriti-sheresta","15":"uni_main_artist_tag-einar-flaa","16":"uni_artist_genre-pop","17":"uni_artist_genre-singersongwriter","19":"first","20":"instock","21":"taxable","22":"shipping-taxable","23":"purchasable","24":"product-type-simple"},"_links":{"self":[{"href":"https:\/\/grappa.no\/no\/wp-json\/wp\/v2\/product\/37622","targetHints":{"allow":["GET"]}}],"collection":[{"href":"https:\/\/grappa.no\/no\/wp-json\/wp\/v2\/product"}],"about":[{"href":"https:\/\/grappa.no\/no\/wp-json\/wp\/v2\/types\/product"}],"replies":[{"embeddable":true,"href":"https:\/\/grappa.no\/no\/wp-json\/wp\/v2\/comments?post=37622"}],"wp:featuredmedia":[{"embeddable":true,"href":"https:\/\/grappa.no\/no\/wp-json\/wp\/v2\/media\/37624"}],"wp:attachment":[{"href":"https:\/\/grappa.no\/no\/wp-json\/wp\/v2\/media?parent=37622"}],"wp:term":[{"taxonomy":"product_brand","embeddable":true,"href":"https:\/\/grappa.no\/no\/wp-json\/wp\/v2\/product_brand?post=37622"},{"taxonomy":"product_cat","embeddable":true,"href":"https:\/\/grappa.no\/no\/wp-json\/wp\/v2\/product_cat?post=37622"},{"taxonomy":"product_tag","embeddable":true,"href":"https:\/\/grappa.no\/no\/wp-json\/wp\/v2\/product_tag?post=37622"}],"curies":[{"name":"wp","href":"https:\/\/api.w.org\/{rel}","templated":true}]}}