{"id":376,"date":"2003-06-16T00:00:00","date_gmt":"2003-06-15T23:00:00","guid":{"rendered":"http:\/\/www.grappa.no\/albums\/uncategorized\/bjarne-brustad-music-for-violin-solo\/"},"modified":"2019-02-22T15:43:43","modified_gmt":"2019-02-22T14:43:43","slug":"bjarne-brustad-music-for-violin-solo","status":"publish","type":"product","link":"https:\/\/grappa.no\/no\/albums\/simax-classics\/bjarne-brustad-music-for-violin-solo\/","title":{"rendered":"Bjarne Brustad: Music for violin solo"},"content":{"rendered":"<p><\/p>\n<p>S\u00f8lve Sigerland spiller Brustad glitrende!<\/p>\n<p>S\u00f8lve Sigerland, medlem av kritikerroste Grieg Trio, cd-debuterer som solist i mars 2003 med musikk av den norske komponisten Bjarne Brustad.(1895-1978)<\/p>\n<p>Sigerland presenterer virtuos fiolinmusikk, som vitner om Brustads gode kunnskap om instrumentet. Brustad spilte i mange \u00e5r i Oslo-Filharmonien b\u00e5de som fiolinist og solobratsjist, og hans kompositoriske stil er preget av hans eksepsjonelle instrumentale ferdigheter. <\/p>\n<p>I Fanitull- og Eventyrsuiten viser Brustad klart at han var inspirert av norsk folkemusikk og folklore. Det blir brukt teknikker som illuderer hardingfelas understrenger, og satsene har navn som Veslefrikk og Trollkvenna. Sonate nr.3 for fiolin solo er pretget av en mer moderne fritonal framdrift, men ogs\u00e5 sangbare partier der komponisten igjen demonstrerer sin instrumentaltekniske kunnskap. Fire Capricci for fiolin og bratsj er et fremragende eksempel p\u00e5 to \u2018n\u00e6re\u2019 instrumenter i samspill. Med sine to \u2018nasjonale\u2019 midtsatser og mere abstrakte yttersatser dette et verk som viser mangfoldet i Brustads produksjon. Generelt er produksjonen preget av et v\u00e5kent \u00f8ye for str\u00f8mninger i det internasjonale musikkliv. Brustads tidlige verk er p\u00e5virket av impresjonismen, men p\u00e5 30-tallet blir hans musikk mer preget av elementer fra norsk folkemusikk, dog innenfor et moderne europeisk uttrykk. P\u00e5 50-tallet beveger Brustad seg over i en mer radikal og dissonerende klangverden, mens hans sene verker er holdt i en enkel musikantisk stil. Av Brustads \u00f8vrige verk kan nevnes 9 symfonier og 4 fiolinkonserter. <\/p>\n<p>Fiolinisten S\u00f8lve Sigerland (f.1969) har studert ved Norges musikkh\u00f8gskole og ved<br \/>\nFerenc Liszt-akademiet i Budapest. Som medlem av Grieg Trio har han gitt konserter i en lang rekke konsertsaler som Wigmore Hall (London) og Carnegie Hall (New York). Sigerland har opptr\u00e5dt som solist med blant andre Oslo-Filharmonien,Det NorskeKammerorkester, Stockholm Filharmoniske og Bergen Filharmoniske orkester.<br \/>\nI 1995 vant han to priser under Tibor Varga international violin competition i Sion,<br \/>\nSveits.<\/p>\n<p><!--more--><\/p>\n<h4><\/h4>\n<\/p>\n<h4><\/h4>\n<p><h4><\/h4>\n<\/p>\n<p><\/p>","protected":false},"excerpt":{"rendered":"<p>Brustad var selv en meget habil ut\u00f8ver, og spilte i mange \u00e5r i Oslo-Filharmonien b\u00e5de som fiolinist og solobratsjist.<\/p>\n","protected":false},"featured_media":27606,"comment_status":"closed","ping_status":"open","template":"","meta":[],"product_brand":[],"product_cat":[180],"product_tag":[],"class_list":{"0":"post-376","1":"product","2":"type-product","3":"status-publish","4":"has-post-thumbnail","6":"product_cat-simax-classics","7":"product_shipping_class-cddvd-shipping","8":"uni_artist_tag-bjarne-brustad","9":"uni_artist_tag-geoff-miles","10":"uni_artist_tag-lars-anders-tomter","11":"uni_artist_tag-solve-sigerland","12":"uni_main_artist_tag-solve-sigerland","13":"uni_artist_genre-contemporary-music","14":"uni_artist_genre-solo","15":"uni_artist_genre-strings","17":"first","18":"instock","19":"taxable","20":"shipping-taxable","21":"purchasable","22":"product-type-simple"},"_links":{"self":[{"href":"https:\/\/grappa.no\/no\/wp-json\/wp\/v2\/product\/376","targetHints":{"allow":["GET"]}}],"collection":[{"href":"https:\/\/grappa.no\/no\/wp-json\/wp\/v2\/product"}],"about":[{"href":"https:\/\/grappa.no\/no\/wp-json\/wp\/v2\/types\/product"}],"replies":[{"embeddable":true,"href":"https:\/\/grappa.no\/no\/wp-json\/wp\/v2\/comments?post=376"}],"wp:featuredmedia":[{"embeddable":true,"href":"https:\/\/grappa.no\/no\/wp-json\/wp\/v2\/media\/27606"}],"wp:attachment":[{"href":"https:\/\/grappa.no\/no\/wp-json\/wp\/v2\/media?parent=376"}],"wp:term":[{"taxonomy":"product_brand","embeddable":true,"href":"https:\/\/grappa.no\/no\/wp-json\/wp\/v2\/product_brand?post=376"},{"taxonomy":"product_cat","embeddable":true,"href":"https:\/\/grappa.no\/no\/wp-json\/wp\/v2\/product_cat?post=376"},{"taxonomy":"product_tag","embeddable":true,"href":"https:\/\/grappa.no\/no\/wp-json\/wp\/v2\/product_tag?post=376"}],"curies":[{"name":"wp","href":"https:\/\/api.w.org\/{rel}","templated":true}]}}