{"id":37559,"date":"2020-02-07T00:00:00","date_gmt":"2020-02-06T23:00:00","guid":{"rendered":"https:\/\/grappa.no\/no\/albums\/ukategorisert\/blikk\/"},"modified":"2020-08-21T08:57:20","modified_gmt":"2020-08-21T07:57:20","slug":"blikk","status":"publish","type":"product","link":"https:\/\/grappa.no\/no\/albums\/grappa\/blikk\/","title":{"rendered":"Blikk"},"content":{"rendered":"<p><\/p>\n<p>Elin Furubotn &#8211; Blikk  Elin feirer 20-\u00e5rs jubileum med sitt \u00e5ttende album &quot;Blikk&quot; med ny digital utgivelse best\u00e5ende av 6 l\u00e5ter og en fysisk utgivelse (Vinyl\/CD) med b\u00e5de nye l\u00e5ter og noen utvalgte l\u00e5ter fra karrieren. Albumtittelen angir den r\u00f8de tr\u00e5den i tekstene til Elin. \u00c5 se innover eller utover, et skr\u00e5blikk p\u00e5 hverdagen hvor hun synger om sm\u00e5 og store ting. Yrkesbakgrunnen hennes har gitt henne stor innsikt i menneskepsyken, og hun har erfart at mange strever med perfeksjonisme og mye alvor. Elin \u00f8nsker \u00e5 formidle h\u00e5p. Fortelle at skrammer er fint. At bekymringer ikke har hjulpet noen, og at det er sunt \u00e5 leke mer.<\/p>\n<p><!--more--><\/p>\n<p>Elin Furubotn feirer 20-\u00e5rs jubileum med sitt \u00e5ttende album BLIKK med ny digital utgivelse best\u00e5ende av 6 l\u00e5ter og en fysisk utgivelse (Vinyl\/CD) med b\u00e5de nye l\u00e5ter og noen utvalgte l\u00e5ter fra karrieren.<\/p>\n<h4>Jubileumsalbum<\/h4>\n<p>Albumtittelen angir den r\u00f8de tr\u00e5den i tekstene til Elin. \u00c5 se innover eller utover, et skr\u00e5blikk p\u00e5 hverdagen hvor hun synger om sm\u00e5 og store ting. Yrkesbakgrunnen hennes har gitt henne stor innsikt i menneskepsyken, og hun har erfart at mange strever med perfeksjonisme og mye alvor. Elin \u00f8nsker \u00e5 formidle h\u00e5p. Fortelle at skrammer er fint. At bekymringer ikke har hjulpet noen, og at det er sunt \u00e5 leke mer. Hun skriver om morsomme hverdagssituasjoner, som i sangen \u00abDu vet godt koffor eg e sure p\u00e5 deg\u00bb. En setning hun plukket opp fra en samtale mellom et par p\u00e5 en kafe. I l\u00e5ten \u00abAlt \u00e5 vinna\u00bb rapper Kriss (Erik og Kriss), og er et fors\u00f8k p\u00e5 \u00e5 fortelle helst den yngre generasjon at de er gode nok som de er, \u00abEt Blikk\u00bb er en vemodig l\u00e5t, om \u00e5 miste seg selv mer og mer, som hennes demensrammede far som glemmer mer og mer. De nye l\u00e5tene har hun produsert i samarbeid med Freddy Holm, og musikerne Torbj\u00f8rn \u00d8kland (gitar,tidl. Vamp), Morten Qvenild (tangenter, orgel, bl.a. Thomas Dybdahl), Gunnar Augland (perkusjonist, Mari Boine) og Ellen Brekken (kontrabass bl.a. Hedvig Mollestad Trio). Samarbeidet har v\u00e6rt fruktbart, der de har lekt seg gjennom l\u00e5tene, funnet lyder fra gitarer, orgler, synther, brukt en blokkfl\u00f8yte som tilfeldigvis l\u00e5 der eller trommet med en penn. Tom Roger Aadland, Grethe Svensen og Kristin Sevaldsen korer.<\/p>\n<h4><\/h4>\n<p><h4><\/h4>\n<\/p>\n<p><\/p>","protected":false},"excerpt":{"rendered":"<p>Elin Furubotn feier 20-\u00e5rs jubileum med ny plate!<\/p>\n","protected":false},"featured_media":37562,"comment_status":"closed","ping_status":"open","template":"","meta":[],"product_brand":[],"product_cat":[6],"product_tag":[],"class_list":{"0":"post-37559","1":"product","2":"type-product","3":"status-publish","4":"has-post-thumbnail","6":"product_cat-grappa","7":"product_shipping_class-cddvd-shipping","8":"uni_artist_tag-elin-furubotn","9":"uni_main_artist_tag-elin-furubotn","10":"uni_artist_genre-norwegian-lyrics","11":"uni_artist_genre-pop","12":"uni_artist_genre-singersongwriter","14":"first","15":"instock","16":"taxable","17":"shipping-taxable","18":"purchasable","19":"product-type-variable","20":"has-default-attributes"},"_links":{"self":[{"href":"https:\/\/grappa.no\/no\/wp-json\/wp\/v2\/product\/37559","targetHints":{"allow":["GET"]}}],"collection":[{"href":"https:\/\/grappa.no\/no\/wp-json\/wp\/v2\/product"}],"about":[{"href":"https:\/\/grappa.no\/no\/wp-json\/wp\/v2\/types\/product"}],"replies":[{"embeddable":true,"href":"https:\/\/grappa.no\/no\/wp-json\/wp\/v2\/comments?post=37559"}],"wp:featuredmedia":[{"embeddable":true,"href":"https:\/\/grappa.no\/no\/wp-json\/wp\/v2\/media\/37562"}],"wp:attachment":[{"href":"https:\/\/grappa.no\/no\/wp-json\/wp\/v2\/media?parent=37559"}],"wp:term":[{"taxonomy":"product_brand","embeddable":true,"href":"https:\/\/grappa.no\/no\/wp-json\/wp\/v2\/product_brand?post=37559"},{"taxonomy":"product_cat","embeddable":true,"href":"https:\/\/grappa.no\/no\/wp-json\/wp\/v2\/product_cat?post=37559"},{"taxonomy":"product_tag","embeddable":true,"href":"https:\/\/grappa.no\/no\/wp-json\/wp\/v2\/product_tag?post=37559"}],"curies":[{"name":"wp","href":"https:\/\/api.w.org\/{rel}","templated":true}]}}