{"id":37555,"date":"2020-03-13T00:00:00","date_gmt":"2020-03-12T23:00:00","guid":{"rendered":"https:\/\/grappa.no\/no\/albums\/ukategorisert\/out-of-our-minds\/"},"modified":"2020-03-25T20:34:07","modified_gmt":"2020-03-25T19:34:07","slug":"out-of-our-minds","status":"publish","type":"product","link":"https:\/\/grappa.no\/no\/albums\/blue-mood-records\/out-of-our-minds\/","title":{"rendered":"Out of our minds"},"content":{"rendered":"<p><\/p>\n<p>Debutalbumet fra de norske americana-pionerene bak Trudy &amp; Dave.<\/p>\n<p>For americanaen har det virkelig v\u00e6rt snakk om en ny v\u00e5r de siste \u00e5rene; en sjanger som her til lands ble bygget opp av profilerte musikere som Claudia Scott, Hellbillies, Jonas Fjeld og flere. Her stod ogs\u00e5 Johanna Demker og Alf Bretteville-Jensen st\u00f8tt, og deres blomstrende samarbeid som Trudy &amp; Dave viser at det er noe de for alvor fortsatt gj\u00f8r.<br \/>\nOut of Our Minds inneholder individuelle komposisjoner og en del felleskrevet materiale, og presenteres i bandformat med kollegaer fra \u00f8verste musikalske hylle; Tomas Pettersen (trommer), Magnus Berg (gitar), Bj\u00f8rn Berge (slide), Olav Torgeir Kopsland (div. strenger) Bo Dundic Berg (bass) og Eivind Kl\u00f8ver\u00f8d (perkusjon). Dette resulterer i en plate som burde glede ethvert dunkende americana-hjerte der ute!<\/p>\n<p><!--more--><\/p>\n<p>Debutalbumet fra de norske americana-pionerene bak Trudy &amp; Dave.<\/p>\n<h4><\/h4>\n<p>Out of Our Minds inneholder individuelle komposisjoner og en del felleskrevet materiale, og presenteres i bandformat med kollegaer fra \u00f8verste musikalske hylle; Tomas Pettersen (trommer), Magnus Berg (gitar), Bj\u00f8rn Berge (slide), Olav Torgeir Kopsland (div. strenger) Bo Dundic Berg (bass) og Eivind Kl\u00f8ver\u00f8d (perkusjon). Dette resulterer i en plate som burde glede ethvert dunkende americana-hjerte der ute!<\/p>\n<p>Alf og Johanna har begge flere utgivelser ute i egne navn, og mange vil i tillegg kjenne dem igjen som l\u00e5tskrivere p\u00e5 hit-utgivelser i Europa og S\u00f8r-Amerika. Med l\u00e5tskriving som kjernen av deres musikalske virke, har de begge en n\u00e6r forkj\u00e6rlighet for gode, relevante tekster og i\u00f8refallende melodier. De har dessuten begge v\u00e6rt sentrale i l\u00e5tskriverprosjektet RAUS, sammen med Amund Maarud, Jace Everett, Nordgarden, Elg, Jeff Wasserman, Asle Beck og Tove B\u00f8ygard, m.fl. I november opptr\u00e5dte de ogs\u00e5 i \u00e6rverdige Royal Albert Hall i London under Norwegian Blues Adventure.<\/p>\n<h4><\/h4>\n<p><h4><\/h4>\n<\/p>\n<p><\/p>","protected":false},"excerpt":{"rendered":"<p>Debutalbumet fra de norske americana-pionerene bak Trudy &amp; Dave.<\/p>\n","protected":false},"featured_media":37556,"comment_status":"closed","ping_status":"open","template":"","meta":[],"product_brand":[],"product_cat":[51],"product_tag":[],"class_list":{"0":"post-37555","1":"product","2":"type-product","3":"status-publish","4":"has-post-thumbnail","6":"product_cat-blue-mood-records","7":"product_shipping_class-cddvd-shipping","8":"uni_artist_tag-alf-brettville-jensen","9":"uni_artist_tag-georg-storhaug","10":"uni_artist_tag-jace-everett","11":"uni_artist_tag-johanna-demker","12":"uni_artist_tag-john-hiatt","13":"uni_artist_tag-trudy-dave","14":"uni_main_artist_tag-trudy-dave","15":"uni_artist_genre-americana","16":"uni_artist_genre-blues","17":"uni_artist_genre-country","19":"first","20":"instock","21":"taxable","22":"shipping-taxable","23":"purchasable","24":"product-type-simple"},"_links":{"self":[{"href":"https:\/\/grappa.no\/no\/wp-json\/wp\/v2\/product\/37555","targetHints":{"allow":["GET"]}}],"collection":[{"href":"https:\/\/grappa.no\/no\/wp-json\/wp\/v2\/product"}],"about":[{"href":"https:\/\/grappa.no\/no\/wp-json\/wp\/v2\/types\/product"}],"replies":[{"embeddable":true,"href":"https:\/\/grappa.no\/no\/wp-json\/wp\/v2\/comments?post=37555"}],"wp:featuredmedia":[{"embeddable":true,"href":"https:\/\/grappa.no\/no\/wp-json\/wp\/v2\/media\/37556"}],"wp:attachment":[{"href":"https:\/\/grappa.no\/no\/wp-json\/wp\/v2\/media?parent=37555"}],"wp:term":[{"taxonomy":"product_brand","embeddable":true,"href":"https:\/\/grappa.no\/no\/wp-json\/wp\/v2\/product_brand?post=37555"},{"taxonomy":"product_cat","embeddable":true,"href":"https:\/\/grappa.no\/no\/wp-json\/wp\/v2\/product_cat?post=37555"},{"taxonomy":"product_tag","embeddable":true,"href":"https:\/\/grappa.no\/no\/wp-json\/wp\/v2\/product_tag?post=37555"}],"curies":[{"name":"wp","href":"https:\/\/api.w.org\/{rel}","templated":true}]}}