{"id":37552,"date":"2020-03-20T00:00:00","date_gmt":"2020-03-19T23:00:00","guid":{"rendered":"https:\/\/grappa.no\/no\/albums\/ukategorisert\/spellstenen\/"},"modified":"2020-03-30T14:34:07","modified_gmt":"2020-03-30T13:34:07","slug":"spellstenen","status":"publish","type":"product","link":"https:\/\/grappa.no\/no\/albums\/heilo\/spellstenen\/","title":{"rendered":"Spellstenen"},"content":{"rendered":"<p><\/p>\n<p>Jazz og folkemusikk, myntet p\u00e5 b\u00e5de store og sm\u00e5! <\/p>\n<p>Eli Storbekken og Sigurd Hole er endelig tilbake med ny plate som kombinerer jazz og folkemusikk, myntet p\u00e5 b\u00e5de store og sm\u00e5! <\/p>\n<p>Dette er en plate hele familien vil elske. Ved f\u00f8rste lytt blir man dratt inn i et herlig univers av gode melodier fra b\u00e5de trekkspill, munnharpe, kontrabass og naturens egne instrumenter som tre og stein.<br \/>\n\u201cHar du tenkt p\u00e5 hva slags musikk som kommer ut av en stein?\u201d Sier Eli. \u00abTittelen Spellstenen kommer fra stenen hvor min far Egil Storbekken tilbrakte mange sommerkvelder med fl\u00f8yta si. N\u00e5r han hadde tid, satt han p\u00e5 stenen og improviserte og komponerte nye melodier p\u00e5 fl\u00f8yte og seljefl\u00f8yte. P\u00e5 kveldene kunne vi \u00abungan\u00bb sovne til vare toner og fine melodier i v\u00e5r barndoms setergrend S\u00f8lj\u00e5sen.\u00bb  <\/p>\n<p>Eli Storbekken har lenge v\u00e6rt sentral i den norske folkemusikken og visetradisjonen, og sammen med Sigurd Hole, som regnes som en av Norges fremste jazzmusikere, klarer de \u00e5 fortrylle enhver med den nye platen. Med st\u00f8dige musikere i ryggen, som Frode Haltli og Terje Isungset blir vi servert et knippe b\u00e5nsuller og tradisjonelle viser fra Hedmark som Eli har samlet og tatt vare p\u00e5 gjennom et langt liv. I tillegg til dette har Sigurd komponert noen helt nye melodier til tekster av Bj\u00f8rn \u00d8yan og Martin Vestlien, og med temaer som omfatter alt fra kj\u00e6rlighet, godnattsanger og gjeterviser vil enhver f\u00e5 glede av den nye platen ved f\u00f8rste lytt.<\/p>\n<p><!--more--><\/p>\n<p>Eli Storbekken og Sigurd Hole er endelig tilbake med ny plate som kombinerer jazz og folkemusikk, myntet p\u00e5 b\u00e5de store og sm\u00e5!  Dette er en plate hele familien vil elske. Ved f\u00f8rste lytt blir man dratt inn i et herlig univers av gode melodier fra b\u00e5de trekkspill, munnharpe, kontrabass og naturens egne instrumenter som tre og stein.<\/p>\n<h4><\/h4>\n<p>Eli Storbekken har lenge v\u00e6rt sentral i den norske folkemusikken og visetradisjonen, og sammen med Sigurd Hole, som regnes som en av Norges fremste jazzmusikere, klarer de \u00e5 fortrylle enhver med den nye platen. Med st\u00f8dige musikere i ryggen, som Frode Haltli og Terje Isungset blir vi servert et knippe b\u00e5nsuller og tradisjonelle viser fra Hedmark som Eli har samlet og tatt vare p\u00e5 gjennom et langt liv. I tillegg til dette har Sigurd komponert noen helt nye melodier til tekster av Bj\u00f8rn \u00d8yan og Martin Vestlien, og med temaer som omfatter alt fra kj\u00e6rlighet, godnattsanger og gjeterviser vil enhver f\u00e5 glede av den nye platen ved f\u00f8rste lytt.<\/p>\n<h4><\/h4>\n<p><h4><\/h4>\n<\/p>\n<p><\/p>","protected":false},"excerpt":{"rendered":"<p>Eli Storbekken og Sigurd Hole, som regnes som en av Norges fremste jazzmusikere, klarer \u00e5 fortrylle enhver med den nye platen.<\/p>\n","protected":false},"featured_media":37553,"comment_status":"closed","ping_status":"open","template":"","meta":[],"product_brand":[],"product_cat":[35],"product_tag":[],"class_list":{"0":"post-37552","1":"product","2":"type-product","3":"status-publish","4":"has-post-thumbnail","6":"product_cat-heilo","7":"product_shipping_class-cddvd-shipping","8":"uni_artist_tag-eli-storbekken","9":"uni_artist_tag-frode-haltli","10":"uni_artist_tag-sigurd-hole","11":"uni_artist_tag-terje-isungset","12":"uni_artist_tag-trad","13":"uni_main_artist_tag-eli-storbekken","14":"uni_artist_genre-folk-music","15":"uni_artist_genre-jazz","16":"uni_artist_genre-traditional","18":"first","19":"instock","20":"taxable","21":"shipping-taxable","22":"purchasable","23":"product-type-simple"},"_links":{"self":[{"href":"https:\/\/grappa.no\/no\/wp-json\/wp\/v2\/product\/37552","targetHints":{"allow":["GET"]}}],"collection":[{"href":"https:\/\/grappa.no\/no\/wp-json\/wp\/v2\/product"}],"about":[{"href":"https:\/\/grappa.no\/no\/wp-json\/wp\/v2\/types\/product"}],"replies":[{"embeddable":true,"href":"https:\/\/grappa.no\/no\/wp-json\/wp\/v2\/comments?post=37552"}],"wp:featuredmedia":[{"embeddable":true,"href":"https:\/\/grappa.no\/no\/wp-json\/wp\/v2\/media\/37553"}],"wp:attachment":[{"href":"https:\/\/grappa.no\/no\/wp-json\/wp\/v2\/media?parent=37552"}],"wp:term":[{"taxonomy":"product_brand","embeddable":true,"href":"https:\/\/grappa.no\/no\/wp-json\/wp\/v2\/product_brand?post=37552"},{"taxonomy":"product_cat","embeddable":true,"href":"https:\/\/grappa.no\/no\/wp-json\/wp\/v2\/product_cat?post=37552"},{"taxonomy":"product_tag","embeddable":true,"href":"https:\/\/grappa.no\/no\/wp-json\/wp\/v2\/product_tag?post=37552"}],"curies":[{"name":"wp","href":"https:\/\/api.w.org\/{rel}","templated":true}]}}